{"id":3685,"date":"2025-05-17T10:05:34","date_gmt":"2025-05-17T08:05:34","guid":{"rendered":"https:\/\/eliasocialclub.com\/proizvod\/short-pilates-socks\/"},"modified":"2025-11-21T16:31:25","modified_gmt":"2025-11-21T15:31:25","slug":"short-pilates-socks","status":"publish","type":"product","link":"https:\/\/eliasocialclub.com\/sr\/proizvod\/short-pilates-socks\/","title":{"rendered":"Short Pilates Socks"},"content":{"rendered":"<p><strong>Short Pilates Socks<\/strong><\/p>\n<p>Kratke pilates \u010darape dizajnirane za stabilnost i udobnost pri svakom pokretu. Zahvaljuju\u0107i neklizaju\u0107em sloju i mekom, rastegljivom materijalu, pru\u017eaju siguran oslonac na podlozi, a pritom ostaju lagane i prozra\u010dne. Savr\u0161ene su za pilates, jogu ili druge vrste treninga.<\/p>\n<p>&nbsp;<\/p>\n","protected":false},"excerpt":{"rendered":"<p>Short Pilates Socks Kratke pilates \u010darape dizajnirane za stabilnost i udobnost pri svakom pokretu. Zahvaljuju\u0107i neklizaju\u0107em sloju i mekom, rastegljivom materijalu, pru\u017eaju siguran oslonac na podlozi, a pritom ostaju lagane i prozra\u010dne. Savr\u0161ene su za pilates, jogu ili druge vrste treninga. &nbsp;<\/p>\n","protected":false},"featured_media":2173,"comment_status":"open","ping_status":"closed","template":"","meta":{"_acf_changed":false,"_seopress_robots_primary_cat":"none","_seopress_titles_title":"","_seopress_titles_desc":"","_seopress_robots_index":""},"product_brand":[],"product_cat":[178,180,144],"product_tag":[],"class_list":{"0":"post-3685","1":"product","2":"type-product","3":"status-publish","4":"has-post-thumbnail","6":"product_cat-accessories","7":"product_cat-socks","8":"product_cat-women-sr","10":"first","11":"instock","12":"shipping-taxable","13":"purchasable","14":"product-type-variable","15":"has-default-attributes"},"acf":[],"_links":{"self":[{"href":"https:\/\/eliasocialclub.com\/sr\/wp-json\/wp\/v2\/product\/3685","targetHints":{"allow":["GET"]}}],"collection":[{"href":"https:\/\/eliasocialclub.com\/sr\/wp-json\/wp\/v2\/product"}],"about":[{"href":"https:\/\/eliasocialclub.com\/sr\/wp-json\/wp\/v2\/types\/product"}],"replies":[{"embeddable":true,"href":"https:\/\/eliasocialclub.com\/sr\/wp-json\/wp\/v2\/comments?post=3685"}],"wp:featuredmedia":[{"embeddable":true,"href":"https:\/\/eliasocialclub.com\/sr\/wp-json\/wp\/v2\/media\/2173"}],"wp:attachment":[{"href":"https:\/\/eliasocialclub.com\/sr\/wp-json\/wp\/v2\/media?parent=3685"}],"wp:term":[{"taxonomy":"product_brand","embeddable":true,"href":"https:\/\/eliasocialclub.com\/sr\/wp-json\/wp\/v2\/product_brand?post=3685"},{"taxonomy":"product_cat","embeddable":true,"href":"https:\/\/eliasocialclub.com\/sr\/wp-json\/wp\/v2\/product_cat?post=3685"},{"taxonomy":"product_tag","embeddable":true,"href":"https:\/\/eliasocialclub.com\/sr\/wp-json\/wp\/v2\/product_tag?post=3685"}],"curies":[{"name":"wp","href":"https:\/\/api.w.org\/{rel}","templated":true}]}}