{"id":3684,"date":"2025-07-23T10:43:16","date_gmt":"2025-07-23T08:43:16","guid":{"rendered":"https:\/\/eliasocialclub.com\/proizvod\/pilates-tote-bag-the-pilates-class-ceger\/"},"modified":"2026-02-05T09:36:27","modified_gmt":"2026-02-05T08:36:27","slug":"pilates-tote-bag-the-pilates-class-ceger","status":"publish","type":"product","link":"https:\/\/eliasocialclub.com\/sr\/proizvod\/pilates-tote-bag-the-pilates-class-ceger\/","title":{"rendered":"Pilates Tote Bag &#8222;The Pilates Class&#8220; Ceger"},"content":{"rendered":"<p>Pilates Tote Bag &#8222;The Pilates Class&#8220; Ceger<\/p>\n<p>Prakti\u010dan ceger za svaki dan, savr\u0161en za kupovinu, trening, \u0161etnje ili no\u0161enje osnovnih stvari. Lagan, izdr\u017eljiv i jednostavan za kombinovanje sa bilo kojom odevnom kombinacijom, ovaj ceger postaje tvoj svakodnevni saveznik.<\/p>\n","protected":false},"excerpt":{"rendered":"<p>Pilates Tote Bag &#8222;The Pilates Class&#8220; Ceger Prakti\u010dan ceger za svaki dan, savr\u0161en za kupovinu, trening, \u0161etnje ili no\u0161enje osnovnih stvari. Lagan, izdr\u017eljiv i jednostavan za kombinovanje sa bilo kojom odevnom kombinacijom, ovaj ceger postaje tvoj svakodnevni saveznik.<\/p>\n","protected":false},"featured_media":2257,"comment_status":"open","ping_status":"closed","template":"","meta":{"_acf_changed":false,"_seopress_robots_primary_cat":"none","_seopress_titles_title":"","_seopress_titles_desc":"","_seopress_robots_index":""},"product_brand":[],"product_cat":[178,179,144],"product_tag":[],"class_list":{"0":"post-3684","1":"product","2":"type-product","3":"status-publish","4":"has-post-thumbnail","6":"product_cat-accessories","7":"product_cat-bags","8":"product_cat-women-sr","10":"first","11":"outofstock","12":"shipping-taxable","13":"purchasable","14":"product-type-simple"},"acf":[],"_links":{"self":[{"href":"https:\/\/eliasocialclub.com\/sr\/wp-json\/wp\/v2\/product\/3684","targetHints":{"allow":["GET"]}}],"collection":[{"href":"https:\/\/eliasocialclub.com\/sr\/wp-json\/wp\/v2\/product"}],"about":[{"href":"https:\/\/eliasocialclub.com\/sr\/wp-json\/wp\/v2\/types\/product"}],"replies":[{"embeddable":true,"href":"https:\/\/eliasocialclub.com\/sr\/wp-json\/wp\/v2\/comments?post=3684"}],"wp:featuredmedia":[{"embeddable":true,"href":"https:\/\/eliasocialclub.com\/sr\/wp-json\/wp\/v2\/media\/2257"}],"wp:attachment":[{"href":"https:\/\/eliasocialclub.com\/sr\/wp-json\/wp\/v2\/media?parent=3684"}],"wp:term":[{"taxonomy":"product_brand","embeddable":true,"href":"https:\/\/eliasocialclub.com\/sr\/wp-json\/wp\/v2\/product_brand?post=3684"},{"taxonomy":"product_cat","embeddable":true,"href":"https:\/\/eliasocialclub.com\/sr\/wp-json\/wp\/v2\/product_cat?post=3684"},{"taxonomy":"product_tag","embeddable":true,"href":"https:\/\/eliasocialclub.com\/sr\/wp-json\/wp\/v2\/product_tag?post=3684"}],"curies":[{"name":"wp","href":"https:\/\/api.w.org\/{rel}","templated":true}]}}