{"id":3645,"date":"2025-09-07T19:45:27","date_gmt":"2025-09-07T17:45:27","guid":{"rendered":"https:\/\/eliasocialclub.com\/proizvod\/air-compress-shorts\/"},"modified":"2025-12-22T16:11:40","modified_gmt":"2025-12-22T15:11:40","slug":"air-compress-shorts","status":"publish","type":"product","link":"https:\/\/eliasocialclub.com\/sr\/proizvod\/air-compress-shorts\/","title":{"rendered":"Air Compress Shorts"},"content":{"rendered":"<p><strong>Air Compress Shorts\u00a0<\/strong><\/p>\n<p>Kompresivne \u0161ortsevi koji mogu da se nose kao donji sloj ili samostalni komad za trening. Pru\u017eaju podr\u0161ku, fleksibilnost i sigurnost, sa elasti\u010dnim pojasom za svaki trening.<\/p>\n","protected":false},"excerpt":{"rendered":"<p>Air Compress Shorts\u00a0 Kompresivne \u0161ortsevi koji mogu da se nose kao donji sloj ili samostalni komad za trening. Pru\u017eaju podr\u0161ku, fleksibilnost i sigurnost, sa elasti\u010dnim pojasom za svaki trening.<\/p>\n","protected":false},"featured_media":2643,"comment_status":"open","ping_status":"closed","template":"","meta":{"_acf_changed":false,"_seopress_robots_primary_cat":"none","_seopress_titles_title":"","_seopress_titles_desc":"","_seopress_robots_index":""},"product_brand":[],"product_cat":[177,174],"product_tag":[],"class_list":{"0":"post-3645","1":"product","2":"type-product","3":"status-publish","4":"has-post-thumbnail","6":"product_cat-bottoms","7":"product_cat-men","9":"first","10":"instock","11":"sale","12":"shipping-taxable","13":"purchasable","14":"product-type-variable","15":"has-default-attributes"},"acf":[],"_links":{"self":[{"href":"https:\/\/eliasocialclub.com\/sr\/wp-json\/wp\/v2\/product\/3645","targetHints":{"allow":["GET"]}}],"collection":[{"href":"https:\/\/eliasocialclub.com\/sr\/wp-json\/wp\/v2\/product"}],"about":[{"href":"https:\/\/eliasocialclub.com\/sr\/wp-json\/wp\/v2\/types\/product"}],"replies":[{"embeddable":true,"href":"https:\/\/eliasocialclub.com\/sr\/wp-json\/wp\/v2\/comments?post=3645"}],"wp:featuredmedia":[{"embeddable":true,"href":"https:\/\/eliasocialclub.com\/sr\/wp-json\/wp\/v2\/media\/2643"}],"wp:attachment":[{"href":"https:\/\/eliasocialclub.com\/sr\/wp-json\/wp\/v2\/media?parent=3645"}],"wp:term":[{"taxonomy":"product_brand","embeddable":true,"href":"https:\/\/eliasocialclub.com\/sr\/wp-json\/wp\/v2\/product_brand?post=3645"},{"taxonomy":"product_cat","embeddable":true,"href":"https:\/\/eliasocialclub.com\/sr\/wp-json\/wp\/v2\/product_cat?post=3645"},{"taxonomy":"product_tag","embeddable":true,"href":"https:\/\/eliasocialclub.com\/sr\/wp-json\/wp\/v2\/product_tag?post=3645"}],"curies":[{"name":"wp","href":"https:\/\/api.w.org\/{rel}","templated":true}]}}