{"id":3639,"date":"2025-09-07T19:45:56","date_gmt":"2025-09-07T17:45:56","guid":{"rendered":"https:\/\/eliasocialclub.com\/proizvod\/air-compress-tights\/"},"modified":"2025-12-22T16:11:15","modified_gmt":"2025-12-22T15:11:15","slug":"air-compress-tights","status":"publish","type":"product","link":"https:\/\/eliasocialclub.com\/sr\/proizvod\/air-compress-tights\/","title":{"rendered":"Air Compress Tights"},"content":{"rendered":"<p><strong>Air Compress Tights\u00a0<\/strong><\/p>\n<p>Helanke pune du\u017eine sa kompresivnim krojem, kreirane za izdr\u017eljivost. Oblikuju telo, pru\u017eaju stabilnost i osna\u017euju \u2014 bilo da trenira\u0161 u teretani ili tr\u010di\u0161 napolju, omogu\u0107avaju ti da se kre\u0107e\u0161 sa samopouzdanjem.<\/p>\n","protected":false},"excerpt":{"rendered":"<p>Air Compress Tights\u00a0 Helanke pune du\u017eine sa kompresivnim krojem, kreirane za izdr\u017eljivost. Oblikuju telo, pru\u017eaju stabilnost i osna\u017euju \u2014 bilo da trenira\u0161 u teretani ili tr\u010di\u0161 napolju, omogu\u0107avaju ti da se kre\u0107e\u0161 sa samopouzdanjem.<\/p>\n","protected":false},"featured_media":2619,"comment_status":"open","ping_status":"closed","template":"","meta":{"_acf_changed":false,"_seopress_robots_primary_cat":"none","_seopress_titles_title":"","_seopress_titles_desc":"","_seopress_robots_index":""},"product_brand":[],"product_cat":[177,174],"product_tag":[],"class_list":{"0":"post-3639","1":"product","2":"type-product","3":"status-publish","4":"has-post-thumbnail","6":"product_cat-bottoms","7":"product_cat-men","9":"first","10":"instock","11":"sale","12":"shipping-taxable","13":"purchasable","14":"product-type-variable","15":"has-default-attributes"},"acf":[],"_links":{"self":[{"href":"https:\/\/eliasocialclub.com\/sr\/wp-json\/wp\/v2\/product\/3639","targetHints":{"allow":["GET"]}}],"collection":[{"href":"https:\/\/eliasocialclub.com\/sr\/wp-json\/wp\/v2\/product"}],"about":[{"href":"https:\/\/eliasocialclub.com\/sr\/wp-json\/wp\/v2\/types\/product"}],"replies":[{"embeddable":true,"href":"https:\/\/eliasocialclub.com\/sr\/wp-json\/wp\/v2\/comments?post=3639"}],"wp:featuredmedia":[{"embeddable":true,"href":"https:\/\/eliasocialclub.com\/sr\/wp-json\/wp\/v2\/media\/2619"}],"wp:attachment":[{"href":"https:\/\/eliasocialclub.com\/sr\/wp-json\/wp\/v2\/media?parent=3639"}],"wp:term":[{"taxonomy":"product_brand","embeddable":true,"href":"https:\/\/eliasocialclub.com\/sr\/wp-json\/wp\/v2\/product_brand?post=3639"},{"taxonomy":"product_cat","embeddable":true,"href":"https:\/\/eliasocialclub.com\/sr\/wp-json\/wp\/v2\/product_cat?post=3639"},{"taxonomy":"product_tag","embeddable":true,"href":"https:\/\/eliasocialclub.com\/sr\/wp-json\/wp\/v2\/product_tag?post=3639"}],"curies":[{"name":"wp","href":"https:\/\/api.w.org\/{rel}","templated":true}]}}