{"id":3634,"date":"2025-09-07T19:49:50","date_gmt":"2025-09-07T17:49:50","guid":{"rendered":"https:\/\/eliasocialclub.com\/proizvod\/air-compress-longsleeve\/"},"modified":"2025-11-20T13:43:07","modified_gmt":"2025-11-20T12:43:07","slug":"air-compress-longsleeve","status":"publish","type":"product","link":"https:\/\/eliasocialclub.com\/sr\/proizvod\/air-compress-longsleeve\/","title":{"rendered":"Air Compress Longsleeve"},"content":{"rendered":"<p><strong>Air Compress Longsleeve<\/strong><\/p>\n<p>Majica dugih rukava visokih performansi sa kompresivnim krojem i naprednom prozra\u010dno\u0161\u0107u. Savr\u0161ena za hladnije uslove ili za slojevito no\u0161enje, pru\u017ea podr\u0161ku mi\u0161i\u0107ima i udobnost tokom celog dana.<\/p>\n","protected":false},"excerpt":{"rendered":"<p>Air Compress Longsleeve Majica dugih rukava visokih performansi sa kompresivnim krojem i naprednom prozra\u010dno\u0161\u0107u. Savr\u0161ena za hladnije uslove ili za slojevito no\u0161enje, pru\u017ea podr\u0161ku mi\u0161i\u0107ima i udobnost tokom celog dana.<\/p>\n","protected":false},"featured_media":2619,"comment_status":"open","ping_status":"closed","template":"","meta":{"_acf_changed":false,"_seopress_robots_primary_cat":"none","_seopress_titles_title":"","_seopress_titles_desc":"","_seopress_robots_index":""},"product_brand":[],"product_cat":[174,175],"product_tag":[],"class_list":{"0":"post-3634","1":"product","2":"type-product","3":"status-publish","4":"has-post-thumbnail","6":"product_cat-men","7":"product_cat-shirts","9":"first","10":"instock","11":"shipping-taxable","12":"purchasable","13":"product-type-variable","14":"has-default-attributes"},"acf":[],"_links":{"self":[{"href":"https:\/\/eliasocialclub.com\/sr\/wp-json\/wp\/v2\/product\/3634","targetHints":{"allow":["GET"]}}],"collection":[{"href":"https:\/\/eliasocialclub.com\/sr\/wp-json\/wp\/v2\/product"}],"about":[{"href":"https:\/\/eliasocialclub.com\/sr\/wp-json\/wp\/v2\/types\/product"}],"replies":[{"embeddable":true,"href":"https:\/\/eliasocialclub.com\/sr\/wp-json\/wp\/v2\/comments?post=3634"}],"wp:featuredmedia":[{"embeddable":true,"href":"https:\/\/eliasocialclub.com\/sr\/wp-json\/wp\/v2\/media\/2619"}],"wp:attachment":[{"href":"https:\/\/eliasocialclub.com\/sr\/wp-json\/wp\/v2\/media?parent=3634"}],"wp:term":[{"taxonomy":"product_brand","embeddable":true,"href":"https:\/\/eliasocialclub.com\/sr\/wp-json\/wp\/v2\/product_brand?post=3634"},{"taxonomy":"product_cat","embeddable":true,"href":"https:\/\/eliasocialclub.com\/sr\/wp-json\/wp\/v2\/product_cat?post=3634"},{"taxonomy":"product_tag","embeddable":true,"href":"https:\/\/eliasocialclub.com\/sr\/wp-json\/wp\/v2\/product_tag?post=3634"}],"curies":[{"name":"wp","href":"https:\/\/api.w.org\/{rel}","templated":true}]}}