{"id":3617,"date":"2025-09-07T19:50:22","date_gmt":"2025-09-07T17:50:22","guid":{"rendered":"https:\/\/eliasocialclub.com\/proizvod\/comfort-tank\/"},"modified":"2025-11-20T13:18:14","modified_gmt":"2025-11-20T12:18:14","slug":"comfort-tank","status":"publish","type":"product","link":"https:\/\/eliasocialclub.com\/sr\/proizvod\/comfort-tank\/","title":{"rendered":"Comfort Tank"},"content":{"rendered":"<p><strong>Comfort Tank\u00a0<\/strong><\/p>\n<p>Majica opu\u0161tenog kroja, kreirana za slobodu pokreta. Minimalisti\u010dki dizajn, mekani materijal i svestran stil \u010dine je idealnim izborom za trening ili svakodnevno no\u0161enje.<\/p>\n","protected":false},"excerpt":{"rendered":"<p>Comfort Tank\u00a0 Majica opu\u0161tenog kroja, kreirana za slobodu pokreta. Minimalisti\u010dki dizajn, mekani materijal i svestran stil \u010dine je idealnim izborom za trening ili svakodnevno no\u0161enje.<\/p>\n","protected":false},"featured_media":2556,"comment_status":"open","ping_status":"closed","template":"","meta":{"_acf_changed":false,"_seopress_robots_primary_cat":"none","_seopress_titles_title":"","_seopress_titles_desc":"","_seopress_robots_index":""},"product_brand":[],"product_cat":[174,175],"product_tag":[],"class_list":{"0":"post-3617","1":"product","2":"type-product","3":"status-publish","4":"has-post-thumbnail","6":"product_cat-men","7":"product_cat-shirts","9":"first","10":"instock","11":"shipping-taxable","12":"purchasable","13":"product-type-variable","14":"has-default-attributes"},"acf":[],"_links":{"self":[{"href":"https:\/\/eliasocialclub.com\/sr\/wp-json\/wp\/v2\/product\/3617","targetHints":{"allow":["GET"]}}],"collection":[{"href":"https:\/\/eliasocialclub.com\/sr\/wp-json\/wp\/v2\/product"}],"about":[{"href":"https:\/\/eliasocialclub.com\/sr\/wp-json\/wp\/v2\/types\/product"}],"replies":[{"embeddable":true,"href":"https:\/\/eliasocialclub.com\/sr\/wp-json\/wp\/v2\/comments?post=3617"}],"wp:featuredmedia":[{"embeddable":true,"href":"https:\/\/eliasocialclub.com\/sr\/wp-json\/wp\/v2\/media\/2556"}],"wp:attachment":[{"href":"https:\/\/eliasocialclub.com\/sr\/wp-json\/wp\/v2\/media?parent=3617"}],"wp:term":[{"taxonomy":"product_brand","embeddable":true,"href":"https:\/\/eliasocialclub.com\/sr\/wp-json\/wp\/v2\/product_brand?post=3617"},{"taxonomy":"product_cat","embeddable":true,"href":"https:\/\/eliasocialclub.com\/sr\/wp-json\/wp\/v2\/product_cat?post=3617"},{"taxonomy":"product_tag","embeddable":true,"href":"https:\/\/eliasocialclub.com\/sr\/wp-json\/wp\/v2\/product_tag?post=3617"}],"curies":[{"name":"wp","href":"https:\/\/api.w.org\/{rel}","templated":true}]}}