{"id":3511,"date":"2025-02-18T03:19:40","date_gmt":"2025-02-18T02:19:40","guid":{"rendered":"https:\/\/eliasocialclub.com\/proizvod\/serein-hoodie\/"},"modified":"2025-11-18T13:02:43","modified_gmt":"2025-11-18T12:02:43","slug":"serein-hoodie","status":"publish","type":"product","link":"https:\/\/eliasocialclub.com\/sr\/proizvod\/serein-hoodie\/","title":{"rendered":"&#8222;Serein&#8220; Hoodie"},"content":{"rendered":"<p><strong><em>&#8222;Serein&#8220; Hoodie<\/em><\/strong><\/p>\n<p><em>Spoj meko\u0107e, udobnosti i minimalizma.<br \/>\n<\/em>Na\u0161e dukserice kombinuju opu\u0161teni kroj i luksuznu, prijatnu tkaninu koja pru\u017ea ose\u0107aj lako\u0107e i udobnosti. Sa \u010distim linijama, blago spu\u0161tenim ramenima i pa\u017eljivo osmi\u0161ljenim detaljima, ove dukserice odi\u0161u diskretnim luksuzom i modernim, sofisticiranim stilom. Savr\u0161ene su za slojevito no\u0161enje nakon treninga, za \u0161etnju gradom ili opu\u0161tene trenutke kod ku\u0107e, redefini\u0161u\u0107i pojam udobnog, ali elegantnog komada.<\/p>\n<p data-start=\"46\" data-end=\"150\"><strong data-start=\"57\" data-end=\"72\">Idealno za:<\/strong> no\u0161enje u slojevima posle treninga ili za lako stilizovane svakodnevne kombinacije.<\/p>\n<p data-start=\"152\" data-end=\"203\"><strong data-start=\"152\" data-end=\"161\">Kroj:<\/strong> oversized, sa \u010distom, modernom linijom.<\/p>\n<p data-start=\"205\" data-end=\"302\"><strong data-start=\"205\" data-end=\"223\">Stilski savet:<\/strong> uparite je sa <strong><em data-start=\"238\" data-end=\"246\">Serein<\/em> trenerkom<\/strong> za kompletan, sofisticirani athleisure set.<\/p>\n<p data-start=\"304\" data-end=\"358\" data-is-last-node=\"\" data-is-only-node=\"\"><strong data-start=\"304\" data-end=\"318\">Materijal:<\/strong> 55% viskoza, 40% poliester, 5% elastan.<\/p>\n","protected":false},"excerpt":{"rendered":"<p>&#8222;Serein&#8220; Hoodie Spoj meko\u0107e, udobnosti i minimalizma. Na\u0161e dukserice kombinuju opu\u0161teni kroj i luksuznu, prijatnu tkaninu koja pru\u017ea ose\u0107aj lako\u0107e i udobnosti. Sa \u010distim linijama, blago spu\u0161tenim ramenima i pa\u017eljivo osmi\u0161ljenim detaljima, ove dukserice odi\u0161u diskretnim luksuzom i modernim, sofisticiranim stilom. Savr\u0161ene su za slojevito no\u0161enje nakon treninga, za \u0161etnju gradom ili opu\u0161tene trenutke kod [&hellip;]<\/p>\n","protected":false},"featured_media":1970,"comment_status":"open","ping_status":"closed","template":"","meta":{"_acf_changed":false,"_seopress_robots_primary_cat":"none","_seopress_titles_title":"","_seopress_titles_desc":"","_seopress_robots_index":""},"product_brand":[],"product_cat":[172,168,144],"product_tag":[],"class_list":{"0":"post-3511","1":"product","2":"type-product","3":"status-publish","4":"has-post-thumbnail","6":"product_cat-sweatshirts-hoodies","7":"product_cat-winter-collection","8":"product_cat-women-sr","10":"first","11":"instock","12":"sale","13":"shipping-taxable","14":"purchasable","15":"product-type-variable","16":"has-default-attributes"},"acf":[],"_links":{"self":[{"href":"https:\/\/eliasocialclub.com\/sr\/wp-json\/wp\/v2\/product\/3511","targetHints":{"allow":["GET"]}}],"collection":[{"href":"https:\/\/eliasocialclub.com\/sr\/wp-json\/wp\/v2\/product"}],"about":[{"href":"https:\/\/eliasocialclub.com\/sr\/wp-json\/wp\/v2\/types\/product"}],"replies":[{"embeddable":true,"href":"https:\/\/eliasocialclub.com\/sr\/wp-json\/wp\/v2\/comments?post=3511"}],"wp:featuredmedia":[{"embeddable":true,"href":"https:\/\/eliasocialclub.com\/sr\/wp-json\/wp\/v2\/media\/1970"}],"wp:attachment":[{"href":"https:\/\/eliasocialclub.com\/sr\/wp-json\/wp\/v2\/media?parent=3511"}],"wp:term":[{"taxonomy":"product_brand","embeddable":true,"href":"https:\/\/eliasocialclub.com\/sr\/wp-json\/wp\/v2\/product_brand?post=3511"},{"taxonomy":"product_cat","embeddable":true,"href":"https:\/\/eliasocialclub.com\/sr\/wp-json\/wp\/v2\/product_cat?post=3511"},{"taxonomy":"product_tag","embeddable":true,"href":"https:\/\/eliasocialclub.com\/sr\/wp-json\/wp\/v2\/product_tag?post=3511"}],"curies":[{"name":"wp","href":"https:\/\/api.w.org\/{rel}","templated":true}]}}