{"id":3507,"date":"2025-02-18T03:20:36","date_gmt":"2025-02-18T02:20:36","guid":{"rendered":"https:\/\/eliasocialclub.com\/proizvod\/serein-sweatpants-light-brown\/"},"modified":"2025-11-18T12:56:39","modified_gmt":"2025-11-18T11:56:39","slug":"serein-sweatpants-light-brown","status":"publish","type":"product","link":"https:\/\/eliasocialclub.com\/sr\/proizvod\/serein-sweatpants-light-brown\/","title":{"rendered":"&#8222;Serein&#8220; Sweatpants"},"content":{"rendered":"<p><strong><em>&#8222;Serein&#8220; Sweatpants<\/em><\/strong><\/p>\n<p><em>Udobne, sofisticirane i stvorene za svaki dan.<br \/>\n<\/em>Na\u0161e trenerke spajaju opu\u0161ten kroj i meku, kvalitetnu tkaninu koja pru\u017ea slobodu pokreta i ose\u0107aj lako\u0107e. Dizajnirane su tako da izgledaju elegantno i moderno, \u010dak i kada se nose u opu\u0161tenim prilikama, od jutarnjih \u0161etnji do laganih treninga ili dana kod ku\u0107e. Lako se kombinuju sa duksericama, topovima ili slojevitim komadima, omogu\u0107avaju\u0107i razne moderne i udobne kombinacije.<\/p>\n<p data-start=\"46\" data-end=\"126\"><strong data-start=\"46\" data-end=\"61\">Idealno za:<\/strong> dane putovanja, zagrevanje na treningu ili mirna jutra kod ku\u0107e.<\/p>\n<p data-start=\"128\" data-end=\"181\"><strong data-start=\"128\" data-end=\"137\">Kroj:<\/strong> opu\u0161teni, \u0161iroke nogavice, srednji struk.<\/p>\n<p data-start=\"183\" data-end=\"288\"><strong data-start=\"183\" data-end=\"201\">Stilski savet:<\/strong> uparite ih sa odgovaraju\u0107om <strong><em data-start=\"230\" data-end=\"238\">Serein<\/em> duksericom<\/strong> za monohromatski, upe\u010datljiv izgled.<\/p>\n<p data-start=\"290\" data-end=\"344\" data-is-last-node=\"\" data-is-only-node=\"\"><strong data-start=\"290\" data-end=\"304\">Materijal:<\/strong> 55% viskoza, 40% poliester, 5% elastan.<\/p>\n","protected":false},"excerpt":{"rendered":"<p>&#8222;Serein&#8220; Sweatpants Udobne, sofisticirane i stvorene za svaki dan. Na\u0161e trenerke spajaju opu\u0161ten kroj i meku, kvalitetnu tkaninu koja pru\u017ea slobodu pokreta i ose\u0107aj lako\u0107e. Dizajnirane su tako da izgledaju elegantno i moderno, \u010dak i kada se nose u opu\u0161tenim prilikama, od jutarnjih \u0161etnji do laganih treninga ili dana kod ku\u0107e. Lako se kombinuju sa [&hellip;]<\/p>\n","protected":false},"featured_media":1978,"comment_status":"open","ping_status":"closed","template":"","meta":{"_acf_changed":false,"_seopress_robots_primary_cat":"none","_seopress_titles_title":"","_seopress_titles_desc":"","_seopress_robots_index":""},"product_brand":[],"product_cat":[170,168,144],"product_tag":[],"class_list":{"0":"post-3507","1":"product","2":"type-product","3":"status-publish","4":"has-post-thumbnail","6":"product_cat-sweatpants","7":"product_cat-winter-collection","8":"product_cat-women-sr","10":"first","11":"instock","12":"sale","13":"shipping-taxable","14":"purchasable","15":"product-type-variable","16":"has-default-attributes"},"acf":[],"_links":{"self":[{"href":"https:\/\/eliasocialclub.com\/sr\/wp-json\/wp\/v2\/product\/3507","targetHints":{"allow":["GET"]}}],"collection":[{"href":"https:\/\/eliasocialclub.com\/sr\/wp-json\/wp\/v2\/product"}],"about":[{"href":"https:\/\/eliasocialclub.com\/sr\/wp-json\/wp\/v2\/types\/product"}],"replies":[{"embeddable":true,"href":"https:\/\/eliasocialclub.com\/sr\/wp-json\/wp\/v2\/comments?post=3507"}],"wp:featuredmedia":[{"embeddable":true,"href":"https:\/\/eliasocialclub.com\/sr\/wp-json\/wp\/v2\/media\/1978"}],"wp:attachment":[{"href":"https:\/\/eliasocialclub.com\/sr\/wp-json\/wp\/v2\/media?parent=3507"}],"wp:term":[{"taxonomy":"product_brand","embeddable":true,"href":"https:\/\/eliasocialclub.com\/sr\/wp-json\/wp\/v2\/product_brand?post=3507"},{"taxonomy":"product_cat","embeddable":true,"href":"https:\/\/eliasocialclub.com\/sr\/wp-json\/wp\/v2\/product_cat?post=3507"},{"taxonomy":"product_tag","embeddable":true,"href":"https:\/\/eliasocialclub.com\/sr\/wp-json\/wp\/v2\/product_tag?post=3507"}],"curies":[{"name":"wp","href":"https:\/\/api.w.org\/{rel}","templated":true}]}}