{"id":3504,"date":"2025-02-18T15:08:45","date_gmt":"2025-02-18T14:08:45","guid":{"rendered":"https:\/\/eliasocialclub.com\/proizvod\/classic-logo-t-shirt-elia-social-club\/"},"modified":"2026-02-05T09:36:52","modified_gmt":"2026-02-05T08:36:52","slug":"classic-logo-t-shirt-elia-social-club","status":"publish","type":"product","link":"https:\/\/eliasocialclub.com\/sr\/proizvod\/classic-logo-t-shirt-elia-social-club\/","title":{"rendered":"Classic Logo T-Shirt-Elia Social Club"},"content":{"rendered":"<p data-start=\"56\" data-end=\"280\"><strong><em>Classic Logo T-Shirt-Elia Social Club<\/em><\/strong><\/p>\n<p><em>Tvoji omiljeni statement komadi za opu\u0161tene dane.<br \/>\n<\/em>Na\u0161e majice kombinuju jednostavan kroj i meku strukturu koja pru\u017ea ose\u0107aj lako\u0107e i slobode pokreta. U izrazu spajaju opu\u0161tenost i prepoznatljiv Elia stil, \u010dine\u0107i ih savr\u0161enim izborom za trening, odmor ili svakodnevne aktivnosti. Izra\u0111ene od \u010distog pamuka, lako se kombinuju sa helankama, \u0161ortsevima ili trenerkom, dok njihov oversized kroj daje moderan izgled koji pristaje svakom stilu.<\/p>\n<p data-start=\"282\" data-end=\"407\"><strong data-start=\"282\" data-end=\"297\">Idealno za:<\/strong> zagrevanje, opu\u0161tanje posle treninga ili jednostavno za pokazivanje ljubavi prema omiljenom klubu.<\/p>\n<p data-start=\"409\" data-end=\"455\"><strong data-start=\"409\" data-end=\"418\">Kroj:<\/strong> opu\u0161teni, uniseks oversized model.<\/p>\n<p data-start=\"457\" data-end=\"558\"><strong data-start=\"457\" data-end=\"475\">Stilski savet:<\/strong> kombinujte sa \u0161ortsevima, suknjama ili preko sportskog topa za boxy-chic izgled.<\/p>\n<p data-start=\"560\" data-end=\"587\"><strong data-start=\"560\" data-end=\"574\">Materijal:<\/strong> 100% pamuk<\/p>\n<p data-start=\"589\" data-end=\"654\"><strong data-start=\"589\" data-end=\"598\">Boja:<\/strong> bela sa upe\u010datljivim crnim <strong><em data-start=\"626\" data-end=\"644\">Elia Social Club<\/em> <\/strong>printom<\/p>\n<p data-start=\"656\" data-end=\"678\" data-is-last-node=\"\" data-is-only-node=\"\"><strong data-start=\"656\" data-end=\"669\">Veli\u010dina:<\/strong> ONE SIZE<\/p>\n","protected":false},"excerpt":{"rendered":"<p>Classic Logo T-Shirt-Elia Social Club Tvoji omiljeni statement komadi za opu\u0161tene dane. Na\u0161e majice kombinuju jednostavan kroj i meku strukturu koja pru\u017ea ose\u0107aj lako\u0107e i slobode pokreta. U izrazu spajaju opu\u0161tenost i prepoznatljiv Elia stil, \u010dine\u0107i ih savr\u0161enim izborom za trening, odmor ili svakodnevne aktivnosti. Izra\u0111ene od \u010distog pamuka, lako se kombinuju sa helankama, \u0161ortsevima [&hellip;]<\/p>\n","protected":false},"featured_media":1997,"comment_status":"open","ping_status":"closed","template":"","meta":{"_acf_changed":false,"_seopress_robots_primary_cat":"none","_seopress_titles_title":"","_seopress_titles_desc":"","_seopress_robots_index":""},"product_brand":[],"product_cat":[169,144],"product_tag":[],"class_list":{"0":"post-3504","1":"product","2":"type-product","3":"status-publish","4":"has-post-thumbnail","6":"product_cat-t-shirts","7":"product_cat-women-sr","9":"first","10":"outofstock","11":"shipping-taxable","12":"purchasable","13":"product-type-simple"},"acf":[],"_links":{"self":[{"href":"https:\/\/eliasocialclub.com\/sr\/wp-json\/wp\/v2\/product\/3504","targetHints":{"allow":["GET"]}}],"collection":[{"href":"https:\/\/eliasocialclub.com\/sr\/wp-json\/wp\/v2\/product"}],"about":[{"href":"https:\/\/eliasocialclub.com\/sr\/wp-json\/wp\/v2\/types\/product"}],"replies":[{"embeddable":true,"href":"https:\/\/eliasocialclub.com\/sr\/wp-json\/wp\/v2\/comments?post=3504"}],"wp:featuredmedia":[{"embeddable":true,"href":"https:\/\/eliasocialclub.com\/sr\/wp-json\/wp\/v2\/media\/1997"}],"wp:attachment":[{"href":"https:\/\/eliasocialclub.com\/sr\/wp-json\/wp\/v2\/media?parent=3504"}],"wp:term":[{"taxonomy":"product_brand","embeddable":true,"href":"https:\/\/eliasocialclub.com\/sr\/wp-json\/wp\/v2\/product_brand?post=3504"},{"taxonomy":"product_cat","embeddable":true,"href":"https:\/\/eliasocialclub.com\/sr\/wp-json\/wp\/v2\/product_cat?post=3504"},{"taxonomy":"product_tag","embeddable":true,"href":"https:\/\/eliasocialclub.com\/sr\/wp-json\/wp\/v2\/product_tag?post=3504"}],"curies":[{"name":"wp","href":"https:\/\/api.w.org\/{rel}","templated":true}]}}