{"id":3500,"date":"2025-02-18T15:28:43","date_gmt":"2025-02-18T14:28:43","guid":{"rendered":"https:\/\/eliasocialclub.com\/proizvod\/classic-logo-t-shirt-pilates-is-my-secret-sauce\/"},"modified":"2025-11-18T13:05:13","modified_gmt":"2025-11-18T12:05:13","slug":"classic-logo-t-shirt-pilates-is-my-secret-sauce","status":"publish","type":"product","link":"https:\/\/eliasocialclub.com\/sr\/proizvod\/classic-logo-t-shirt-pilates-is-my-secret-sauce\/","title":{"rendered":"Classic Logo T-Shirt-Pilates is my secret sauce"},"content":{"rendered":"<p class=\"\" data-start=\"154\" data-end=\"417\"><em><strong>Classic Logo T-Shirt &#8211; Pilates is my secret sauce<\/strong><\/em><\/p>\n<p><em>Tvoji omiljeni statement komadi za opu\u0161tene dane.<br \/>\n<\/em>Na\u0161e majice kombinuju jednostavan kroj i meku strukturu koja pru\u017ea ose\u0107aj lako\u0107e i slobode pokreta. U izrazu spajaju opu\u0161tenost i prepoznatljiv Elia stil, \u010dine\u0107i ih savr\u0161enim izborom za trening, odmor ili svakodnevne aktivnosti. Izra\u0111ene od \u010distog pamuka, lako se kombinuju sa helankama, \u0161ortsevima ili trenerkom, dok njihov oversized kroj daje moderan izgled koji pristaje svakom stilu.<\/p>\n<p data-start=\"309\" data-end=\"381\"><strong data-start=\"309\" data-end=\"324\">Idealno za:<\/strong> dane odmora, odlazak na kafu.<\/p>\n<p data-start=\"383\" data-end=\"414\"><strong data-start=\"383\" data-end=\"392\">Kroj:<\/strong> oversized, uniseks.<\/p>\n<p data-start=\"416\" data-end=\"523\"><strong data-start=\"416\" data-end=\"434\">Stilski savet:<\/strong> uvu\u010dena u helanke ili no\u0161ena preko majice dugih rukava za opu\u0161ten i effortless izgled.<\/p>\n<p data-start=\"525\" data-end=\"552\"><strong data-start=\"525\" data-end=\"539\">Materijal:<\/strong> 100% pamuk<\/p>\n<p data-start=\"554\" data-end=\"605\" data-is-last-node=\"\" data-is-only-node=\"\"><strong data-start=\"554\" data-end=\"563\">Boja:<\/strong> bela sa prepoznatljivim burgundy printom.<\/p>\n","protected":false},"excerpt":{"rendered":"<p>Classic Logo T-Shirt &#8211; Pilates is my secret sauce Tvoji omiljeni statement komadi za opu\u0161tene dane. Na\u0161e majice kombinuju jednostavan kroj i meku strukturu koja pru\u017ea ose\u0107aj lako\u0107e i slobode pokreta. U izrazu spajaju opu\u0161tenost i prepoznatljiv Elia stil, \u010dine\u0107i ih savr\u0161enim izborom za trening, odmor ili svakodnevne aktivnosti. Izra\u0111ene od \u010distog pamuka, lako se [&hellip;]<\/p>\n","protected":false},"featured_media":2001,"comment_status":"open","ping_status":"closed","template":"","meta":{"_acf_changed":false,"_seopress_robots_primary_cat":"none","_seopress_titles_title":"","_seopress_titles_desc":"","_seopress_robots_index":""},"product_brand":[],"product_cat":[169,144],"product_tag":[],"class_list":{"0":"post-3500","1":"product","2":"type-product","3":"status-publish","4":"has-post-thumbnail","6":"product_cat-t-shirts","7":"product_cat-women-sr","9":"first","10":"outofstock","11":"shipping-taxable","12":"purchasable","13":"product-type-simple"},"acf":[],"_links":{"self":[{"href":"https:\/\/eliasocialclub.com\/sr\/wp-json\/wp\/v2\/product\/3500","targetHints":{"allow":["GET"]}}],"collection":[{"href":"https:\/\/eliasocialclub.com\/sr\/wp-json\/wp\/v2\/product"}],"about":[{"href":"https:\/\/eliasocialclub.com\/sr\/wp-json\/wp\/v2\/types\/product"}],"replies":[{"embeddable":true,"href":"https:\/\/eliasocialclub.com\/sr\/wp-json\/wp\/v2\/comments?post=3500"}],"wp:featuredmedia":[{"embeddable":true,"href":"https:\/\/eliasocialclub.com\/sr\/wp-json\/wp\/v2\/media\/2001"}],"wp:attachment":[{"href":"https:\/\/eliasocialclub.com\/sr\/wp-json\/wp\/v2\/media?parent=3500"}],"wp:term":[{"taxonomy":"product_brand","embeddable":true,"href":"https:\/\/eliasocialclub.com\/sr\/wp-json\/wp\/v2\/product_brand?post=3500"},{"taxonomy":"product_cat","embeddable":true,"href":"https:\/\/eliasocialclub.com\/sr\/wp-json\/wp\/v2\/product_cat?post=3500"},{"taxonomy":"product_tag","embeddable":true,"href":"https:\/\/eliasocialclub.com\/sr\/wp-json\/wp\/v2\/product_tag?post=3500"}],"curies":[{"name":"wp","href":"https:\/\/api.w.org\/{rel}","templated":true}]}}