{"id":3485,"date":"2025-02-20T10:43:24","date_gmt":"2025-02-20T09:43:24","guid":{"rendered":"https:\/\/eliasocialclub.com\/proizvod\/noir-leggings\/"},"modified":"2025-12-22T15:04:09","modified_gmt":"2025-12-22T14:04:09","slug":"noir-leggings","status":"publish","type":"product","link":"https:\/\/eliasocialclub.com\/sr\/proizvod\/noir-leggings\/","title":{"rendered":"&#8222;Noir&#8220; Leggings"},"content":{"rendered":"<p><strong><em>&#8222;Noir&#8220; Leggings<\/em><\/strong><\/p>\n<p><em>Udobne, elasti\u010dne i savr\u0161eno prilago\u0111ene pokretu.<br \/>\n<\/em>Na\u0161e helanke donose sve\u017einu i jednostavan stil u tvoj svakodnevni look. Dizajnirane su tako da prate liniju tela i obezbede potpunu udobnost tokom ve\u017ebanja ili odmora. Glatka tkanina sa blagim efektom kompresije oblikuje siluetu, dok rastegljiv materijal omogu\u0107ava slobodu pokreta. Idealne su za pilates, trening, slobodno vreme ili slojevito obla\u010denje. Imaju udoban struk, du\u017einu do \u010dlanka i prijatu elasti\u010dnu tkaninu. Lako se kombinuju sa sportskim topom, majicom ili laganom ko\u0161uljom za \u010dist i moderan izgled.<\/p>\n<p data-start=\"39\" data-end=\"114\"><strong data-start=\"39\" data-end=\"54\">Idealno za:<\/strong> treninge u teretani, jogu ili svakodnevno no\u0161enje.<\/p>\n<p data-start=\"116\" data-end=\"179\"><strong data-start=\"116\" data-end=\"125\">Kroj:<\/strong> visok struk, du\u017eina do \u010dlanaka, oblikovana silueta.<\/p>\n<p data-start=\"181\" data-end=\"268\"><strong data-start=\"181\" data-end=\"199\">Stilski savet:<\/strong> upotpunite izgled <strong><em data-start=\"218\" data-end=\"230\">Cap Sleeve<\/em> majicom<\/strong> ili <strong><em data-start=\"243\" data-end=\"249\">Noir<\/em> sportskim topom<\/strong>.<\/p>\n<p data-start=\"270\" data-end=\"310\" data-is-last-node=\"\" data-is-only-node=\"\"><strong data-start=\"270\" data-end=\"284\">Materijal:<\/strong> 78% najlon, 22% spandeks.<\/p>\n","protected":false},"excerpt":{"rendered":"<p>&#8222;Noir&#8220; Leggings Udobne, elasti\u010dne i savr\u0161eno prilago\u0111ene pokretu. Na\u0161e helanke donose sve\u017einu i jednostavan stil u tvoj svakodnevni look. Dizajnirane su tako da prate liniju tela i obezbede potpunu udobnost tokom ve\u017ebanja ili odmora. Glatka tkanina sa blagim efektom kompresije oblikuje siluetu, dok rastegljiv materijal omogu\u0107ava slobodu pokreta. Idealne su za pilates, trening, slobodno vreme [&hellip;]<\/p>\n","protected":false},"featured_media":1924,"comment_status":"open","ping_status":"closed","template":"","meta":{"_acf_changed":false,"_seopress_robots_primary_cat":"none","_seopress_titles_title":"","_seopress_titles_desc":"","_seopress_robots_index":""},"product_brand":[],"product_cat":[145,144],"product_tag":[],"class_list":{"0":"post-3485","1":"product","2":"type-product","3":"status-publish","4":"has-post-thumbnail","6":"product_cat-activewear-sr","7":"product_cat-women-sr","9":"first","10":"outofstock","11":"sale","12":"shipping-taxable","13":"purchasable","14":"product-type-variable","15":"has-default-attributes"},"acf":[],"_links":{"self":[{"href":"https:\/\/eliasocialclub.com\/sr\/wp-json\/wp\/v2\/product\/3485","targetHints":{"allow":["GET"]}}],"collection":[{"href":"https:\/\/eliasocialclub.com\/sr\/wp-json\/wp\/v2\/product"}],"about":[{"href":"https:\/\/eliasocialclub.com\/sr\/wp-json\/wp\/v2\/types\/product"}],"replies":[{"embeddable":true,"href":"https:\/\/eliasocialclub.com\/sr\/wp-json\/wp\/v2\/comments?post=3485"}],"wp:featuredmedia":[{"embeddable":true,"href":"https:\/\/eliasocialclub.com\/sr\/wp-json\/wp\/v2\/media\/1924"}],"wp:attachment":[{"href":"https:\/\/eliasocialclub.com\/sr\/wp-json\/wp\/v2\/media?parent=3485"}],"wp:term":[{"taxonomy":"product_brand","embeddable":true,"href":"https:\/\/eliasocialclub.com\/sr\/wp-json\/wp\/v2\/product_brand?post=3485"},{"taxonomy":"product_cat","embeddable":true,"href":"https:\/\/eliasocialclub.com\/sr\/wp-json\/wp\/v2\/product_cat?post=3485"},{"taxonomy":"product_tag","embeddable":true,"href":"https:\/\/eliasocialclub.com\/sr\/wp-json\/wp\/v2\/product_tag?post=3485"}],"curies":[{"name":"wp","href":"https:\/\/api.w.org\/{rel}","templated":true}]}}