{"id":3477,"date":"2025-02-20T10:48:00","date_gmt":"2025-02-20T09:48:00","guid":{"rendered":"https:\/\/eliasocialclub.com\/proizvod\/noir-shorts\/"},"modified":"2025-12-22T15:01:56","modified_gmt":"2025-12-22T14:01:56","slug":"noir-shorts","status":"publish","type":"product","link":"https:\/\/eliasocialclub.com\/sr\/proizvod\/noir-shorts\/","title":{"rendered":"&#8222;Noir&#8220; Shorts"},"content":{"rendered":"<p><strong><em>&#8222;Noir&#8220; Shorts<\/em><\/strong><\/p>\n<p><em>Lagani, prozra\u010dni i stvoreni za pokret.<br \/>\n<\/em>Na\u0161i \u0161ortsevi kombinuju udobnost i moderan izgled, savr\u0161eni su za tople dane i aktivne trenutke. Elasti\u010dni materijal prijatno prati liniju tela i omogu\u0107ava lako kretanje, dok neutralni tonovi \u010dine da se lako kombinuju sa ostatkom garderobe. Idealni su za pilates, \u0161etnje, trening ili le\u017eerne kombinacije.<\/p>\n<p data-start=\"39\" data-end=\"109\"><strong data-start=\"39\" data-end=\"54\">Idealno za:<\/strong> trening snage, HIIT ve\u017ebe ili sun\u010dane \u0161etnje gradom.<\/p>\n<p data-start=\"111\" data-end=\"180\"><strong data-start=\"111\" data-end=\"120\">Kroj:<\/strong> visok struk, kompresivan ose\u0107aj, zakrivljen porub.<\/p>\n<p data-start=\"182\" data-end=\"287\"><strong data-start=\"182\" data-end=\"200\">Stilski savet:<\/strong> uparite ih sa <strong><em data-start=\"215\" data-end=\"221\">Noir<\/em> sportskim topom<\/strong> ili majicom sa kap rukavima za kompletiran set.<\/p>\n<p data-start=\"289\" data-end=\"329\" data-is-last-node=\"\" data-is-only-node=\"\"><strong data-start=\"289\" data-end=\"303\">Materijal:<\/strong> 78% najlon, 22% spandeks.<\/p>\n","protected":false},"excerpt":{"rendered":"<p>&#8222;Noir&#8220; Shorts Lagani, prozra\u010dni i stvoreni za pokret. Na\u0161i \u0161ortsevi kombinuju udobnost i moderan izgled, savr\u0161eni su za tople dane i aktivne trenutke. Elasti\u010dni materijal prijatno prati liniju tela i omogu\u0107ava lako kretanje, dok neutralni tonovi \u010dine da se lako kombinuju sa ostatkom garderobe. Idealni su za pilates, \u0161etnje, trening ili le\u017eerne kombinacije. Idealno za: [&hellip;]<\/p>\n","protected":false},"featured_media":1982,"comment_status":"open","ping_status":"closed","template":"","meta":{"_acf_changed":false,"_seopress_robots_primary_cat":"none","_seopress_titles_title":"","_seopress_titles_desc":"","_seopress_robots_index":""},"product_brand":[],"product_cat":[145,151,144],"product_tag":[],"class_list":{"0":"post-3477","1":"product","2":"type-product","3":"status-publish","4":"has-post-thumbnail","6":"product_cat-activewear-sr","7":"product_cat-shorts-sr","8":"product_cat-women-sr","10":"first","11":"instock","12":"sale","13":"shipping-taxable","14":"purchasable","15":"product-type-variable","16":"has-default-attributes"},"acf":[],"_links":{"self":[{"href":"https:\/\/eliasocialclub.com\/sr\/wp-json\/wp\/v2\/product\/3477","targetHints":{"allow":["GET"]}}],"collection":[{"href":"https:\/\/eliasocialclub.com\/sr\/wp-json\/wp\/v2\/product"}],"about":[{"href":"https:\/\/eliasocialclub.com\/sr\/wp-json\/wp\/v2\/types\/product"}],"replies":[{"embeddable":true,"href":"https:\/\/eliasocialclub.com\/sr\/wp-json\/wp\/v2\/comments?post=3477"}],"wp:featuredmedia":[{"embeddable":true,"href":"https:\/\/eliasocialclub.com\/sr\/wp-json\/wp\/v2\/media\/1982"}],"wp:attachment":[{"href":"https:\/\/eliasocialclub.com\/sr\/wp-json\/wp\/v2\/media?parent=3477"}],"wp:term":[{"taxonomy":"product_brand","embeddable":true,"href":"https:\/\/eliasocialclub.com\/sr\/wp-json\/wp\/v2\/product_brand?post=3477"},{"taxonomy":"product_cat","embeddable":true,"href":"https:\/\/eliasocialclub.com\/sr\/wp-json\/wp\/v2\/product_cat?post=3477"},{"taxonomy":"product_tag","embeddable":true,"href":"https:\/\/eliasocialclub.com\/sr\/wp-json\/wp\/v2\/product_tag?post=3477"}],"curies":[{"name":"wp","href":"https:\/\/api.w.org\/{rel}","templated":true}]}}