{"id":3470,"date":"2025-02-20T10:55:03","date_gmt":"2025-02-20T09:55:03","guid":{"rendered":"https:\/\/eliasocialclub.com\/proizvod\/noir-skirt\/"},"modified":"2025-12-22T15:02:41","modified_gmt":"2025-12-22T14:02:41","slug":"noir-skirt","status":"publish","type":"product","link":"https:\/\/eliasocialclub.com\/sr\/proizvod\/noir-skirt\/","title":{"rendered":"&#8222;Noir&#8220; Skirt"},"content":{"rendered":"<p><strong><em>&#8222;Noir&#8220; Skirt<\/em><\/strong><\/p>\n<p><em>\u017denstvena linija, savremena udobnost.<br \/>\n<\/em>Na\u0161e suknje kombinuju jednostavan kroj i besprekoran pad tkanine, stvaraju\u0107i siluetu koja se lako prilago\u0111ava svakom pokretu. Dizajnirane su da naglase prirodnu eleganciju i lako se uklapaju u sportske i svakodnevne kombinacije. Idealne su za trening lak\u0161eg inteziteta.<\/p>\n<p data-start=\"39\" data-end=\"148\"><strong data-start=\"39\" data-end=\"54\">Idealno za:<\/strong> padel, tenis, obavljanje dnevnih obaveza ili upareno sa omiljenim topom za le\u017eeran izlazak.<\/p>\n<p data-start=\"150\" data-end=\"237\"><strong data-start=\"150\" data-end=\"159\">Kroj:<\/strong> visok struk, unutra\u0161nji \u0161orts, du\u017eina do sredine butine sa bo\u010dnim prorezom.<\/p>\n<p data-start=\"239\" data-end=\"359\"><strong data-start=\"239\" data-end=\"257\">Stilski savet:<\/strong> kombinujte ga sa <strong><em data-start=\"275\" data-end=\"281\">Noir<\/em> sportskim topom<\/strong> ili majicom sa kap rukavima za potpun monohromatski izgled.<\/p>\n<p data-start=\"361\" data-end=\"401\" data-is-last-node=\"\" data-is-only-node=\"\"><strong data-start=\"361\" data-end=\"375\">Materijal:<\/strong> 78% najlon, 22% spandeks.<\/p>\n","protected":false},"excerpt":{"rendered":"<p>&#8222;Noir&#8220; Skirt \u017denstvena linija, savremena udobnost. Na\u0161e suknje kombinuju jednostavan kroj i besprekoran pad tkanine, stvaraju\u0107i siluetu koja se lako prilago\u0111ava svakom pokretu. Dizajnirane su da naglase prirodnu eleganciju i lako se uklapaju u sportske i svakodnevne kombinacije. Idealne su za trening lak\u0161eg inteziteta. Idealno za: padel, tenis, obavljanje dnevnih obaveza ili upareno sa omiljenim [&hellip;]<\/p>\n","protected":false},"featured_media":1932,"comment_status":"open","ping_status":"closed","template":"","meta":{"_acf_changed":false,"_seopress_robots_primary_cat":"none","_seopress_titles_title":"","_seopress_titles_desc":"","_seopress_robots_index":""},"product_brand":[],"product_cat":[145,157,144],"product_tag":[],"class_list":{"0":"post-3470","1":"product","2":"type-product","3":"status-publish","4":"has-post-thumbnail","6":"product_cat-activewear-sr","7":"product_cat-skirts-sr","8":"product_cat-women-sr","10":"first","11":"instock","12":"sale","13":"shipping-taxable","14":"purchasable","15":"product-type-variable","16":"has-default-attributes"},"acf":[],"_links":{"self":[{"href":"https:\/\/eliasocialclub.com\/sr\/wp-json\/wp\/v2\/product\/3470","targetHints":{"allow":["GET"]}}],"collection":[{"href":"https:\/\/eliasocialclub.com\/sr\/wp-json\/wp\/v2\/product"}],"about":[{"href":"https:\/\/eliasocialclub.com\/sr\/wp-json\/wp\/v2\/types\/product"}],"replies":[{"embeddable":true,"href":"https:\/\/eliasocialclub.com\/sr\/wp-json\/wp\/v2\/comments?post=3470"}],"wp:featuredmedia":[{"embeddable":true,"href":"https:\/\/eliasocialclub.com\/sr\/wp-json\/wp\/v2\/media\/1932"}],"wp:attachment":[{"href":"https:\/\/eliasocialclub.com\/sr\/wp-json\/wp\/v2\/media?parent=3470"}],"wp:term":[{"taxonomy":"product_brand","embeddable":true,"href":"https:\/\/eliasocialclub.com\/sr\/wp-json\/wp\/v2\/product_brand?post=3470"},{"taxonomy":"product_cat","embeddable":true,"href":"https:\/\/eliasocialclub.com\/sr\/wp-json\/wp\/v2\/product_cat?post=3470"},{"taxonomy":"product_tag","embeddable":true,"href":"https:\/\/eliasocialclub.com\/sr\/wp-json\/wp\/v2\/product_tag?post=3470"}],"curies":[{"name":"wp","href":"https:\/\/api.w.org\/{rel}","templated":true}]}}