{"id":3464,"date":"2025-02-20T10:56:51","date_gmt":"2025-02-20T09:56:51","guid":{"rendered":"https:\/\/eliasocialclub.com\/proizvod\/noir-short-sleeve-top\/"},"modified":"2025-12-22T15:00:51","modified_gmt":"2025-12-22T14:00:51","slug":"noir-short-sleeve-top","status":"publish","type":"product","link":"https:\/\/eliasocialclub.com\/sr\/proizvod\/noir-short-sleeve-top\/","title":{"rendered":"&#8222;Noir&#8220; Short Sleeve Top"},"content":{"rendered":"<p class=\"\" data-start=\"88\" data-end=\"336\"><em><strong>&#8222;Noir&#8220; Short Sleeve Top<\/strong><\/em><\/p>\n<p><em>Moderni, udobni i dizajnirani da telo di\u0161e.<br \/>\n<\/em>Na\u0161i topovi pru\u017eaju savr\u0161enu ravnote\u017eu izme\u0111u stila i funkcionalnosti. Napravljeni su od glatke, elasti\u010dne tkanine koja oblikuje telo i pru\u017ea laganu potporu, idealni su za pilates, trening ili kao deo svakodnevnih kombinacija. Lako se kombinuju sa helankama ili ispod blejzera za moderan kontrast.<\/p>\n<p data-start=\"39\" data-end=\"116\"><strong data-start=\"39\" data-end=\"54\">Idealno za:<\/strong> teretanu, pilates ili svakodnevno kombinovanje u slojevima.<\/p>\n<p data-start=\"118\" data-end=\"178\"><strong data-start=\"118\" data-end=\"127\">Kroj:<\/strong> pripijen model, kratki rukavi, du\u017eina do struka.<\/p>\n<p data-start=\"180\" data-end=\"274\"><strong data-start=\"180\" data-end=\"198\">Stilski savet:<\/strong> uparite ga sa <strong><em data-start=\"213\" data-end=\"219\">Noir<\/em> helankama<\/strong> ili <strong>\u0161ortsom<\/strong> za \u010dist, monohromatski izgled.<\/p>\n<p data-start=\"276\" data-end=\"316\" data-is-last-node=\"\" data-is-only-node=\"\"><strong data-start=\"276\" data-end=\"290\">Materijal:<\/strong> 78% najlon, 22% spandeks.<\/p>\n","protected":false},"excerpt":{"rendered":"<p>&#8222;Noir&#8220; Short Sleeve Top Moderni, udobni i dizajnirani da telo di\u0161e. Na\u0161i topovi pru\u017eaju savr\u0161enu ravnote\u017eu izme\u0111u stila i funkcionalnosti. Napravljeni su od glatke, elasti\u010dne tkanine koja oblikuje telo i pru\u017ea laganu potporu, idealni su za pilates, trening ili kao deo svakodnevnih kombinacija. Lako se kombinuju sa helankama ili ispod blejzera za moderan kontrast. Idealno [&hellip;]<\/p>\n","protected":false},"featured_media":1929,"comment_status":"open","ping_status":"closed","template":"","meta":{"_acf_changed":false,"_seopress_robots_primary_cat":"none","_seopress_titles_title":"","_seopress_titles_desc":"","_seopress_robots_index":""},"product_brand":[],"product_cat":[145,152,144],"product_tag":[],"class_list":{"0":"post-3464","1":"product","2":"type-product","3":"status-publish","4":"has-post-thumbnail","6":"product_cat-activewear-sr","7":"product_cat-tops-sr","8":"product_cat-women-sr","10":"first","11":"instock","12":"sale","13":"shipping-taxable","14":"purchasable","15":"product-type-variable","16":"has-default-attributes"},"acf":[],"_links":{"self":[{"href":"https:\/\/eliasocialclub.com\/sr\/wp-json\/wp\/v2\/product\/3464","targetHints":{"allow":["GET"]}}],"collection":[{"href":"https:\/\/eliasocialclub.com\/sr\/wp-json\/wp\/v2\/product"}],"about":[{"href":"https:\/\/eliasocialclub.com\/sr\/wp-json\/wp\/v2\/types\/product"}],"replies":[{"embeddable":true,"href":"https:\/\/eliasocialclub.com\/sr\/wp-json\/wp\/v2\/comments?post=3464"}],"wp:featuredmedia":[{"embeddable":true,"href":"https:\/\/eliasocialclub.com\/sr\/wp-json\/wp\/v2\/media\/1929"}],"wp:attachment":[{"href":"https:\/\/eliasocialclub.com\/sr\/wp-json\/wp\/v2\/media?parent=3464"}],"wp:term":[{"taxonomy":"product_brand","embeddable":true,"href":"https:\/\/eliasocialclub.com\/sr\/wp-json\/wp\/v2\/product_brand?post=3464"},{"taxonomy":"product_cat","embeddable":true,"href":"https:\/\/eliasocialclub.com\/sr\/wp-json\/wp\/v2\/product_cat?post=3464"},{"taxonomy":"product_tag","embeddable":true,"href":"https:\/\/eliasocialclub.com\/sr\/wp-json\/wp\/v2\/product_tag?post=3464"}],"curies":[{"name":"wp","href":"https:\/\/api.w.org\/{rel}","templated":true}]}}