{"id":3458,"date":"2025-02-20T11:00:54","date_gmt":"2025-02-20T10:00:54","guid":{"rendered":"https:\/\/eliasocialclub.com\/proizvod\/noir-top\/"},"modified":"2025-11-18T12:14:15","modified_gmt":"2025-11-18T11:14:15","slug":"noir-top","status":"publish","type":"product","link":"https:\/\/eliasocialclub.com\/sr\/proizvod\/noir-top\/","title":{"rendered":"Noir Top"},"content":{"rendered":"<p><em><strong>Noir Top<\/strong><\/em><\/p>\n<p><em>Moderni, udobni i dizajnirani da telo di\u0161e.<br \/>\n<\/em>Na\u0161i topovi pru\u017eaju savr\u0161enu ravnote\u017eu izme\u0111u stila i funkcionalnosti. Napravljeni su od glatke, elasti\u010dne tkanine koja oblikuje telo i pru\u017ea laganu potporu, idealni su za pilates, trening ili kao deo svakodnevnih kombinacija. Lako se kombinuju sa helankama ili ispod blejzera za moderan kontrast.<\/p>\n<p>&nbsp;<\/p>\n","protected":false},"excerpt":{"rendered":"<p>Noir Top Moderni, udobni i dizajnirani da telo di\u0161e. Na\u0161i topovi pru\u017eaju savr\u0161enu ravnote\u017eu izme\u0111u stila i funkcionalnosti. Napravljeni su od glatke, elasti\u010dne tkanine koja oblikuje telo i pru\u017ea laganu potporu, idealni su za pilates, trening ili kao deo svakodnevnih kombinacija. Lako se kombinuju sa helankama ili ispod blejzera za moderan kontrast. &nbsp;<\/p>\n","protected":false},"featured_media":2192,"comment_status":"open","ping_status":"closed","template":"","meta":{"_acf_changed":false,"_seopress_robots_primary_cat":"none","_seopress_titles_title":"","_seopress_titles_desc":"","_seopress_robots_index":""},"product_brand":[],"product_cat":[152,168,144],"product_tag":[],"class_list":{"0":"post-3458","1":"product","2":"type-product","3":"status-publish","4":"has-post-thumbnail","6":"product_cat-tops-sr","7":"product_cat-winter-collection","8":"product_cat-women-sr","10":"first","11":"instock","12":"shipping-taxable","13":"purchasable","14":"product-type-variable","15":"has-default-attributes"},"acf":[],"_links":{"self":[{"href":"https:\/\/eliasocialclub.com\/sr\/wp-json\/wp\/v2\/product\/3458","targetHints":{"allow":["GET"]}}],"collection":[{"href":"https:\/\/eliasocialclub.com\/sr\/wp-json\/wp\/v2\/product"}],"about":[{"href":"https:\/\/eliasocialclub.com\/sr\/wp-json\/wp\/v2\/types\/product"}],"replies":[{"embeddable":true,"href":"https:\/\/eliasocialclub.com\/sr\/wp-json\/wp\/v2\/comments?post=3458"}],"wp:featuredmedia":[{"embeddable":true,"href":"https:\/\/eliasocialclub.com\/sr\/wp-json\/wp\/v2\/media\/2192"}],"wp:attachment":[{"href":"https:\/\/eliasocialclub.com\/sr\/wp-json\/wp\/v2\/media?parent=3458"}],"wp:term":[{"taxonomy":"product_brand","embeddable":true,"href":"https:\/\/eliasocialclub.com\/sr\/wp-json\/wp\/v2\/product_brand?post=3458"},{"taxonomy":"product_cat","embeddable":true,"href":"https:\/\/eliasocialclub.com\/sr\/wp-json\/wp\/v2\/product_cat?post=3458"},{"taxonomy":"product_tag","embeddable":true,"href":"https:\/\/eliasocialclub.com\/sr\/wp-json\/wp\/v2\/product_tag?post=3458"}],"curies":[{"name":"wp","href":"https:\/\/api.w.org\/{rel}","templated":true}]}}