{"id":3443,"date":"2025-02-20T11:08:32","date_gmt":"2025-02-20T10:08:32","guid":{"rendered":"https:\/\/eliasocialclub.com\/proizvod\/noir-long-sleeve-top\/"},"modified":"2025-12-22T15:05:47","modified_gmt":"2025-12-22T14:05:47","slug":"noir-long-sleeve-top","status":"publish","type":"product","link":"https:\/\/eliasocialclub.com\/sr\/proizvod\/noir-long-sleeve-top\/","title":{"rendered":"&#8222;Noir&#8220; Long Sleeve Top"},"content":{"rendered":"<p><strong><em>&#8222;Noir&#8220; Long Sleeve Top<\/em><\/strong><\/p>\n<p><em>Moderni, udobni i dizajnirani da telo di\u0161e.<br \/>\n<\/em>Na\u0161i topovi pru\u017eaju savr\u0161enu ravnote\u017eu izme\u0111u stila i funkcionalnosti. Napravljeni su od glatke, elasti\u010dne tkanine koja oblikuje telo i pru\u017ea laganu potporu, idealni su za pilates, trening ili kao deo svakodnevnih kombinacija. Lako se kombinuju sa helankama ili ispod blejzera za moderan kontrast.<\/p>\n<p data-start=\"39\" data-end=\"124\"><strong data-start=\"39\" data-end=\"54\">Idealno za:<\/strong> tr\u010danje napolju, zagrevanje ili no\u0161enje u slojevima posle teretane.<\/p>\n<p data-start=\"126\" data-end=\"181\"><strong data-start=\"126\" data-end=\"135\">Kroj:<\/strong> pripijen model, okrugao izrez, dugi rukavi.<\/p>\n<p data-start=\"183\" data-end=\"295\"><strong data-start=\"183\" data-end=\"201\">Stilski savet:<\/strong> savr\u0161eno se kombinuje sa <strong><em data-start=\"227\" data-end=\"233\">Noir<\/em> helankama<\/strong> i bomber jaknom za elegantan street-style izgled.<\/p>\n<p data-start=\"297\" data-end=\"337\" data-is-last-node=\"\" data-is-only-node=\"\"><strong data-start=\"297\" data-end=\"311\">Materijal:<\/strong> 78% najlon, 22% spandeks.<\/p>\n","protected":false},"excerpt":{"rendered":"<p>&#8222;Noir&#8220; Long Sleeve Top Moderni, udobni i dizajnirani da telo di\u0161e. Na\u0161i topovi pru\u017eaju savr\u0161enu ravnote\u017eu izme\u0111u stila i funkcionalnosti. Napravljeni su od glatke, elasti\u010dne tkanine koja oblikuje telo i pru\u017ea laganu potporu, idealni su za pilates, trening ili kao deo svakodnevnih kombinacija. Lako se kombinuju sa helankama ili ispod blejzera za moderan kontrast. Idealno [&hellip;]<\/p>\n","protected":false},"featured_media":1940,"comment_status":"open","ping_status":"closed","template":"","meta":{"_acf_changed":false,"_seopress_robots_primary_cat":"none","_seopress_titles_title":"","_seopress_titles_desc":"","_seopress_robots_index":""},"product_brand":[],"product_cat":[145,152,144],"product_tag":[],"class_list":{"0":"post-3443","1":"product","2":"type-product","3":"status-publish","4":"has-post-thumbnail","6":"product_cat-activewear-sr","7":"product_cat-tops-sr","8":"product_cat-women-sr","10":"first","11":"instock","12":"sale","13":"shipping-taxable","14":"purchasable","15":"product-type-variable","16":"has-default-attributes"},"acf":[],"_links":{"self":[{"href":"https:\/\/eliasocialclub.com\/sr\/wp-json\/wp\/v2\/product\/3443","targetHints":{"allow":["GET"]}}],"collection":[{"href":"https:\/\/eliasocialclub.com\/sr\/wp-json\/wp\/v2\/product"}],"about":[{"href":"https:\/\/eliasocialclub.com\/sr\/wp-json\/wp\/v2\/types\/product"}],"replies":[{"embeddable":true,"href":"https:\/\/eliasocialclub.com\/sr\/wp-json\/wp\/v2\/comments?post=3443"}],"wp:featuredmedia":[{"embeddable":true,"href":"https:\/\/eliasocialclub.com\/sr\/wp-json\/wp\/v2\/media\/1940"}],"wp:attachment":[{"href":"https:\/\/eliasocialclub.com\/sr\/wp-json\/wp\/v2\/media?parent=3443"}],"wp:term":[{"taxonomy":"product_brand","embeddable":true,"href":"https:\/\/eliasocialclub.com\/sr\/wp-json\/wp\/v2\/product_brand?post=3443"},{"taxonomy":"product_cat","embeddable":true,"href":"https:\/\/eliasocialclub.com\/sr\/wp-json\/wp\/v2\/product_cat?post=3443"},{"taxonomy":"product_tag","embeddable":true,"href":"https:\/\/eliasocialclub.com\/sr\/wp-json\/wp\/v2\/product_tag?post=3443"}],"curies":[{"name":"wp","href":"https:\/\/api.w.org\/{rel}","templated":true}]}}