{"id":3437,"date":"2025-02-20T11:12:42","date_gmt":"2025-02-20T10:12:42","guid":{"rendered":"https:\/\/eliasocialclub.com\/proizvod\/terre-leggings\/"},"modified":"2025-12-22T14:47:47","modified_gmt":"2025-12-22T13:47:47","slug":"terre-leggings","status":"publish","type":"product","link":"https:\/\/eliasocialclub.com\/sr\/proizvod\/terre-leggings\/","title":{"rendered":"&#8222;Terre&#8220; Leggings"},"content":{"rendered":"<p><em>Udobne, elasti\u010dne i savr\u0161eno prilago\u0111ene pokretu.<\/em><\/p>\n<p>Na\u0161e helanke u pastelnim tonovima donose sve\u017einu i jednostavan stil u tvoj svakodnevni look. Dizajnirane su tako da prate liniju tela i obezbede potpunu udobnost tokom ve\u017ebanja ili odmora. Glatka tkanina sa blagim efektom kompresije oblikuje siluetu, dok rastegljiv materijal omogu\u0107ava slobodu pokreta. Idealne su za pilates, trening, slobodno vreme ili slojevito obla\u010denje. Imaju udoban struk, du\u017einu do \u010dlanka i prijatu elasti\u010dnu tkaninu. Lako se kombinuju sa sportskim topom, majicom ili laganom ko\u0161uljom za \u010dist i moderan izgled.<\/p>\n<p data-start=\"39\" data-end=\"106\"><strong data-start=\"39\" data-end=\"54\">Idealno za:<\/strong> trening snage, jogu i svakodnevne obaveze.<\/p>\n<p data-start=\"108\" data-end=\"169\"><strong data-start=\"108\" data-end=\"117\">Kroj:<\/strong> visok struk, du\u017eina do \u010dlanaka, be\u0161avna udobnost.<\/p>\n<p data-start=\"171\" data-end=\"295\"><strong data-start=\"171\" data-end=\"189\">Stilski savet:<\/strong> nosite ih uz odgovaraju\u0107i <strong><em data-start=\"216\" data-end=\"223\">Terre<\/em> top<\/strong> ili <strong><em data-start=\"232\" data-end=\"239\">Terre<\/em> majicu<\/strong> dugih rukava za toniran, monohromatski izgled.<\/p>\n<p data-start=\"297\" data-end=\"337\" data-is-last-node=\"\" data-is-only-node=\"\"><strong data-start=\"297\" data-end=\"311\">Materijal:<\/strong> 78% najlon, 22% spandeks.<\/p>\n","protected":false},"excerpt":{"rendered":"<p>Udobne, elasti\u010dne i savr\u0161eno prilago\u0111ene pokretu. Na\u0161e helanke u pastelnim tonovima donose sve\u017einu i jednostavan stil u tvoj svakodnevni look. Dizajnirane su tako da prate liniju tela i obezbede potpunu udobnost tokom ve\u017ebanja ili odmora. Glatka tkanina sa blagim efektom kompresije oblikuje siluetu, dok rastegljiv materijal omogu\u0107ava slobodu pokreta. Idealne su za pilates, trening, slobodno [&hellip;]<\/p>\n","protected":false},"featured_media":1948,"comment_status":"open","ping_status":"closed","template":"","meta":{"_acf_changed":false,"_seopress_robots_primary_cat":"none","_seopress_titles_title":"","_seopress_titles_desc":"","_seopress_robots_index":""},"product_brand":[],"product_cat":[145,154,144],"product_tag":[],"class_list":{"0":"post-3437","1":"product","2":"type-product","3":"status-publish","4":"has-post-thumbnail","6":"product_cat-activewear-sr","7":"product_cat-leggings-sr","8":"product_cat-women-sr","10":"first","11":"instock","12":"sale","13":"shipping-taxable","14":"purchasable","15":"product-type-variable","16":"has-default-attributes"},"acf":[],"_links":{"self":[{"href":"https:\/\/eliasocialclub.com\/sr\/wp-json\/wp\/v2\/product\/3437","targetHints":{"allow":["GET"]}}],"collection":[{"href":"https:\/\/eliasocialclub.com\/sr\/wp-json\/wp\/v2\/product"}],"about":[{"href":"https:\/\/eliasocialclub.com\/sr\/wp-json\/wp\/v2\/types\/product"}],"replies":[{"embeddable":true,"href":"https:\/\/eliasocialclub.com\/sr\/wp-json\/wp\/v2\/comments?post=3437"}],"wp:featuredmedia":[{"embeddable":true,"href":"https:\/\/eliasocialclub.com\/sr\/wp-json\/wp\/v2\/media\/1948"}],"wp:attachment":[{"href":"https:\/\/eliasocialclub.com\/sr\/wp-json\/wp\/v2\/media?parent=3437"}],"wp:term":[{"taxonomy":"product_brand","embeddable":true,"href":"https:\/\/eliasocialclub.com\/sr\/wp-json\/wp\/v2\/product_brand?post=3437"},{"taxonomy":"product_cat","embeddable":true,"href":"https:\/\/eliasocialclub.com\/sr\/wp-json\/wp\/v2\/product_cat?post=3437"},{"taxonomy":"product_tag","embeddable":true,"href":"https:\/\/eliasocialclub.com\/sr\/wp-json\/wp\/v2\/product_tag?post=3437"}],"curies":[{"name":"wp","href":"https:\/\/api.w.org\/{rel}","templated":true}]}}