{"id":3431,"date":"2025-02-20T11:24:02","date_gmt":"2025-02-20T10:24:02","guid":{"rendered":"https:\/\/eliasocialclub.com\/proizvod\/terre-top\/"},"modified":"2025-12-22T14:41:17","modified_gmt":"2025-12-22T13:41:17","slug":"terre-top","status":"publish","type":"product","link":"https:\/\/eliasocialclub.com\/sr\/proizvod\/terre-top\/","title":{"rendered":"&#8222;Terre&#8220; Top"},"content":{"rendered":"<p><strong><em>&#8222;Terre&#8220; Top<\/em><\/strong><\/p>\n<p><em>Moderni, udobni i dizajnirani da telo di\u0161e.<br \/>\n<\/em>Na\u0161i topovi pru\u017eaju savr\u0161enu ravnote\u017eu izme\u0111u stila i funkcionalnosti. Napravljeni su od glatke, elasti\u010dne tkanine koja oblikuje telo i pru\u017ea laganu potporu, idealni su za pilates, trening ili kao deo svakodnevnih kombinacija. Lako se kombinuju sa helankama ili ispod blejzera za moderan kontrast.<\/p>\n<p data-start=\"39\" data-end=\"137\"><strong data-start=\"39\" data-end=\"54\">Idealno za:<\/strong> pilates, ve\u017ebe istezanja ili kao elegantan osnovni komad za le\u017eerne kombinacije.<\/p>\n<p data-start=\"139\" data-end=\"200\"><strong data-start=\"139\" data-end=\"148\">Kroj:<\/strong> bez bretela, oblikovan model sa laganom podr\u0161kom.<\/p>\n<p data-start=\"202\" data-end=\"318\"><strong data-start=\"202\" data-end=\"220\">Stilski savet:<\/strong> savr\u0161eno se kombinuje sa <strong><em data-start=\"246\" data-end=\"253\">Terre<\/em> helankama<\/strong> ili ispod raskop\u010dane ko\u0161ulje za kul, opu\u0161ten izgled.<\/p>\n<p data-start=\"320\" data-end=\"360\" data-is-last-node=\"\" data-is-only-node=\"\"><strong data-start=\"320\" data-end=\"334\">Materijal:<\/strong> 78% najlon, 22% spandeks.<\/p>\n","protected":false},"excerpt":{"rendered":"<p>&#8222;Terre&#8220; Top Moderni, udobni i dizajnirani da telo di\u0161e. Na\u0161i topovi pru\u017eaju savr\u0161enu ravnote\u017eu izme\u0111u stila i funkcionalnosti. Napravljeni su od glatke, elasti\u010dne tkanine koja oblikuje telo i pru\u017ea laganu potporu, idealni su za pilates, trening ili kao deo svakodnevnih kombinacija. Lako se kombinuju sa helankama ili ispod blejzera za moderan kontrast. Idealno za: pilates, [&hellip;]<\/p>\n","protected":false},"featured_media":1912,"comment_status":"open","ping_status":"closed","template":"","meta":{"_acf_changed":false,"_seopress_robots_primary_cat":"none","_seopress_titles_title":"","_seopress_titles_desc":"","_seopress_robots_index":""},"product_brand":[],"product_cat":[145,152,144],"product_tag":[],"class_list":{"0":"post-3431","1":"product","2":"type-product","3":"status-publish","4":"has-post-thumbnail","6":"product_cat-activewear-sr","7":"product_cat-tops-sr","8":"product_cat-women-sr","10":"first","11":"instock","12":"sale","13":"shipping-taxable","14":"purchasable","15":"product-type-variable","16":"has-default-attributes"},"acf":[],"_links":{"self":[{"href":"https:\/\/eliasocialclub.com\/sr\/wp-json\/wp\/v2\/product\/3431","targetHints":{"allow":["GET"]}}],"collection":[{"href":"https:\/\/eliasocialclub.com\/sr\/wp-json\/wp\/v2\/product"}],"about":[{"href":"https:\/\/eliasocialclub.com\/sr\/wp-json\/wp\/v2\/types\/product"}],"replies":[{"embeddable":true,"href":"https:\/\/eliasocialclub.com\/sr\/wp-json\/wp\/v2\/comments?post=3431"}],"wp:featuredmedia":[{"embeddable":true,"href":"https:\/\/eliasocialclub.com\/sr\/wp-json\/wp\/v2\/media\/1912"}],"wp:attachment":[{"href":"https:\/\/eliasocialclub.com\/sr\/wp-json\/wp\/v2\/media?parent=3431"}],"wp:term":[{"taxonomy":"product_brand","embeddable":true,"href":"https:\/\/eliasocialclub.com\/sr\/wp-json\/wp\/v2\/product_brand?post=3431"},{"taxonomy":"product_cat","embeddable":true,"href":"https:\/\/eliasocialclub.com\/sr\/wp-json\/wp\/v2\/product_cat?post=3431"},{"taxonomy":"product_tag","embeddable":true,"href":"https:\/\/eliasocialclub.com\/sr\/wp-json\/wp\/v2\/product_tag?post=3431"}],"curies":[{"name":"wp","href":"https:\/\/api.w.org\/{rel}","templated":true}]}}