{"id":3426,"date":"2025-02-20T11:27:38","date_gmt":"2025-02-20T10:27:38","guid":{"rendered":"https:\/\/eliasocialclub.com\/proizvod\/terre-long-sleeve-top\/"},"modified":"2025-12-22T14:44:07","modified_gmt":"2025-12-22T13:44:07","slug":"terre-long-sleeve-top","status":"publish","type":"product","link":"https:\/\/eliasocialclub.com\/sr\/proizvod\/terre-long-sleeve-top\/","title":{"rendered":"&#8222;Terre&#8220; Long Sleeve Top"},"content":{"rendered":"<p><strong><em>&#8222;Terre&#8220; Long Sleeve Top<\/em><\/strong><\/p>\n<p><em>Moderni, udobni i dizajnirani da telo di\u0161e.<br \/>\n<\/em>Na\u0161i topovi pru\u017eaju savr\u0161enu ravnote\u017eu izme\u0111u stila i funkcionalnosti. Napravljeni su od glatke, elasti\u010dne tkanine koja oblikuje telo i pru\u017ea laganu potporu, idealni su za pilates, trening ili kao deo svakodnevnih kombinacija. Lako se kombinuju sa helankama ili ispod blejzera za moderan kontrast.<\/p>\n<p data-start=\"39\" data-end=\"131\"><strong data-start=\"39\" data-end=\"54\">Idealno za:<\/strong> treninge ili kao dodatak u svakodnevnim kombinacijama.<\/p>\n<p data-start=\"133\" data-end=\"210\"><strong data-start=\"133\" data-end=\"142\">Kroj:<\/strong> uski model, skra\u0107ena du\u017eina, produ\u017eeni rukavi i podignuta kragna.<\/p>\n<p data-start=\"212\" data-end=\"306\"><strong data-start=\"212\" data-end=\"230\">Stilski savet:<\/strong> nosite ga uz <strong><em data-start=\"244\" data-end=\"251\">Terre<\/em> helanke<\/strong> i glatke \u010darape za elegantan athleisure set.<\/p>\n<p data-start=\"308\" data-end=\"348\" data-is-last-node=\"\" data-is-only-node=\"\"><strong data-start=\"308\" data-end=\"322\">Materijal:<\/strong> 78% najlon, 22% spandeks.<\/p>\n","protected":false},"excerpt":{"rendered":"<p>&#8222;Terre&#8220; Long Sleeve Top Moderni, udobni i dizajnirani da telo di\u0161e. Na\u0161i topovi pru\u017eaju savr\u0161enu ravnote\u017eu izme\u0111u stila i funkcionalnosti. Napravljeni su od glatke, elasti\u010dne tkanine koja oblikuje telo i pru\u017ea laganu potporu, idealni su za pilates, trening ili kao deo svakodnevnih kombinacija. Lako se kombinuju sa helankama ili ispod blejzera za moderan kontrast. Idealno [&hellip;]<\/p>\n","protected":false},"featured_media":1945,"comment_status":"open","ping_status":"closed","template":"","meta":{"_acf_changed":false,"_seopress_robots_primary_cat":"none","_seopress_titles_title":"","_seopress_titles_desc":"","_seopress_robots_index":""},"product_brand":[],"product_cat":[145,152,144],"product_tag":[],"class_list":{"0":"post-3426","1":"product","2":"type-product","3":"status-publish","4":"has-post-thumbnail","6":"product_cat-activewear-sr","7":"product_cat-tops-sr","8":"product_cat-women-sr","10":"first","11":"instock","12":"sale","13":"shipping-taxable","14":"purchasable","15":"product-type-variable","16":"has-default-attributes"},"acf":[],"_links":{"self":[{"href":"https:\/\/eliasocialclub.com\/sr\/wp-json\/wp\/v2\/product\/3426","targetHints":{"allow":["GET"]}}],"collection":[{"href":"https:\/\/eliasocialclub.com\/sr\/wp-json\/wp\/v2\/product"}],"about":[{"href":"https:\/\/eliasocialclub.com\/sr\/wp-json\/wp\/v2\/types\/product"}],"replies":[{"embeddable":true,"href":"https:\/\/eliasocialclub.com\/sr\/wp-json\/wp\/v2\/comments?post=3426"}],"wp:featuredmedia":[{"embeddable":true,"href":"https:\/\/eliasocialclub.com\/sr\/wp-json\/wp\/v2\/media\/1945"}],"wp:attachment":[{"href":"https:\/\/eliasocialclub.com\/sr\/wp-json\/wp\/v2\/media?parent=3426"}],"wp:term":[{"taxonomy":"product_brand","embeddable":true,"href":"https:\/\/eliasocialclub.com\/sr\/wp-json\/wp\/v2\/product_brand?post=3426"},{"taxonomy":"product_cat","embeddable":true,"href":"https:\/\/eliasocialclub.com\/sr\/wp-json\/wp\/v2\/product_cat?post=3426"},{"taxonomy":"product_tag","embeddable":true,"href":"https:\/\/eliasocialclub.com\/sr\/wp-json\/wp\/v2\/product_tag?post=3426"}],"curies":[{"name":"wp","href":"https:\/\/api.w.org\/{rel}","templated":true}]}}