{"id":3407,"date":"2025-02-20T11:32:58","date_gmt":"2025-02-20T10:32:58","guid":{"rendered":"https:\/\/eliasocialclub.com\/proizvod\/vert-leggings\/"},"modified":"2026-01-09T17:08:49","modified_gmt":"2026-01-09T16:08:49","slug":"vert-leggings","status":"publish","type":"product","link":"https:\/\/eliasocialclub.com\/sr\/proizvod\/vert-leggings\/","title":{"rendered":"&#8222;Vert&#8220; Leggings"},"content":{"rendered":"<p><strong><em>&#8222;Vert&#8220; Leggings<\/em><\/strong><\/p>\n<p><em>Udobne, elasti\u010dne i savr\u0161eno prilago\u0111ene pokretu.<br \/>\n<\/em>Na\u0161e helanke u pastelnim tonovima donose sve\u017einu i jednostavan stil u tvoj svakodnevni look. Dizajnirane su tako da prate liniju tela i obezbede potpunu udobnost tokom ve\u017ebanja ili odmora. Glatka tkanina sa blagim efektom kompresije oblikuje siluetu, dok rastegljiv materijal omogu\u0107ava slobodu pokreta. Idealne su za pilates, trening, slobodno vreme ili slojevito obla\u010denje. Imaju udoban struk, du\u017einu do \u010dlanka i prijatu elasti\u010dnu tkaninu. Lako se kombinuju sa sportskim topom, majicom ili laganom ko\u0161uljom za \u010dist i moderan izgled.<\/p>\n<p data-start=\"41\" data-end=\"130\"><strong data-start=\"41\" data-end=\"56\">Idealno za:<\/strong> treninge u teretani, odlazak po kafu ili celodnevnu udobnost u pokretu.<\/p>\n<p data-start=\"132\" data-end=\"213\"><strong data-start=\"132\" data-end=\"141\">Kroj:<\/strong> du\u017eine do \u010dlanaka, visok struk, kompresivan model koji oblikuje telo.<\/p>\n<p data-start=\"215\" data-end=\"356\"><strong data-start=\"215\" data-end=\"233\">Stilski savet:<\/strong> uparite ih sa <strong><em data-start=\"248\" data-end=\"254\">Vert<\/em> majicom dugih rukava<\/strong> ili <strong><em data-start=\"280\" data-end=\"286\">Vert<\/em> topom<\/strong> za uskla\u0111en \u017eenski sportski outfit.<\/p>\n<p data-start=\"358\" data-end=\"398\" data-is-last-node=\"\" data-is-only-node=\"\"><strong data-start=\"358\" data-end=\"372\">Materijal:<\/strong> 78% najlon, 22% spandeks.<\/p>\n","protected":false},"excerpt":{"rendered":"<p>&#8222;Vert&#8220; Leggings Udobne, elasti\u010dne i savr\u0161eno prilago\u0111ene pokretu. Na\u0161e helanke u pastelnim tonovima donose sve\u017einu i jednostavan stil u tvoj svakodnevni look. Dizajnirane su tako da prate liniju tela i obezbede potpunu udobnost tokom ve\u017ebanja ili odmora. Glatka tkanina sa blagim efektom kompresije oblikuje siluetu, dok rastegljiv materijal omogu\u0107ava slobodu pokreta. Idealne su za pilates, [&hellip;]<\/p>\n","protected":false},"featured_media":1950,"comment_status":"open","ping_status":"closed","template":"","meta":{"_acf_changed":false,"_seopress_robots_primary_cat":"none","_seopress_titles_title":"","_seopress_titles_desc":"","_seopress_robots_index":""},"product_brand":[],"product_cat":[145,154,144],"product_tag":[],"class_list":{"0":"post-3407","1":"product","2":"type-product","3":"status-publish","4":"has-post-thumbnail","6":"product_cat-activewear-sr","7":"product_cat-leggings-sr","8":"product_cat-women-sr","10":"first","11":"outofstock","12":"sale","13":"shipping-taxable","14":"purchasable","15":"product-type-variable","16":"has-default-attributes"},"acf":[],"_links":{"self":[{"href":"https:\/\/eliasocialclub.com\/sr\/wp-json\/wp\/v2\/product\/3407","targetHints":{"allow":["GET"]}}],"collection":[{"href":"https:\/\/eliasocialclub.com\/sr\/wp-json\/wp\/v2\/product"}],"about":[{"href":"https:\/\/eliasocialclub.com\/sr\/wp-json\/wp\/v2\/types\/product"}],"replies":[{"embeddable":true,"href":"https:\/\/eliasocialclub.com\/sr\/wp-json\/wp\/v2\/comments?post=3407"}],"wp:featuredmedia":[{"embeddable":true,"href":"https:\/\/eliasocialclub.com\/sr\/wp-json\/wp\/v2\/media\/1950"}],"wp:attachment":[{"href":"https:\/\/eliasocialclub.com\/sr\/wp-json\/wp\/v2\/media?parent=3407"}],"wp:term":[{"taxonomy":"product_brand","embeddable":true,"href":"https:\/\/eliasocialclub.com\/sr\/wp-json\/wp\/v2\/product_brand?post=3407"},{"taxonomy":"product_cat","embeddable":true,"href":"https:\/\/eliasocialclub.com\/sr\/wp-json\/wp\/v2\/product_cat?post=3407"},{"taxonomy":"product_tag","embeddable":true,"href":"https:\/\/eliasocialclub.com\/sr\/wp-json\/wp\/v2\/product_tag?post=3407"}],"curies":[{"name":"wp","href":"https:\/\/api.w.org\/{rel}","templated":true}]}}