{"id":3402,"date":"2025-02-20T11:38:46","date_gmt":"2025-02-20T10:38:46","guid":{"rendered":"https:\/\/eliasocialclub.com\/proizvod\/vert-top\/"},"modified":"2025-12-22T12:48:35","modified_gmt":"2025-12-22T11:48:35","slug":"vert-top","status":"publish","type":"product","link":"https:\/\/eliasocialclub.com\/sr\/proizvod\/vert-top\/","title":{"rendered":"&#8222;Vert&#8220; Top"},"content":{"rendered":"<p class=\"\" data-start=\"469\" data-end=\"784\"><strong><em>&#8222;Vert&#8220; Top<\/em><\/strong><\/p>\n<p class=\"\" data-start=\"469\" data-end=\"784\"><em>Moderni, udobni i dizajnirani da telo di\u0161e.<br \/>\n<\/em>Na\u0161i topovi pru\u017eaju savr\u0161enu ravnote\u017eu izme\u0111u stila i funkcionalnosti. Napravljeni su od glatke, elasti\u010dne tkanine koja oblikuje telo i pru\u017ea laganu potporu, idealni su za pilates, trening ili kao deo svakodnevnih kombinacija. Lako se kombinuju sa helankama ili ispod blejzera za moderan kontrast.<\/p>\n<p data-start=\"41\" data-end=\"157\"><strong data-start=\"41\" data-end=\"56\">Idealno za:<\/strong> trening snage, obavljanje vikend obaveza ili za jednostavan svakodnevni izgled.<\/p>\n<p data-start=\"159\" data-end=\"245\"><strong data-start=\"159\" data-end=\"168\">Kroj:<\/strong> skra\u0107eni model, prijanja uz telo, \u010detvrtasti izrez i podr\u017eavaju\u0107e bretele.<\/p>\n<p data-start=\"247\" data-end=\"337\"><strong data-start=\"247\" data-end=\"265\">Stilski savet:<\/strong> uparite ga sa <strong><em data-start=\"280\" data-end=\"286\">Vert<\/em> helankama<\/strong> za elegantan, moderan athleisure stil.<\/p>\n<p data-start=\"339\" data-end=\"379\" data-is-last-node=\"\" data-is-only-node=\"\"><strong data-start=\"339\" data-end=\"353\">Materijal:<\/strong> 78% najlon, 22% spandeks.<\/p>\n","protected":false},"excerpt":{"rendered":"<p>&#8222;Vert&#8220; Top Moderni, udobni i dizajnirani da telo di\u0161e. Na\u0161i topovi pru\u017eaju savr\u0161enu ravnote\u017eu izme\u0111u stila i funkcionalnosti. Napravljeni su od glatke, elasti\u010dne tkanine koja oblikuje telo i pru\u017ea laganu potporu, idealni su za pilates, trening ili kao deo svakodnevnih kombinacija. Lako se kombinuju sa helankama ili ispod blejzera za moderan kontrast. Idealno za: trening [&hellip;]<\/p>\n","protected":false},"featured_media":1914,"comment_status":"open","ping_status":"closed","template":"","meta":{"_acf_changed":false,"_seopress_robots_primary_cat":"none","_seopress_titles_title":"","_seopress_titles_desc":"","_seopress_robots_index":""},"product_brand":[],"product_cat":[145,152,144],"product_tag":[],"class_list":{"0":"post-3402","1":"product","2":"type-product","3":"status-publish","4":"has-post-thumbnail","6":"product_cat-activewear-sr","7":"product_cat-tops-sr","8":"product_cat-women-sr","10":"first","11":"instock","12":"sale","13":"shipping-taxable","14":"purchasable","15":"product-type-variable","16":"has-default-attributes"},"acf":[],"_links":{"self":[{"href":"https:\/\/eliasocialclub.com\/sr\/wp-json\/wp\/v2\/product\/3402","targetHints":{"allow":["GET"]}}],"collection":[{"href":"https:\/\/eliasocialclub.com\/sr\/wp-json\/wp\/v2\/product"}],"about":[{"href":"https:\/\/eliasocialclub.com\/sr\/wp-json\/wp\/v2\/types\/product"}],"replies":[{"embeddable":true,"href":"https:\/\/eliasocialclub.com\/sr\/wp-json\/wp\/v2\/comments?post=3402"}],"wp:featuredmedia":[{"embeddable":true,"href":"https:\/\/eliasocialclub.com\/sr\/wp-json\/wp\/v2\/media\/1914"}],"wp:attachment":[{"href":"https:\/\/eliasocialclub.com\/sr\/wp-json\/wp\/v2\/media?parent=3402"}],"wp:term":[{"taxonomy":"product_brand","embeddable":true,"href":"https:\/\/eliasocialclub.com\/sr\/wp-json\/wp\/v2\/product_brand?post=3402"},{"taxonomy":"product_cat","embeddable":true,"href":"https:\/\/eliasocialclub.com\/sr\/wp-json\/wp\/v2\/product_cat?post=3402"},{"taxonomy":"product_tag","embeddable":true,"href":"https:\/\/eliasocialclub.com\/sr\/wp-json\/wp\/v2\/product_tag?post=3402"}],"curies":[{"name":"wp","href":"https:\/\/api.w.org\/{rel}","templated":true}]}}