{"id":3395,"date":"2025-02-20T11:48:17","date_gmt":"2025-02-20T10:48:17","guid":{"rendered":"https:\/\/eliasocialclub.com\/proizvod\/vert-long-sleeve-top\/"},"modified":"2026-01-09T17:10:12","modified_gmt":"2026-01-09T16:10:12","slug":"vert-long-sleeve-top","status":"publish","type":"product","link":"https:\/\/eliasocialclub.com\/sr\/proizvod\/vert-long-sleeve-top\/","title":{"rendered":"&#8222;Vert&#8220; Long Sleeve Top"},"content":{"rendered":"<p><strong><em>&#8222;Vert&#8220; Long Sleeve Top<\/em><\/strong><\/p>\n<p><em>Moderni, udobni i dizajnirani da telo di\u0161e.<br \/>\n<\/em>Na\u0161i topovi pru\u017eaju savr\u0161enu ravnote\u017eu izme\u0111u stila i funkcionalnosti. Napravljeni su od glatke, elasti\u010dne tkanine koja oblikuje telo i pru\u017ea laganu potporu, idealni su za pilates, trening ili kao deo svakodnevnih kombinacija. Lako se kombinuju sa helankama ili ispod blejzera za moderan kontrast.<\/p>\n<p data-start=\"41\" data-end=\"135\"><strong data-start=\"41\" data-end=\"56\">Idealno za:<\/strong> zagrevanje i lagani kardio.<\/p>\n<p data-start=\"137\" data-end=\"240\"><strong data-start=\"137\" data-end=\"146\">Kroj:<\/strong> uski kroj, skra\u0107ena du\u017eina, produ\u017eeni rukavi sa otvorima za pal\u010deve za dodatnu pokrivenost.<\/p>\n<p data-start=\"242\" data-end=\"366\"><strong data-start=\"242\" data-end=\"260\">Stilski savet:<\/strong> nosite uz <strong><em data-start=\"275\" data-end=\"281\">Vert<\/em> helanke<\/strong> i patike za elegantnu siluetu.<\/p>\n<p data-start=\"368\" data-end=\"408\" data-is-last-node=\"\" data-is-only-node=\"\"><strong data-start=\"368\" data-end=\"382\">Materijal:<\/strong> 78% najlon, 22% spandeks.<\/p>\n","protected":false},"excerpt":{"rendered":"<p>&#8222;Vert&#8220; Long Sleeve Top Moderni, udobni i dizajnirani da telo di\u0161e. Na\u0161i topovi pru\u017eaju savr\u0161enu ravnote\u017eu izme\u0111u stila i funkcionalnosti. Napravljeni su od glatke, elasti\u010dne tkanine koja oblikuje telo i pru\u017ea laganu potporu, idealni su za pilates, trening ili kao deo svakodnevnih kombinacija. Lako se kombinuju sa helankama ili ispod blejzera za moderan kontrast. Idealno [&hellip;]<\/p>\n","protected":false},"featured_media":1950,"comment_status":"open","ping_status":"closed","template":"","meta":{"_acf_changed":false,"_seopress_robots_primary_cat":"none","_seopress_titles_title":"","_seopress_titles_desc":"","_seopress_robots_index":""},"product_brand":[],"product_cat":[145,152,144],"product_tag":[],"class_list":{"0":"post-3395","1":"product","2":"type-product","3":"status-publish","4":"has-post-thumbnail","6":"product_cat-activewear-sr","7":"product_cat-tops-sr","8":"product_cat-women-sr","10":"first","11":"outofstock","12":"sale","13":"shipping-taxable","14":"purchasable","15":"product-type-variable","16":"has-default-attributes"},"acf":[],"_links":{"self":[{"href":"https:\/\/eliasocialclub.com\/sr\/wp-json\/wp\/v2\/product\/3395","targetHints":{"allow":["GET"]}}],"collection":[{"href":"https:\/\/eliasocialclub.com\/sr\/wp-json\/wp\/v2\/product"}],"about":[{"href":"https:\/\/eliasocialclub.com\/sr\/wp-json\/wp\/v2\/types\/product"}],"replies":[{"embeddable":true,"href":"https:\/\/eliasocialclub.com\/sr\/wp-json\/wp\/v2\/comments?post=3395"}],"wp:featuredmedia":[{"embeddable":true,"href":"https:\/\/eliasocialclub.com\/sr\/wp-json\/wp\/v2\/media\/1950"}],"wp:attachment":[{"href":"https:\/\/eliasocialclub.com\/sr\/wp-json\/wp\/v2\/media?parent=3395"}],"wp:term":[{"taxonomy":"product_brand","embeddable":true,"href":"https:\/\/eliasocialclub.com\/sr\/wp-json\/wp\/v2\/product_brand?post=3395"},{"taxonomy":"product_cat","embeddable":true,"href":"https:\/\/eliasocialclub.com\/sr\/wp-json\/wp\/v2\/product_cat?post=3395"},{"taxonomy":"product_tag","embeddable":true,"href":"https:\/\/eliasocialclub.com\/sr\/wp-json\/wp\/v2\/product_tag?post=3395"}],"curies":[{"name":"wp","href":"https:\/\/api.w.org\/{rel}","templated":true}]}}