{"id":3381,"date":"2025-02-20T12:02:05","date_gmt":"2025-02-20T11:02:05","guid":{"rendered":"https:\/\/eliasocialclub.com\/proizvod\/ondine-shorts\/"},"modified":"2025-12-22T14:52:19","modified_gmt":"2025-12-22T13:52:19","slug":"ondine-shorts","status":"publish","type":"product","link":"https:\/\/eliasocialclub.com\/sr\/proizvod\/ondine-shorts\/","title":{"rendered":"&#8222;Ondine&#8220; Shorts"},"content":{"rendered":"<p><em><strong>&#8222;Ondine&#8220; Shorts<\/strong><\/em><\/p>\n<p>Lagani, prozra\u010dni i stvoreni za pokret.<br \/>\nNa\u0161i \u0161ortsevi kombinuju udobnost i moderan izgled, savr\u0161eni su za tople dane i aktivne trenutke. Elasti\u010dni materijal prijatno prati liniju tela i omogu\u0107ava lako kretanje, dok neutralni tonovi \u010dine da se lako kombinuju sa ostatkom garderobe.<\/p>\n<p data-start=\"38\" data-end=\"137\"><strong data-start=\"38\" data-end=\"53\">Idealno za:<\/strong> pilates treninge, ve\u017ebanje po toplom vremenu ili za no\u0161enje ispod oversized majica.<\/p>\n<p data-start=\"139\" data-end=\"214\"><strong data-start=\"139\" data-end=\"148\">Kroj:<\/strong> visok struk, prijanja uz telo i pru\u017ea gladak ose\u0107aj \u201edruge ko\u017ee\u201c.<\/p>\n<p data-start=\"216\" data-end=\"342\"><strong data-start=\"216\" data-end=\"234\">Stilski savet:<\/strong> uparite ih sa <strong><em data-start=\"249\" data-end=\"257\">Ondine<\/em> majicom<\/strong> s kratkim rukavima ili sportskim topom za uskla\u0111en, moderan sportski outfit.<\/p>\n<p data-start=\"344\" data-end=\"384\" data-is-last-node=\"\" data-is-only-node=\"\"><strong data-start=\"344\" data-end=\"358\">Materijal:<\/strong> 78% najlon, 22% spandeks.<\/p>\n","protected":false},"excerpt":{"rendered":"<p>&#8222;Ondine&#8220; Shorts Lagani, prozra\u010dni i stvoreni za pokret. Na\u0161i \u0161ortsevi kombinuju udobnost i moderan izgled, savr\u0161eni su za tople dane i aktivne trenutke. Elasti\u010dni materijal prijatno prati liniju tela i omogu\u0107ava lako kretanje, dok neutralni tonovi \u010dine da se lako kombinuju sa ostatkom garderobe. Idealno za: pilates treninge, ve\u017ebanje po toplom vremenu ili za no\u0161enje [&hellip;]<\/p>\n","protected":false},"featured_media":1938,"comment_status":"open","ping_status":"closed","template":"","meta":{"_acf_changed":false,"_seopress_robots_primary_cat":"none","_seopress_titles_title":"","_seopress_titles_desc":"","_seopress_robots_index":""},"product_brand":[],"product_cat":[145,151,144],"product_tag":[],"class_list":{"0":"post-3381","1":"product","2":"type-product","3":"status-publish","4":"has-post-thumbnail","6":"product_cat-activewear-sr","7":"product_cat-shorts-sr","8":"product_cat-women-sr","10":"first","11":"instock","12":"sale","13":"shipping-taxable","14":"purchasable","15":"product-type-variable","16":"has-default-attributes"},"acf":[],"_links":{"self":[{"href":"https:\/\/eliasocialclub.com\/sr\/wp-json\/wp\/v2\/product\/3381","targetHints":{"allow":["GET"]}}],"collection":[{"href":"https:\/\/eliasocialclub.com\/sr\/wp-json\/wp\/v2\/product"}],"about":[{"href":"https:\/\/eliasocialclub.com\/sr\/wp-json\/wp\/v2\/types\/product"}],"replies":[{"embeddable":true,"href":"https:\/\/eliasocialclub.com\/sr\/wp-json\/wp\/v2\/comments?post=3381"}],"wp:featuredmedia":[{"embeddable":true,"href":"https:\/\/eliasocialclub.com\/sr\/wp-json\/wp\/v2\/media\/1938"}],"wp:attachment":[{"href":"https:\/\/eliasocialclub.com\/sr\/wp-json\/wp\/v2\/media?parent=3381"}],"wp:term":[{"taxonomy":"product_brand","embeddable":true,"href":"https:\/\/eliasocialclub.com\/sr\/wp-json\/wp\/v2\/product_brand?post=3381"},{"taxonomy":"product_cat","embeddable":true,"href":"https:\/\/eliasocialclub.com\/sr\/wp-json\/wp\/v2\/product_cat?post=3381"},{"taxonomy":"product_tag","embeddable":true,"href":"https:\/\/eliasocialclub.com\/sr\/wp-json\/wp\/v2\/product_tag?post=3381"}],"curies":[{"name":"wp","href":"https:\/\/api.w.org\/{rel}","templated":true}]}}