{"id":3371,"date":"2025-02-20T12:05:33","date_gmt":"2025-02-20T11:05:33","guid":{"rendered":"https:\/\/eliasocialclub.com\/proizvod\/ondine-skirt\/"},"modified":"2025-12-22T14:51:05","modified_gmt":"2025-12-22T13:51:05","slug":"ondine-skirt","status":"publish","type":"product","link":"https:\/\/eliasocialclub.com\/sr\/proizvod\/ondine-skirt\/","title":{"rendered":"&#8222;Ondine&#8220; Skirt"},"content":{"rendered":"<p><strong><em>&#8222;Ondine&#8220; Skirt<\/em><\/strong><\/p>\n<p><em>\u017denstvena linija, savremena udobnost.<br \/>\n<\/em>Na\u0161e suknje kombinuju jednostavan kroj i besprekoran pad tkanine, stvaraju\u0107i siluetu koja se lako prilago\u0111ava svakom pokretu. Dizajnirane su da naglase prirodnu eleganciju i lako se uklapaju u sportske i svakodnevne kombinacije. Idealne su za trening lak\u0161eg inteziteta.<\/p>\n<p data-start=\"49\" data-end=\"132\"><strong data-start=\"49\" data-end=\"64\">Idealno za:<\/strong> tenis, padel i lako stilizovanje iz sportskog u svakodnevni izgled.<\/p>\n<p data-start=\"134\" data-end=\"205\"><strong data-start=\"134\" data-end=\"143\">Kroj:<\/strong> visok struk sa ugra\u0111enim \u0161ortsem.<\/p>\n<p data-start=\"207\" data-end=\"342\"><strong data-start=\"207\" data-end=\"225\">Stilski savet:<\/strong> kombinujte ga sa <strong><em data-start=\"243\" data-end=\"251\">Ondine<\/em> sportskim topom<\/strong> za kompletan \u017eenski aktivni set koji spaja funkcionalnost i savremen stil.<\/p>\n<p data-start=\"344\" data-end=\"384\" data-is-last-node=\"\" data-is-only-node=\"\"><strong data-start=\"344\" data-end=\"358\">Materijal:<\/strong> 78% najlon, 22% spandeks.<\/p>\n","protected":false},"excerpt":{"rendered":"<p>&#8222;Ondine&#8220; Skirt \u017denstvena linija, savremena udobnost. Na\u0161e suknje kombinuju jednostavan kroj i besprekoran pad tkanine, stvaraju\u0107i siluetu koja se lako prilago\u0111ava svakom pokretu. Dizajnirane su da naglase prirodnu eleganciju i lako se uklapaju u sportske i svakodnevne kombinacije. Idealne su za trening lak\u0161eg inteziteta. Idealno za: tenis, padel i lako stilizovanje iz sportskog u svakodnevni [&hellip;]<\/p>\n","protected":false},"featured_media":1992,"comment_status":"open","ping_status":"closed","template":"","meta":{"_acf_changed":false,"_seopress_robots_primary_cat":"none","_seopress_titles_title":"","_seopress_titles_desc":"","_seopress_robots_index":""},"product_brand":[],"product_cat":[145,157,144],"product_tag":[],"class_list":{"0":"post-3371","1":"product","2":"type-product","3":"status-publish","4":"has-post-thumbnail","6":"product_cat-activewear-sr","7":"product_cat-skirts-sr","8":"product_cat-women-sr","10":"first","11":"instock","12":"sale","13":"shipping-taxable","14":"purchasable","15":"product-type-variable","16":"has-default-attributes"},"acf":[],"_links":{"self":[{"href":"https:\/\/eliasocialclub.com\/sr\/wp-json\/wp\/v2\/product\/3371","targetHints":{"allow":["GET"]}}],"collection":[{"href":"https:\/\/eliasocialclub.com\/sr\/wp-json\/wp\/v2\/product"}],"about":[{"href":"https:\/\/eliasocialclub.com\/sr\/wp-json\/wp\/v2\/types\/product"}],"replies":[{"embeddable":true,"href":"https:\/\/eliasocialclub.com\/sr\/wp-json\/wp\/v2\/comments?post=3371"}],"wp:featuredmedia":[{"embeddable":true,"href":"https:\/\/eliasocialclub.com\/sr\/wp-json\/wp\/v2\/media\/1992"}],"wp:attachment":[{"href":"https:\/\/eliasocialclub.com\/sr\/wp-json\/wp\/v2\/media?parent=3371"}],"wp:term":[{"taxonomy":"product_brand","embeddable":true,"href":"https:\/\/eliasocialclub.com\/sr\/wp-json\/wp\/v2\/product_brand?post=3371"},{"taxonomy":"product_cat","embeddable":true,"href":"https:\/\/eliasocialclub.com\/sr\/wp-json\/wp\/v2\/product_cat?post=3371"},{"taxonomy":"product_tag","embeddable":true,"href":"https:\/\/eliasocialclub.com\/sr\/wp-json\/wp\/v2\/product_tag?post=3371"}],"curies":[{"name":"wp","href":"https:\/\/api.w.org\/{rel}","templated":true}]}}