{"id":3360,"date":"2025-02-20T12:11:43","date_gmt":"2025-02-20T11:11:43","guid":{"rendered":"https:\/\/eliasocialclub.com\/proizvod\/ondine-bra-top\/"},"modified":"2025-12-22T14:49:49","modified_gmt":"2025-12-22T13:49:49","slug":"ondine-bra-top","status":"publish","type":"product","link":"https:\/\/eliasocialclub.com\/sr\/proizvod\/ondine-bra-top\/","title":{"rendered":"&#8222;Ondine&#8220; Bra Top"},"content":{"rendered":"<p><strong><em>&#8222;Ondine&#8220; Bra Top<\/em><\/strong><\/p>\n<p><em>Moderni, udobni i dizajnirani da telo di\u0161e.<br \/>\n<\/em>Na\u0161i topovi pru\u017eaju savr\u0161enu ravnote\u017eu izme\u0111u stila i funkcionalnosti. Napravljeni su od glatke, elasti\u010dne tkanine koja oblikuje telo i pru\u017ea laganu potporu, idealni su za pilates, trening ili kao deo svakodnevnih kombinacija. Lako se kombinuju sa helankama ili ispod blejzera za moderan kontrast.<\/p>\n<article class=\"text-token-text-primary w-full focus:outline-none [--shadow-height:45px] has-data-writing-block:pointer-events-none has-data-writing-block:-mt-(--shadow-height) has-data-writing-block:pt-(--shadow-height) [&amp;:has([data-writing-block])&gt;*]:pointer-events-auto [content-visibility:auto] supports-[content-visibility:auto]:[contain-intrinsic-size:auto_100lvh] scroll-mt-[calc(var(--header-height)+min(200px,max(70px,20svh)))]\" dir=\"auto\" tabindex=\"-1\" data-turn-id=\"request-691aefa0-8364-832e-8c11-6b8528cc1f1a-3\" data-testid=\"conversation-turn-10\" data-scroll-anchor=\"true\" data-turn=\"assistant\">\n<div class=\"text-base my-auto mx-auto pb-10 [--thread-content-margin:--spacing(4)] thread-sm:[--thread-content-margin:--spacing(6)] thread-lg:[--thread-content-margin:--spacing(16)] px-(--thread-content-margin)\">\n<div class=\"[--thread-content-max-width:40rem] thread-lg:[--thread-content-max-width:48rem] mx-auto max-w-(--thread-content-max-width) flex-1 group\/turn-messages focus-visible:outline-hidden relative flex w-full min-w-0 flex-col agent-turn\" tabindex=\"-1\">\n<div class=\"flex max-w-full flex-col grow\">\n<div class=\"min-h-8 text-message relative flex w-full flex-col items-end gap-2 text-start break-words whitespace-normal [.text-message+&amp;]:mt-1\" dir=\"auto\" data-message-author-role=\"assistant\" data-message-id=\"474fb538-8021-4723-b1ec-bbf79529f621\" data-message-model-slug=\"gpt-5-1\">\n<div class=\"flex w-full flex-col gap-1 empty:hidden first:pt-[1px]\">\n<div class=\"markdown prose dark:prose-invert w-full break-words light markdown-new-styling\">\n<p data-start=\"49\" data-end=\"172\"><strong data-start=\"49\" data-end=\"64\">Idealno za:<\/strong> treninge u studiju, ve\u017ebe niskog do srednjeg intenziteta ili kao osnovni sloj u svakodnevnim kombinacijama.<\/p>\n<p data-start=\"174\" data-end=\"254\"><strong data-start=\"174\" data-end=\"183\">Kroj:<\/strong> podr\u017eavaju\u0107i, kompresivan, sa glatkom siluetom koja prati liniju tela.<\/p>\n<p data-start=\"256\" data-end=\"394\"><strong data-start=\"256\" data-end=\"274\">Stilski savet:<\/strong> uparite ga sa <strong><em data-start=\"289\" data-end=\"297\">Ondine<\/em> helankama<\/strong> ili <strong>\u0161ortsom<\/strong> za uskla\u0111en, moderan sportski outfit.<\/p>\n<p data-start=\"396\" data-end=\"436\" data-is-last-node=\"\" data-is-only-node=\"\"><strong data-start=\"396\" data-end=\"410\">Materijal:<\/strong> 78% najlon, 22% spandeks.<\/p>\n<\/div>\n<\/div>\n<\/div>\n<\/div>\n<\/div>\n<\/div>\n<\/article>\n","protected":false},"excerpt":{"rendered":"<p>&#8222;Ondine&#8220; Bra Top Moderni, udobni i dizajnirani da telo di\u0161e. Na\u0161i topovi pru\u017eaju savr\u0161enu ravnote\u017eu izme\u0111u stila i funkcionalnosti. Napravljeni su od glatke, elasti\u010dne tkanine koja oblikuje telo i pru\u017ea laganu potporu, idealni su za pilates, trening ili kao deo svakodnevnih kombinacija. Lako se kombinuju sa helankama ili ispod blejzera za moderan kontrast. Idealno za: [&hellip;]<\/p>\n","protected":false},"featured_media":1962,"comment_status":"open","ping_status":"closed","template":"","meta":{"_acf_changed":false,"_seopress_robots_primary_cat":"none","_seopress_titles_title":"","_seopress_titles_desc":"","_seopress_robots_index":""},"product_brand":[],"product_cat":[145,152,144],"product_tag":[],"class_list":{"0":"post-3360","1":"product","2":"type-product","3":"status-publish","4":"has-post-thumbnail","6":"product_cat-activewear-sr","7":"product_cat-tops-sr","8":"product_cat-women-sr","10":"first","11":"instock","12":"sale","13":"shipping-taxable","14":"purchasable","15":"product-type-variable","16":"has-default-attributes"},"acf":[],"_links":{"self":[{"href":"https:\/\/eliasocialclub.com\/sr\/wp-json\/wp\/v2\/product\/3360","targetHints":{"allow":["GET"]}}],"collection":[{"href":"https:\/\/eliasocialclub.com\/sr\/wp-json\/wp\/v2\/product"}],"about":[{"href":"https:\/\/eliasocialclub.com\/sr\/wp-json\/wp\/v2\/types\/product"}],"replies":[{"embeddable":true,"href":"https:\/\/eliasocialclub.com\/sr\/wp-json\/wp\/v2\/comments?post=3360"}],"wp:featuredmedia":[{"embeddable":true,"href":"https:\/\/eliasocialclub.com\/sr\/wp-json\/wp\/v2\/media\/1962"}],"wp:attachment":[{"href":"https:\/\/eliasocialclub.com\/sr\/wp-json\/wp\/v2\/media?parent=3360"}],"wp:term":[{"taxonomy":"product_brand","embeddable":true,"href":"https:\/\/eliasocialclub.com\/sr\/wp-json\/wp\/v2\/product_brand?post=3360"},{"taxonomy":"product_cat","embeddable":true,"href":"https:\/\/eliasocialclub.com\/sr\/wp-json\/wp\/v2\/product_cat?post=3360"},{"taxonomy":"product_tag","embeddable":true,"href":"https:\/\/eliasocialclub.com\/sr\/wp-json\/wp\/v2\/product_tag?post=3360"}],"curies":[{"name":"wp","href":"https:\/\/api.w.org\/{rel}","templated":true}]}}