{"id":3355,"date":"2025-02-20T12:17:05","date_gmt":"2025-02-20T11:17:05","guid":{"rendered":"https:\/\/eliasocialclub.com\/proizvod\/ondine-short-sleeve-top\/"},"modified":"2025-12-22T14:55:22","modified_gmt":"2025-12-22T13:55:22","slug":"ondine-short-sleeve-top","status":"publish","type":"product","link":"https:\/\/eliasocialclub.com\/sr\/proizvod\/ondine-short-sleeve-top\/","title":{"rendered":"&#8222;Ondine&#8220; Short Sleeve Top"},"content":{"rendered":"<p><strong><em>&#8222;Ondine&#8220; Short Sleeve Top<\/em><\/strong><\/p>\n<p><em>Moderni, udobni i dizajnirani da telo di\u0161e.<br \/>\n<\/em>Na\u0161i topovi pru\u017eaju savr\u0161enu ravnote\u017eu izme\u0111u stila i funkcionalnosti. Napravljeni su od glatke, elasti\u010dne tkanine koja oblikuje telo i pru\u017ea laganu potporu, idealni su za pilates, trening ili kao deo svakodnevnih kombinacija. Lako se kombinuju sa helankama ili ispod blejzera za moderan kontrast.<\/p>\n<p data-start=\"48\" data-end=\"159\"><strong data-start=\"48\" data-end=\"63\">Idealno za:<\/strong> pilates treninge, obla\u010denje u slojevima ili samostalno stilizovano za opu\u0161tene dane.<\/p>\n<p data-start=\"161\" data-end=\"253\"><strong data-start=\"161\" data-end=\"170\">Kroj:<\/strong> oblikovan, skra\u0107en model sa kratkim kap rukavima koji nagla\u0161ava \u017eenstvenu siluetu.<\/p>\n<p data-start=\"255\" data-end=\"369\"><strong data-start=\"255\" data-end=\"273\">Stilski savet:<\/strong> uparite ga sa <strong><em data-start=\"288\" data-end=\"296\">Ondine<\/em> \u0161ortsom<\/strong> ili <strong>helankama visokog struka<\/strong> za elegantan, monohromatski izgled.<\/p>\n<p data-start=\"371\" data-end=\"411\" data-is-last-node=\"\" data-is-only-node=\"\"><strong data-start=\"371\" data-end=\"385\">Materijal:<\/strong> 78% najlon, 22% spandeks.<\/p>\n","protected":false},"excerpt":{"rendered":"<p>&#8222;Ondine&#8220; Short Sleeve Top Moderni, udobni i dizajnirani da telo di\u0161e. Na\u0161i topovi pru\u017eaju savr\u0161enu ravnote\u017eu izme\u0111u stila i funkcionalnosti. Napravljeni su od glatke, elasti\u010dne tkanine koja oblikuje telo i pru\u017ea laganu potporu, idealni su za pilates, trening ili kao deo svakodnevnih kombinacija. Lako se kombinuju sa helankama ili ispod blejzera za moderan kontrast. Idealno [&hellip;]<\/p>\n","protected":false},"featured_media":1937,"comment_status":"open","ping_status":"closed","template":"","meta":{"_acf_changed":false,"_seopress_robots_primary_cat":"none","_seopress_titles_title":"","_seopress_titles_desc":"","_seopress_robots_index":""},"product_brand":[],"product_cat":[145,152,144],"product_tag":[],"class_list":{"0":"post-3355","1":"product","2":"type-product","3":"status-publish","4":"has-post-thumbnail","6":"product_cat-activewear-sr","7":"product_cat-tops-sr","8":"product_cat-women-sr","10":"first","11":"instock","12":"sale","13":"shipping-taxable","14":"purchasable","15":"product-type-variable","16":"has-default-attributes"},"acf":[],"_links":{"self":[{"href":"https:\/\/eliasocialclub.com\/sr\/wp-json\/wp\/v2\/product\/3355","targetHints":{"allow":["GET"]}}],"collection":[{"href":"https:\/\/eliasocialclub.com\/sr\/wp-json\/wp\/v2\/product"}],"about":[{"href":"https:\/\/eliasocialclub.com\/sr\/wp-json\/wp\/v2\/types\/product"}],"replies":[{"embeddable":true,"href":"https:\/\/eliasocialclub.com\/sr\/wp-json\/wp\/v2\/comments?post=3355"}],"wp:featuredmedia":[{"embeddable":true,"href":"https:\/\/eliasocialclub.com\/sr\/wp-json\/wp\/v2\/media\/1937"}],"wp:attachment":[{"href":"https:\/\/eliasocialclub.com\/sr\/wp-json\/wp\/v2\/media?parent=3355"}],"wp:term":[{"taxonomy":"product_brand","embeddable":true,"href":"https:\/\/eliasocialclub.com\/sr\/wp-json\/wp\/v2\/product_brand?post=3355"},{"taxonomy":"product_cat","embeddable":true,"href":"https:\/\/eliasocialclub.com\/sr\/wp-json\/wp\/v2\/product_cat?post=3355"},{"taxonomy":"product_tag","embeddable":true,"href":"https:\/\/eliasocialclub.com\/sr\/wp-json\/wp\/v2\/product_tag?post=3355"}],"curies":[{"name":"wp","href":"https:\/\/api.w.org\/{rel}","templated":true}]}}