{"id":3345,"date":"2025-05-16T20:22:46","date_gmt":"2025-05-16T18:22:46","guid":{"rendered":"https:\/\/eliasocialclub.com\/proizvod\/sable-body\/"},"modified":"2025-12-22T16:15:12","modified_gmt":"2025-12-22T15:15:12","slug":"sable-body","status":"publish","type":"product","link":"https:\/\/eliasocialclub.com\/sr\/proizvod\/sable-body\/","title":{"rendered":"Second Skin Body"},"content":{"rendered":"<p><strong><em>Second Skin Body<\/em><\/strong><\/p>\n<p><em>Elegantni i dizajnirani da se nose kao druga ko\u017ea.<br \/>\n<\/em>Na\u0161i bodiji u ne\u017enim tonovima imaju glatku strukturu koja prati liniju tela, stvaraju\u0107i sofisticiran izgled. Lako se kombinuju sa sportskim i svakodnevnim komadima, savr\u0161eni kao slojeviti element ispod sakoa ili kao samostalni odevni komad. Imaju prijanjaju\u0107i dizajn sa kratkim rukavima i jednostavnim kvadratnim izrezom. Idealni su za kombinovanje sa pantalonama visokog struka, trenerkom ili elegantnim komadima za diskretnu sofisticiranost.<\/p>\n<p data-start=\"74\" data-end=\"177\"><strong data-start=\"74\" data-end=\"89\">Idealno za:<\/strong> svakodnevno no\u0161enje, kombinovanje slojeva ili stilizovanje uz elegantno krojene komade.<\/p>\n<p data-start=\"179\" data-end=\"251\"><strong data-start=\"179\" data-end=\"188\">Kroj:<\/strong> \u010detvrtasti izrez, kratki rukavi, model koji prati liniju tela.<\/p>\n<p data-start=\"253\" data-end=\"452\" data-is-last-node=\"\" data-is-only-node=\"\"><strong data-start=\"253\" data-end=\"271\">Stilski savet:<\/strong> kombinujte ga sa farmerkama visokog struka za le\u017eeran i nenametljiv izgled, sa <strong><em data-start=\"351\" data-end=\"357\">Elia<\/em> donjim delom trenerke<\/strong> za opu\u0161tene dane ili sa pantalonama i blejzerom za diskretnu eleganciju.<\/p>\n","protected":false},"excerpt":{"rendered":"<p>Second Skin Body Elegantni i dizajnirani da se nose kao druga ko\u017ea. Na\u0161i bodiji u ne\u017enim tonovima imaju glatku strukturu koja prati liniju tela, stvaraju\u0107i sofisticiran izgled. Lako se kombinuju sa sportskim i svakodnevnim komadima, savr\u0161eni kao slojeviti element ispod sakoa ili kao samostalni odevni komad. Imaju prijanjaju\u0107i dizajn sa kratkim rukavima i jednostavnim kvadratnim [&hellip;]<\/p>\n","protected":false},"featured_media":2142,"comment_status":"open","ping_status":"closed","template":"","meta":{"_acf_changed":false,"_seopress_robots_primary_cat":"none","_seopress_titles_title":"","_seopress_titles_desc":"","_seopress_robots_index":""},"product_brand":[],"product_cat":[162,143,144],"product_tag":[],"class_list":{"0":"post-3345","1":"product","2":"type-product","3":"status-publish","4":"has-post-thumbnail","6":"product_cat-body-sr","7":"product_cat-new-sr","8":"product_cat-women-sr","10":"first","11":"instock","12":"sale","13":"shipping-taxable","14":"purchasable","15":"product-type-variable","16":"has-default-attributes"},"acf":[],"_links":{"self":[{"href":"https:\/\/eliasocialclub.com\/sr\/wp-json\/wp\/v2\/product\/3345","targetHints":{"allow":["GET"]}}],"collection":[{"href":"https:\/\/eliasocialclub.com\/sr\/wp-json\/wp\/v2\/product"}],"about":[{"href":"https:\/\/eliasocialclub.com\/sr\/wp-json\/wp\/v2\/types\/product"}],"replies":[{"embeddable":true,"href":"https:\/\/eliasocialclub.com\/sr\/wp-json\/wp\/v2\/comments?post=3345"}],"wp:featuredmedia":[{"embeddable":true,"href":"https:\/\/eliasocialclub.com\/sr\/wp-json\/wp\/v2\/media\/2142"}],"wp:attachment":[{"href":"https:\/\/eliasocialclub.com\/sr\/wp-json\/wp\/v2\/media?parent=3345"}],"wp:term":[{"taxonomy":"product_brand","embeddable":true,"href":"https:\/\/eliasocialclub.com\/sr\/wp-json\/wp\/v2\/product_brand?post=3345"},{"taxonomy":"product_cat","embeddable":true,"href":"https:\/\/eliasocialclub.com\/sr\/wp-json\/wp\/v2\/product_cat?post=3345"},{"taxonomy":"product_tag","embeddable":true,"href":"https:\/\/eliasocialclub.com\/sr\/wp-json\/wp\/v2\/product_tag?post=3345"}],"curies":[{"name":"wp","href":"https:\/\/api.w.org\/{rel}","templated":true}]}}