{"id":3249,"date":"2025-05-17T13:34:11","date_gmt":"2025-05-17T11:34:11","guid":{"rendered":"https:\/\/eliasocialclub.com\/proizvod\/creme-shorts\/"},"modified":"2025-11-14T14:40:27","modified_gmt":"2025-11-14T13:40:27","slug":"creme-shorts","status":"publish","type":"product","link":"https:\/\/eliasocialclub.com\/sr\/proizvod\/creme-shorts\/","title":{"rendered":"Creme Shorts"},"content":{"rendered":"<p><em>Lagani, prozra\u010dni i stvoreni za pokret.<br \/>\n<\/em>Na\u0161i \u0161ortsevi kombinuju udobnost i moderan izgled, savr\u0161eni su za tople dane i aktivne trenutke. Elasti\u010dni materijal prijatno prati liniju tela i omogu\u0107ava lako kretanje, dok neutralni tonovi \u010dine da se lako kombinuju sa ostatkom garderobe. Idealni su za pilates, \u0161etnje, trening ili le\u017eerne kombinacije.<\/p>\n","protected":false},"excerpt":{"rendered":"<p>Lagani, prozra\u010dni i stvoreni za pokret. Na\u0161i \u0161ortsevi kombinuju udobnost i moderan izgled, savr\u0161eni su za tople dane i aktivne trenutke. Elasti\u010dni materijal prijatno prati liniju tela i omogu\u0107ava lako kretanje, dok neutralni tonovi \u010dine da se lako kombinuju sa ostatkom garderobe. Idealni su za pilates, \u0161etnje, trening ili le\u017eerne kombinacije.<\/p>\n","protected":false},"featured_media":2011,"comment_status":"open","ping_status":"closed","template":"","meta":{"_acf_changed":false,"_seopress_robots_primary_cat":"none","_seopress_titles_title":"","_seopress_titles_desc":"","_seopress_robots_index":""},"product_brand":[],"product_cat":[145,151,156,144],"product_tag":[],"class_list":{"0":"post-3249","1":"product","2":"type-product","3":"status-publish","4":"has-post-thumbnail","6":"product_cat-activewear-sr","7":"product_cat-shorts-sr","8":"product_cat-spring-collection-sr","9":"product_cat-women-sr","11":"first","12":"instock","13":"shipping-taxable","14":"purchasable","15":"product-type-variable","16":"has-default-attributes"},"acf":[],"_links":{"self":[{"href":"https:\/\/eliasocialclub.com\/sr\/wp-json\/wp\/v2\/product\/3249","targetHints":{"allow":["GET"]}}],"collection":[{"href":"https:\/\/eliasocialclub.com\/sr\/wp-json\/wp\/v2\/product"}],"about":[{"href":"https:\/\/eliasocialclub.com\/sr\/wp-json\/wp\/v2\/types\/product"}],"replies":[{"embeddable":true,"href":"https:\/\/eliasocialclub.com\/sr\/wp-json\/wp\/v2\/comments?post=3249"}],"wp:featuredmedia":[{"embeddable":true,"href":"https:\/\/eliasocialclub.com\/sr\/wp-json\/wp\/v2\/media\/2011"}],"wp:attachment":[{"href":"https:\/\/eliasocialclub.com\/sr\/wp-json\/wp\/v2\/media?parent=3249"}],"wp:term":[{"taxonomy":"product_brand","embeddable":true,"href":"https:\/\/eliasocialclub.com\/sr\/wp-json\/wp\/v2\/product_brand?post=3249"},{"taxonomy":"product_cat","embeddable":true,"href":"https:\/\/eliasocialclub.com\/sr\/wp-json\/wp\/v2\/product_cat?post=3249"},{"taxonomy":"product_tag","embeddable":true,"href":"https:\/\/eliasocialclub.com\/sr\/wp-json\/wp\/v2\/product_tag?post=3249"}],"curies":[{"name":"wp","href":"https:\/\/api.w.org\/{rel}","templated":true}]}}