{"id":3213,"date":"2025-05-17T14:42:57","date_gmt":"2025-05-17T12:42:57","guid":{"rendered":"https:\/\/eliasocialclub.com\/proizvod\/azur-leggings\/"},"modified":"2025-11-14T14:22:09","modified_gmt":"2025-11-14T13:22:09","slug":"azur-leggings","status":"publish","type":"product","link":"https:\/\/eliasocialclub.com\/sr\/proizvod\/azur-leggings\/","title":{"rendered":"Azur Leggings"},"content":{"rendered":"<p><em>Udobne, elasti\u010dne i savr\u0161eno prilago\u0111ene pokretu.<br \/>\n<\/em>Na\u0161e helanke u pastelnim tonovima donose sve\u017einu i jednostavan stil u tvoj svakodnevni look. Dizajnirane su tako da prate liniju tela i obezbede potpunu udobnost tokom ve\u017ebanja ili odmora. Glatka tkanina sa blagim efektom kompresije oblikuje siluetu, dok rastegljiv materijal omogu\u0107ava slobodu pokreta. Idealne su za pilates, trening, slobodno vreme ili slojevito obla\u010denje. Imaju udoban struk, du\u017einu do \u010dlanka i prijatu elasti\u010dnu tkaninu. Lako se kombinuju sa sportskim topom, majicom ili laganom ko\u0161uljom za \u010dist i moderan izgled.<\/p>\n","protected":false},"excerpt":{"rendered":"<p>Udobne, elasti\u010dne i savr\u0161eno prilago\u0111ene pokretu. Na\u0161e helanke u pastelnim tonovima donose sve\u017einu i jednostavan stil u tvoj svakodnevni look. Dizajnirane su tako da prate liniju tela i obezbede potpunu udobnost tokom ve\u017ebanja ili odmora. Glatka tkanina sa blagim efektom kompresije oblikuje siluetu, dok rastegljiv materijal omogu\u0107ava slobodu pokreta. Idealne su za pilates, trening, slobodno [&hellip;]<\/p>\n","protected":false},"featured_media":2049,"comment_status":"open","ping_status":"closed","template":"","meta":{"_acf_changed":false,"_seopress_robots_primary_cat":"none","_seopress_titles_title":"","_seopress_titles_desc":"","_seopress_robots_index":""},"product_brand":[],"product_cat":[145,154,156,144],"product_tag":[],"class_list":{"0":"post-3213","1":"product","2":"type-product","3":"status-publish","4":"has-post-thumbnail","6":"product_cat-activewear-sr","7":"product_cat-leggings-sr","8":"product_cat-spring-collection-sr","9":"product_cat-women-sr","11":"first","12":"instock","13":"shipping-taxable","14":"purchasable","15":"product-type-variable","16":"has-default-attributes"},"acf":[],"_links":{"self":[{"href":"https:\/\/eliasocialclub.com\/sr\/wp-json\/wp\/v2\/product\/3213","targetHints":{"allow":["GET"]}}],"collection":[{"href":"https:\/\/eliasocialclub.com\/sr\/wp-json\/wp\/v2\/product"}],"about":[{"href":"https:\/\/eliasocialclub.com\/sr\/wp-json\/wp\/v2\/types\/product"}],"replies":[{"embeddable":true,"href":"https:\/\/eliasocialclub.com\/sr\/wp-json\/wp\/v2\/comments?post=3213"}],"wp:featuredmedia":[{"embeddable":true,"href":"https:\/\/eliasocialclub.com\/sr\/wp-json\/wp\/v2\/media\/2049"}],"wp:attachment":[{"href":"https:\/\/eliasocialclub.com\/sr\/wp-json\/wp\/v2\/media?parent=3213"}],"wp:term":[{"taxonomy":"product_brand","embeddable":true,"href":"https:\/\/eliasocialclub.com\/sr\/wp-json\/wp\/v2\/product_brand?post=3213"},{"taxonomy":"product_cat","embeddable":true,"href":"https:\/\/eliasocialclub.com\/sr\/wp-json\/wp\/v2\/product_cat?post=3213"},{"taxonomy":"product_tag","embeddable":true,"href":"https:\/\/eliasocialclub.com\/sr\/wp-json\/wp\/v2\/product_tag?post=3213"}],"curies":[{"name":"wp","href":"https:\/\/api.w.org\/{rel}","templated":true}]}}