{"id":2978,"date":"2025-05-19T11:38:05","date_gmt":"2025-05-19T09:38:05","guid":{"rendered":"https:\/\/eliasocialclub.com\/proizvod\/petale-skirt\/"},"modified":"2025-11-06T11:22:50","modified_gmt":"2025-11-06T10:22:50","slug":"petale-skirt","status":"publish","type":"product","link":"https:\/\/eliasocialclub.com\/sr\/proizvod\/petale-skirt\/","title":{"rendered":"Petale Skirt"},"content":{"rendered":"<p><em>\u017denstvena linija, savremena udobnost.<br \/>\n<\/em>Na\u0161e suknje kombinuju jednostavan kroj i besprekoran pad tkanine, stvaraju\u0107i siluetu koja se lako prilago\u0111ava svakom pokretu. Dizajnirane su da naglase prirodnu eleganciju i lako se uklapaju u sportske i svakodnevne kombinacije. Idealne su za trening lak\u0161eg inteziteta.<\/p>\n","protected":false},"excerpt":{"rendered":"<p>\u017denstvena linija, savremena udobnost. Na\u0161e suknje kombinuju jednostavan kroj i besprekoran pad tkanine, stvaraju\u0107i siluetu koja se lako prilago\u0111ava svakom pokretu. Dizajnirane su da naglase prirodnu eleganciju i lako se uklapaju u sportske i svakodnevne kombinacije. Idealne su za trening lak\u0161eg inteziteta.<\/p>\n","protected":false},"featured_media":2135,"comment_status":"open","ping_status":"closed","template":"","meta":{"_acf_changed":false,"_seopress_robots_primary_cat":"none","_seopress_titles_title":"","_seopress_titles_desc":"","_seopress_robots_index":""},"product_brand":[],"product_cat":[145,157,156,144],"product_tag":[],"class_list":{"0":"post-2978","1":"product","2":"type-product","3":"status-publish","4":"has-post-thumbnail","6":"product_cat-activewear-sr","7":"product_cat-skirts-sr","8":"product_cat-spring-collection-sr","9":"product_cat-women-sr","11":"first","12":"instock","13":"shipping-taxable","14":"purchasable","15":"product-type-variable","16":"has-default-attributes"},"acf":[],"_links":{"self":[{"href":"https:\/\/eliasocialclub.com\/sr\/wp-json\/wp\/v2\/product\/2978","targetHints":{"allow":["GET"]}}],"collection":[{"href":"https:\/\/eliasocialclub.com\/sr\/wp-json\/wp\/v2\/product"}],"about":[{"href":"https:\/\/eliasocialclub.com\/sr\/wp-json\/wp\/v2\/types\/product"}],"replies":[{"embeddable":true,"href":"https:\/\/eliasocialclub.com\/sr\/wp-json\/wp\/v2\/comments?post=2978"}],"wp:featuredmedia":[{"embeddable":true,"href":"https:\/\/eliasocialclub.com\/sr\/wp-json\/wp\/v2\/media\/2135"}],"wp:attachment":[{"href":"https:\/\/eliasocialclub.com\/sr\/wp-json\/wp\/v2\/media?parent=2978"}],"wp:term":[{"taxonomy":"product_brand","embeddable":true,"href":"https:\/\/eliasocialclub.com\/sr\/wp-json\/wp\/v2\/product_brand?post=2978"},{"taxonomy":"product_cat","embeddable":true,"href":"https:\/\/eliasocialclub.com\/sr\/wp-json\/wp\/v2\/product_cat?post=2978"},{"taxonomy":"product_tag","embeddable":true,"href":"https:\/\/eliasocialclub.com\/sr\/wp-json\/wp\/v2\/product_tag?post=2978"}],"curies":[{"name":"wp","href":"https:\/\/api.w.org\/{rel}","templated":true}]}}