{"id":2972,"date":"2025-07-26T15:59:12","date_gmt":"2025-07-26T13:59:12","guid":{"rendered":"https:\/\/eliasocialclub.com\/proizvod\/charm-top-pink\/"},"modified":"2025-11-06T11:20:20","modified_gmt":"2025-11-06T10:20:20","slug":"charm-top-pink","status":"publish","type":"product","link":"https:\/\/eliasocialclub.com\/sr\/proizvod\/charm-top-pink\/","title":{"rendered":"Charm Top"},"content":{"rendered":"<p><strong>Charm Top<\/strong><\/p>\n<p><em>Moderni, udobni i dizajnirani da telo di\u0161e.<br \/>\n<\/em>Na\u0161i topovi pru\u017eaju savr\u0161enu ravnote\u017eu izme\u0111u stila i funkcionalnosti. Napravljeni su od glatke, elasti\u010dne tkanine koja oblikuje telo i pru\u017ea laganu potporu, idealni su za pilates, trening ili kao deo svakodnevnih kombinacija. Lako se kombinuju sa helankama ili ispod blejzera za moderan kontrast.<\/p>\n<p data-start=\"0\" data-end=\"87\">Savr\u0161eno za: pilates, lagane treninge, odmaranje ili no\u0161enje ispod d\u017eempera i ko\u0161ulja<\/p>\n<p data-start=\"89\" data-end=\"201\">Kroj: prednji deo sa scoop izrezom, otvoreni X-detalj na le\u0111ima, oblikovan kroj sa blagom unutra\u0161njom podr\u0161kom<\/p>\n<p data-start=\"203\" data-end=\"357\">Stilski savet: kombinujte sa <strong>Charm helankama<\/strong> za romanti\u010dan monohromatski izgled, ili nosite ispod <strong>Ballet long sleeve topa<\/strong> za dodatnu teksturu i kontrast<\/p>\n<p data-start=\"359\" data-end=\"394\" data-is-last-node=\"\" data-is-only-node=\"\">Materijal: 78% najlon, 22% spandeks<\/p>\n","protected":false},"excerpt":{"rendered":"<p>Charm Top Moderni, udobni i dizajnirani da telo di\u0161e. Na\u0161i topovi pru\u017eaju savr\u0161enu ravnote\u017eu izme\u0111u stila i funkcionalnosti. Napravljeni su od glatke, elasti\u010dne tkanine koja oblikuje telo i pru\u017ea laganu potporu, idealni su za pilates, trening ili kao deo svakodnevnih kombinacija. Lako se kombinuju sa helankama ili ispod blejzera za moderan kontrast. Savr\u0161eno za: pilates, [&hellip;]<\/p>\n","protected":false},"featured_media":2331,"comment_status":"open","ping_status":"closed","template":"","meta":{"_acf_changed":false,"_seopress_robots_primary_cat":"none","_seopress_titles_title":"","_seopress_titles_desc":"","_seopress_robots_index":""},"product_brand":[],"product_cat":[145,143,142,152,144],"product_tag":[],"class_list":{"0":"post-2972","1":"product","2":"type-product","3":"status-publish","4":"has-post-thumbnail","6":"product_cat-activewear-sr","7":"product_cat-new-sr","8":"product_cat-summer-collecton-sr","9":"product_cat-tops-sr","10":"product_cat-women-sr","12":"first","13":"instock","14":"shipping-taxable","15":"purchasable","16":"product-type-variable","17":"has-default-attributes"},"acf":[],"_links":{"self":[{"href":"https:\/\/eliasocialclub.com\/sr\/wp-json\/wp\/v2\/product\/2972","targetHints":{"allow":["GET"]}}],"collection":[{"href":"https:\/\/eliasocialclub.com\/sr\/wp-json\/wp\/v2\/product"}],"about":[{"href":"https:\/\/eliasocialclub.com\/sr\/wp-json\/wp\/v2\/types\/product"}],"replies":[{"embeddable":true,"href":"https:\/\/eliasocialclub.com\/sr\/wp-json\/wp\/v2\/comments?post=2972"}],"wp:featuredmedia":[{"embeddable":true,"href":"https:\/\/eliasocialclub.com\/sr\/wp-json\/wp\/v2\/media\/2331"}],"wp:attachment":[{"href":"https:\/\/eliasocialclub.com\/sr\/wp-json\/wp\/v2\/media?parent=2972"}],"wp:term":[{"taxonomy":"product_brand","embeddable":true,"href":"https:\/\/eliasocialclub.com\/sr\/wp-json\/wp\/v2\/product_brand?post=2972"},{"taxonomy":"product_cat","embeddable":true,"href":"https:\/\/eliasocialclub.com\/sr\/wp-json\/wp\/v2\/product_cat?post=2972"},{"taxonomy":"product_tag","embeddable":true,"href":"https:\/\/eliasocialclub.com\/sr\/wp-json\/wp\/v2\/product_tag?post=2972"}],"curies":[{"name":"wp","href":"https:\/\/api.w.org\/{rel}","templated":true}]}}