{"id":2965,"date":"2025-07-26T17:41:19","date_gmt":"2025-07-26T15:41:19","guid":{"rendered":"https:\/\/eliasocialclub.com\/proizvod\/charm-shorts-pink\/"},"modified":"2025-11-06T11:15:44","modified_gmt":"2025-11-06T10:15:44","slug":"charm-shorts-pink","status":"publish","type":"product","link":"https:\/\/eliasocialclub.com\/sr\/proizvod\/charm-shorts-pink\/","title":{"rendered":"Charm Shorts"},"content":{"rendered":"<p><strong>Charm Shorts<\/strong><\/p>\n<p><em>Lagani, prozra\u010dni i stvoreni za pokret.<br \/>\n<\/em>Na\u0161i \u0161ortsevi kombinuju udobnost i moderan izgled, savr\u0161eni su za tople dane i aktivne trenutke. Elasti\u010dni materijal prijatno prati liniju tela i omogu\u0107ava lako kretanje, dok neutralni tonovi \u010dine da se lako kombinuju sa ostatkom garderobe. Idealni su za pilates, \u0161etnje, trening ili le\u017eerne kombinacije.<\/p>\n<p data-start=\"0\" data-end=\"88\">Savr\u0161eno za: pilates, vo\u017enju bicikla, \u0161etnju, slojevito no\u0161enje ili ne\u017ean le\u017eerni stil<\/p>\n<p data-start=\"90\" data-end=\"190\">Kroj: visok struk u obliku V, du\u017eina do sredine butina, lagana kompresija sa ose\u0107ajem \u201edruge ko\u017ee\u201c<\/p>\n<p data-start=\"192\" data-end=\"359\">Stilski savet: kombinujte sa <strong>Charm topom<\/strong> za \u017eenstven komplet ili nosite sa oversized ko\u0161uljom ili <strong>Ballet long sleeve topom<\/strong> za slojeviti efekat \u201eod studija do ulice\u201c<\/p>\n<p data-start=\"361\" data-end=\"396\" data-is-last-node=\"\" data-is-only-node=\"\">Materijal: 78% najlon, 22% spandeks<\/p>\n","protected":false},"excerpt":{"rendered":"<p>Charm Shorts Lagani, prozra\u010dni i stvoreni za pokret. Na\u0161i \u0161ortsevi kombinuju udobnost i moderan izgled, savr\u0161eni su za tople dane i aktivne trenutke. Elasti\u010dni materijal prijatno prati liniju tela i omogu\u0107ava lako kretanje, dok neutralni tonovi \u010dine da se lako kombinuju sa ostatkom garderobe. Idealni su za pilates, \u0161etnje, trening ili le\u017eerne kombinacije. Savr\u0161eno za: [&hellip;]<\/p>\n","protected":false},"featured_media":2311,"comment_status":"open","ping_status":"closed","template":"","meta":{"_acf_changed":false,"_seopress_robots_primary_cat":"none","_seopress_titles_title":"","_seopress_titles_desc":"","_seopress_robots_index":""},"product_brand":[],"product_cat":[145,143,151,142,144],"product_tag":[],"class_list":{"0":"post-2965","1":"product","2":"type-product","3":"status-publish","4":"has-post-thumbnail","6":"product_cat-activewear-sr","7":"product_cat-new-sr","8":"product_cat-shorts-sr","9":"product_cat-summer-collecton-sr","10":"product_cat-women-sr","12":"first","13":"instock","14":"shipping-taxable","15":"purchasable","16":"product-type-variable","17":"has-default-attributes"},"acf":[],"_links":{"self":[{"href":"https:\/\/eliasocialclub.com\/sr\/wp-json\/wp\/v2\/product\/2965","targetHints":{"allow":["GET"]}}],"collection":[{"href":"https:\/\/eliasocialclub.com\/sr\/wp-json\/wp\/v2\/product"}],"about":[{"href":"https:\/\/eliasocialclub.com\/sr\/wp-json\/wp\/v2\/types\/product"}],"replies":[{"embeddable":true,"href":"https:\/\/eliasocialclub.com\/sr\/wp-json\/wp\/v2\/comments?post=2965"}],"wp:featuredmedia":[{"embeddable":true,"href":"https:\/\/eliasocialclub.com\/sr\/wp-json\/wp\/v2\/media\/2311"}],"wp:attachment":[{"href":"https:\/\/eliasocialclub.com\/sr\/wp-json\/wp\/v2\/media?parent=2965"}],"wp:term":[{"taxonomy":"product_brand","embeddable":true,"href":"https:\/\/eliasocialclub.com\/sr\/wp-json\/wp\/v2\/product_brand?post=2965"},{"taxonomy":"product_cat","embeddable":true,"href":"https:\/\/eliasocialclub.com\/sr\/wp-json\/wp\/v2\/product_cat?post=2965"},{"taxonomy":"product_tag","embeddable":true,"href":"https:\/\/eliasocialclub.com\/sr\/wp-json\/wp\/v2\/product_tag?post=2965"}],"curies":[{"name":"wp","href":"https:\/\/api.w.org\/{rel}","templated":true}]}}