{"id":2959,"date":"2025-07-26T17:57:25","date_gmt":"2025-07-26T15:57:25","guid":{"rendered":"https:\/\/eliasocialclub.com\/proizvod\/charm-leggings-pink\/"},"modified":"2025-11-06T11:09:48","modified_gmt":"2025-11-06T10:09:48","slug":"charm-leggings-pink","status":"publish","type":"product","link":"https:\/\/eliasocialclub.com\/sr\/proizvod\/charm-leggings-pink\/","title":{"rendered":"Charm Leggings"},"content":{"rendered":"<p><strong>Charm Leggings<\/strong><\/p>\n<p><em>Udobne, elasti\u010dne i savr\u0161eno prilago\u0111ene pokretu.<br \/>\n<\/em>Na\u0161e helanke u pastelnim tonovima donose sve\u017einu i jednostavan stil u tvoj svakodnevni look. Dizajnirane su tako da prate liniju tela i obezbede potpunu udobnost tokom ve\u017ebanja ili odmora. Glatka tkanina sa blagim efektom kompresije oblikuje siluetu, dok rastegljiv materijal omogu\u0107ava slobodu pokreta. Idealne su za pilates, trening, slobodno vreme ili slojevito obla\u010denje. Imaju udoban struk, du\u017einu do \u010dlanka i prijatu elasti\u010dnu tkaninu. Lako se kombinuju sa sportskim topom, majicom ili laganom ko\u0161uljom za \u010dist i moderan izgled.<\/p>\n<p data-start=\"0\" data-end=\"69\">Savr\u0161eno za: pilates, pokrete, ne\u017eno stilizovanje ili opu\u0161tene dane<\/p>\n<p data-start=\"71\" data-end=\"166\">Kroj: visok struk u obliku V, du\u017eina do \u010dlanaka, lagana oblikuju\u0107a kompresija sa elasti\u010dno\u0161\u0107u<\/p>\n<p data-start=\"168\" data-end=\"314\">Stilski savet: kombinujte sa <strong>Charm topom<\/strong> za ne\u017ean tonirani komplet ili slojevito sa <strong>Ballet long sleeve topom<\/strong> u beloj boji za graciozan kontrast<\/p>\n<p data-start=\"316\" data-end=\"351\" data-is-last-node=\"\" data-is-only-node=\"\">Materijal: 78% najlon, 22% spandeks<\/p>\n","protected":false},"excerpt":{"rendered":"<p>Charm Leggings Udobne, elasti\u010dne i savr\u0161eno prilago\u0111ene pokretu. Na\u0161e helanke u pastelnim tonovima donose sve\u017einu i jednostavan stil u tvoj svakodnevni look. Dizajnirane su tako da prate liniju tela i obezbede potpunu udobnost tokom ve\u017ebanja ili odmora. Glatka tkanina sa blagim efektom kompresije oblikuje siluetu, dok rastegljiv materijal omogu\u0107ava slobodu pokreta. Idealne su za pilates, [&hellip;]<\/p>\n","protected":false},"featured_media":2317,"comment_status":"open","ping_status":"closed","template":"","meta":{"_acf_changed":false,"_seopress_robots_primary_cat":"none","_seopress_titles_title":"","_seopress_titles_desc":"","_seopress_robots_index":""},"product_brand":[],"product_cat":[145,154,143,142,144],"product_tag":[],"class_list":{"0":"post-2959","1":"product","2":"type-product","3":"status-publish","4":"has-post-thumbnail","6":"product_cat-activewear-sr","7":"product_cat-leggings-sr","8":"product_cat-new-sr","9":"product_cat-summer-collecton-sr","10":"product_cat-women-sr","12":"first","13":"instock","14":"shipping-taxable","15":"purchasable","16":"product-type-variable","17":"has-default-attributes"},"acf":[],"_links":{"self":[{"href":"https:\/\/eliasocialclub.com\/sr\/wp-json\/wp\/v2\/product\/2959","targetHints":{"allow":["GET"]}}],"collection":[{"href":"https:\/\/eliasocialclub.com\/sr\/wp-json\/wp\/v2\/product"}],"about":[{"href":"https:\/\/eliasocialclub.com\/sr\/wp-json\/wp\/v2\/types\/product"}],"replies":[{"embeddable":true,"href":"https:\/\/eliasocialclub.com\/sr\/wp-json\/wp\/v2\/comments?post=2959"}],"wp:featuredmedia":[{"embeddable":true,"href":"https:\/\/eliasocialclub.com\/sr\/wp-json\/wp\/v2\/media\/2317"}],"wp:attachment":[{"href":"https:\/\/eliasocialclub.com\/sr\/wp-json\/wp\/v2\/media?parent=2959"}],"wp:term":[{"taxonomy":"product_brand","embeddable":true,"href":"https:\/\/eliasocialclub.com\/sr\/wp-json\/wp\/v2\/product_brand?post=2959"},{"taxonomy":"product_cat","embeddable":true,"href":"https:\/\/eliasocialclub.com\/sr\/wp-json\/wp\/v2\/product_cat?post=2959"},{"taxonomy":"product_tag","embeddable":true,"href":"https:\/\/eliasocialclub.com\/sr\/wp-json\/wp\/v2\/product_tag?post=2959"}],"curies":[{"name":"wp","href":"https:\/\/api.w.org\/{rel}","templated":true}]}}