{"id":2952,"date":"2025-07-26T17:59:48","date_gmt":"2025-07-26T15:59:48","guid":{"rendered":"https:\/\/eliasocialclub.com\/proizvod\/ballet-long-sleeve-top\/"},"modified":"2025-11-06T11:04:59","modified_gmt":"2025-11-06T10:04:59","slug":"ballet-long-sleeve-top","status":"publish","type":"product","link":"https:\/\/eliasocialclub.com\/sr\/proizvod\/ballet-long-sleeve-top\/","title":{"rendered":"Ballet Long Sleeve Top"},"content":{"rendered":"<p><strong>\u00a0Ballet Long Sleeve Top<\/strong><\/p>\n<p><em>Moderni, udobni i dizajnirani da telo di\u0161e.<br \/>\n<\/em>Na\u0161i topovi pru\u017eaju savr\u0161enu ravnote\u017eu izme\u0111u stila i funkcionalnosti. Napravljeni su od glatke, elasti\u010dne tkanine koja oblikuje telo i pru\u017ea laganu potporu, idealni su za pilates, trening ili kao deo svakodnevnih kombinacija. Lako se kombinuju sa helankama ili ispod blejzera za moderan kontrast.<\/p>\n<p data-start=\"0\" data-end=\"117\">Savr\u0161eno za: lagane pokrete, no\u0161enje preko kompleta ili stilizovanje kao elegantan komad za prelazak iz dana u ve\u010de<\/p>\n<p data-start=\"119\" data-end=\"200\">Kroj: preklopni prednji deo, uski rukavi, mekana elasti\u010dnost za isticanje siluete<\/p>\n<p data-start=\"202\" data-end=\"363\">Stilski savet: kombinujte sa <strong>Charm topom<\/strong> i \u0161ortsom za graciozan, \u017eenstven kontrast ili nosite sa pantalonama sa visokim strukom za efekat \u201eod studija do ulice\u201c<\/p>\n<p data-start=\"365\" data-end=\"400\" data-is-last-node=\"\" data-is-only-node=\"\">Materijal: 78% najlon, 22% spandeks<\/p>\n","protected":false},"excerpt":{"rendered":"<p>\u00a0Ballet Long Sleeve Top Moderni, udobni i dizajnirani da telo di\u0161e. Na\u0161i topovi pru\u017eaju savr\u0161enu ravnote\u017eu izme\u0111u stila i funkcionalnosti. Napravljeni su od glatke, elasti\u010dne tkanine koja oblikuje telo i pru\u017ea laganu potporu, idealni su za pilates, trening ili kao deo svakodnevnih kombinacija. Lako se kombinuju sa helankama ili ispod blejzera za moderan kontrast. Savr\u0161eno [&hellip;]<\/p>\n","protected":false},"featured_media":2355,"comment_status":"open","ping_status":"closed","template":"","meta":{"_acf_changed":false,"_seopress_robots_primary_cat":"none","_seopress_titles_title":"","_seopress_titles_desc":"","_seopress_robots_index":""},"product_brand":[],"product_cat":[143,142,152,144],"product_tag":[],"class_list":{"0":"post-2952","1":"product","2":"type-product","3":"status-publish","4":"has-post-thumbnail","6":"product_cat-new-sr","7":"product_cat-summer-collecton-sr","8":"product_cat-tops-sr","9":"product_cat-women-sr","11":"first","12":"instock","13":"shipping-taxable","14":"purchasable","15":"product-type-variable","16":"has-default-attributes"},"acf":[],"_links":{"self":[{"href":"https:\/\/eliasocialclub.com\/sr\/wp-json\/wp\/v2\/product\/2952","targetHints":{"allow":["GET"]}}],"collection":[{"href":"https:\/\/eliasocialclub.com\/sr\/wp-json\/wp\/v2\/product"}],"about":[{"href":"https:\/\/eliasocialclub.com\/sr\/wp-json\/wp\/v2\/types\/product"}],"replies":[{"embeddable":true,"href":"https:\/\/eliasocialclub.com\/sr\/wp-json\/wp\/v2\/comments?post=2952"}],"wp:featuredmedia":[{"embeddable":true,"href":"https:\/\/eliasocialclub.com\/sr\/wp-json\/wp\/v2\/media\/2355"}],"wp:attachment":[{"href":"https:\/\/eliasocialclub.com\/sr\/wp-json\/wp\/v2\/media?parent=2952"}],"wp:term":[{"taxonomy":"product_brand","embeddable":true,"href":"https:\/\/eliasocialclub.com\/sr\/wp-json\/wp\/v2\/product_brand?post=2952"},{"taxonomy":"product_cat","embeddable":true,"href":"https:\/\/eliasocialclub.com\/sr\/wp-json\/wp\/v2\/product_cat?post=2952"},{"taxonomy":"product_tag","embeddable":true,"href":"https:\/\/eliasocialclub.com\/sr\/wp-json\/wp\/v2\/product_tag?post=2952"}],"curies":[{"name":"wp","href":"https:\/\/api.w.org\/{rel}","templated":true}]}}