{"id":2946,"date":"2025-07-26T18:38:11","date_gmt":"2025-07-26T16:38:11","guid":{"rendered":"https:\/\/eliasocialclub.com\/proizvod\/butter-top-yellow\/"},"modified":"2025-11-06T11:00:08","modified_gmt":"2025-11-06T10:00:08","slug":"butter-top-yellow","status":"publish","type":"product","link":"https:\/\/eliasocialclub.com\/sr\/proizvod\/butter-top-yellow\/","title":{"rendered":"Butter Top"},"content":{"rendered":"<p><strong>Butter Top<\/strong><\/p>\n<p><em>Moderni, udobni i dizajnirani da telo di\u0161e.<br \/>\n<\/em>Na\u0161i topovi pru\u017eaju savr\u0161enu ravnote\u017eu izme\u0111u stila i funkcionalnosti. Napravljeni su od glatke, elasti\u010dne tkanine koja oblikuje telo i pru\u017ea laganu potporu, idealni su za pilates, trening ili kao deo svakodnevnih kombinacija. Lako se kombinuju sa helankama ili ispod blejzera za moderan kontrast.<\/p>\n<p data-start=\"0\" data-end=\"94\">Savr\u0161eno za: pilates, ve\u017ebe niskog intenziteta ili za dodavanje stila le\u017eernim kombinacijama<\/p>\n<p data-start=\"96\" data-end=\"208\">Kroj: prednji deo sa scoop izrezom, detalj na le\u0111ima u obliku X, oblikovan kroj sa blagom unutra\u0161njom podr\u0161kom<\/p>\n<p data-start=\"210\" data-end=\"315\">Stilski savet: nosite uz odgovaraju\u0107e <strong>Butter helanke<\/strong> ili slojevito ispod blejzera za elegantan kontrast<\/p>\n<p data-start=\"317\" data-end=\"352\" data-is-last-node=\"\" data-is-only-node=\"\">Materijal: 78% najlon, 22% spandeks<\/p>\n","protected":false},"excerpt":{"rendered":"<p>Butter Top Moderni, udobni i dizajnirani da telo di\u0161e. Na\u0161i topovi pru\u017eaju savr\u0161enu ravnote\u017eu izme\u0111u stila i funkcionalnosti. Napravljeni su od glatke, elasti\u010dne tkanine koja oblikuje telo i pru\u017ea laganu potporu, idealni su za pilates, trening ili kao deo svakodnevnih kombinacija. Lako se kombinuju sa helankama ili ispod blejzera za moderan kontrast. Savr\u0161eno za: pilates, [&hellip;]<\/p>\n","protected":false},"featured_media":2333,"comment_status":"open","ping_status":"closed","template":"","meta":{"_acf_changed":false,"_seopress_robots_primary_cat":"none","_seopress_titles_title":"","_seopress_titles_desc":"","_seopress_robots_index":""},"product_brand":[],"product_cat":[145,143,142,152,144],"product_tag":[],"class_list":{"0":"post-2946","1":"product","2":"type-product","3":"status-publish","4":"has-post-thumbnail","6":"product_cat-activewear-sr","7":"product_cat-new-sr","8":"product_cat-summer-collecton-sr","9":"product_cat-tops-sr","10":"product_cat-women-sr","12":"first","13":"instock","14":"shipping-taxable","15":"purchasable","16":"product-type-variable","17":"has-default-attributes"},"acf":[],"_links":{"self":[{"href":"https:\/\/eliasocialclub.com\/sr\/wp-json\/wp\/v2\/product\/2946","targetHints":{"allow":["GET"]}}],"collection":[{"href":"https:\/\/eliasocialclub.com\/sr\/wp-json\/wp\/v2\/product"}],"about":[{"href":"https:\/\/eliasocialclub.com\/sr\/wp-json\/wp\/v2\/types\/product"}],"replies":[{"embeddable":true,"href":"https:\/\/eliasocialclub.com\/sr\/wp-json\/wp\/v2\/comments?post=2946"}],"wp:featuredmedia":[{"embeddable":true,"href":"https:\/\/eliasocialclub.com\/sr\/wp-json\/wp\/v2\/media\/2333"}],"wp:attachment":[{"href":"https:\/\/eliasocialclub.com\/sr\/wp-json\/wp\/v2\/media?parent=2946"}],"wp:term":[{"taxonomy":"product_brand","embeddable":true,"href":"https:\/\/eliasocialclub.com\/sr\/wp-json\/wp\/v2\/product_brand?post=2946"},{"taxonomy":"product_cat","embeddable":true,"href":"https:\/\/eliasocialclub.com\/sr\/wp-json\/wp\/v2\/product_cat?post=2946"},{"taxonomy":"product_tag","embeddable":true,"href":"https:\/\/eliasocialclub.com\/sr\/wp-json\/wp\/v2\/product_tag?post=2946"}],"curies":[{"name":"wp","href":"https:\/\/api.w.org\/{rel}","templated":true}]}}