{"id":2895,"date":"2025-07-26T18:42:38","date_gmt":"2025-07-26T16:42:38","guid":{"rendered":"https:\/\/eliasocialclub.com\/proizvod\/butter-shorts-yellow\/"},"modified":"2025-11-04T11:16:21","modified_gmt":"2025-11-04T10:16:21","slug":"butter-shorts-yellow","status":"publish","type":"product","link":"https:\/\/eliasocialclub.com\/sr\/proizvod\/butter-shorts-yellow\/","title":{"rendered":"Butter shorts"},"content":{"rendered":"<p><strong>Butter Shorts<\/strong><\/p>\n<p><em>Lagani, prozra\u010dni i stvoreni za pokret.<br \/>\n<\/em>Na\u0161i \u0161ortsevi kombinuju udobnost i moderan izgled, savr\u0161eni su za tople dane i aktivne trenutke. Elasti\u010dni materijal prijatno prati liniju tela i omogu\u0107ava lako kretanje, dok neutralni tonovi \u010dine da se lako kombinuju sa ostatkom garderobe. Idealni su za pilates, \u0161etnje, trening ili le\u017eerne kombinacije.<\/p>\n<p data-start=\"0\" data-end=\"82\">Savr\u0161eno za: pilates, \u0161etnje, tople dane ili kombinovanje sa oversized slojevima<\/p>\n<p data-start=\"84\" data-end=\"185\">Kroj: visoki struk u obliku slova V, du\u017eina do sredine butina, oblikuju\u0107i kroj s blagom kompresijom<\/p>\n<p data-start=\"187\" data-end=\"293\">Stilski savet: nosi uz <strong data-start=\"210\" data-end=\"224\">Butter Top<\/strong> za uskla\u0111eni set ili obuci \u0161iroku ko\u0161ulju za opu\u0161ten letnji izgled<\/p>\n<p data-start=\"295\" data-end=\"330\" data-is-last-node=\"\" data-is-only-node=\"\">Materijal: 78% najlon, 22% spandeks<\/p>\n","protected":false},"excerpt":{"rendered":"<p>Butter Shorts Lagani, prozra\u010dni i stvoreni za pokret. Na\u0161i \u0161ortsevi kombinuju udobnost i moderan izgled, savr\u0161eni su za tople dane i aktivne trenutke. Elasti\u010dni materijal prijatno prati liniju tela i omogu\u0107ava lako kretanje, dok neutralni tonovi \u010dine da se lako kombinuju sa ostatkom garderobe. Idealni su za pilates, \u0161etnje, trening ili le\u017eerne kombinacije. Savr\u0161eno za: [&hellip;]<\/p>\n","protected":false},"featured_media":2339,"comment_status":"open","ping_status":"closed","template":"","meta":{"_acf_changed":false,"_seopress_robots_primary_cat":"none","_seopress_titles_title":"","_seopress_titles_desc":"","_seopress_robots_index":""},"product_brand":[],"product_cat":[145,143,151,142,144],"product_tag":[],"class_list":{"0":"post-2895","1":"product","2":"type-product","3":"status-publish","4":"has-post-thumbnail","6":"product_cat-activewear-sr","7":"product_cat-new-sr","8":"product_cat-shorts-sr","9":"product_cat-summer-collecton-sr","10":"product_cat-women-sr","12":"first","13":"instock","14":"shipping-taxable","15":"purchasable","16":"product-type-variable","17":"has-default-attributes"},"acf":[],"_links":{"self":[{"href":"https:\/\/eliasocialclub.com\/sr\/wp-json\/wp\/v2\/product\/2895","targetHints":{"allow":["GET"]}}],"collection":[{"href":"https:\/\/eliasocialclub.com\/sr\/wp-json\/wp\/v2\/product"}],"about":[{"href":"https:\/\/eliasocialclub.com\/sr\/wp-json\/wp\/v2\/types\/product"}],"replies":[{"embeddable":true,"href":"https:\/\/eliasocialclub.com\/sr\/wp-json\/wp\/v2\/comments?post=2895"}],"wp:featuredmedia":[{"embeddable":true,"href":"https:\/\/eliasocialclub.com\/sr\/wp-json\/wp\/v2\/media\/2339"}],"wp:attachment":[{"href":"https:\/\/eliasocialclub.com\/sr\/wp-json\/wp\/v2\/media?parent=2895"}],"wp:term":[{"taxonomy":"product_brand","embeddable":true,"href":"https:\/\/eliasocialclub.com\/sr\/wp-json\/wp\/v2\/product_brand?post=2895"},{"taxonomy":"product_cat","embeddable":true,"href":"https:\/\/eliasocialclub.com\/sr\/wp-json\/wp\/v2\/product_cat?post=2895"},{"taxonomy":"product_tag","embeddable":true,"href":"https:\/\/eliasocialclub.com\/sr\/wp-json\/wp\/v2\/product_tag?post=2895"}],"curies":[{"name":"wp","href":"https:\/\/api.w.org\/{rel}","templated":true}]}}