{"id":3602,"date":"2025-02-14T12:29:36","date_gmt":"2025-02-14T11:29:36","guid":{"rendered":"https:\/\/eliasocialclub.com\/customer-support\/"},"modified":"2025-11-20T12:35:26","modified_gmt":"2025-11-20T11:35:26","slug":"korisnicka-podrska","status":"publish","type":"page","link":"https:\/\/eliasocialclub.com\/sr\/korisnicka-podrska\/","title":{"rendered":"Korisni\u010dka podr\u0161ka"},"content":{"rendered":"<p>Korisni\u010dka podr\u0161ka za kupce i posetioce online prodavnice <strong>eliasocialclub.com<\/strong> radi radnim danima od 9 do 17 \u010dasova.<br \/>\nVikendom ne radimo.<br \/>\nKontakt: info@eliasocialclub.com<\/p>\n","protected":false},"excerpt":{"rendered":"<p>Korisni\u010dka podr\u0161ka za kupce i posetioce online prodavnice eliasocialclub.com radi radnim danima od 9 do 17 \u010dasova. Vikendom ne radimo. Kontakt: info@eliasocialclub.com<\/p>\n","protected":false},"author":4,"featured_media":0,"parent":0,"menu_order":0,"comment_status":"closed","ping_status":"closed","template":"","meta":{"_acf_changed":false,"_seopress_robots_primary_cat":"","_seopress_titles_title":"","_seopress_titles_desc":"","_seopress_robots_index":"","footnotes":""},"class_list":["post-3602","page","type-page","status-publish","hentry"],"acf":[],"_links":{"self":[{"href":"https:\/\/eliasocialclub.com\/sr\/wp-json\/wp\/v2\/pages\/3602","targetHints":{"allow":["GET"]}}],"collection":[{"href":"https:\/\/eliasocialclub.com\/sr\/wp-json\/wp\/v2\/pages"}],"about":[{"href":"https:\/\/eliasocialclub.com\/sr\/wp-json\/wp\/v2\/types\/page"}],"author":[{"embeddable":true,"href":"https:\/\/eliasocialclub.com\/sr\/wp-json\/wp\/v2\/users\/4"}],"replies":[{"embeddable":true,"href":"https:\/\/eliasocialclub.com\/sr\/wp-json\/wp\/v2\/comments?post=3602"}],"version-history":[{"count":2,"href":"https:\/\/eliasocialclub.com\/sr\/wp-json\/wp\/v2\/pages\/3602\/revisions"}],"predecessor-version":[{"id":3605,"href":"https:\/\/eliasocialclub.com\/sr\/wp-json\/wp\/v2\/pages\/3602\/revisions\/3605"}],"wp:attachment":[{"href":"https:\/\/eliasocialclub.com\/sr\/wp-json\/wp\/v2\/media?parent=3602"}],"curies":[{"name":"wp","href":"https:\/\/api.w.org\/{rel}","templated":true}]}}