{"id":3584,"date":"2022-07-05T13:52:17","date_gmt":"2022-07-05T11:52:17","guid":{"rendered":"https:\/\/eliasocialclub.com\/privacy-policy\/"},"modified":"2025-11-20T12:32:25","modified_gmt":"2025-11-20T11:32:25","slug":"politika-privatnosti","status":"publish","type":"page","link":"https:\/\/eliasocialclub.com\/sr\/politika-privatnosti\/","title":{"rendered":"Politika privatnosti"},"content":{"rendered":"<p><strong>Politika privatnosti i za\u0161tita podataka<\/strong><\/p>\n<p>Elia Athleisure doo Beograd \u2013 Savski Venac (u daljem tekstu: <em>Elia Athleisure<\/em>), sa sedi\u0161tem u Beogradu, op\u0161tina Savski Venac, Miloja Djaka 24b, Mati\u010dni broj: 22082981, PIB: 114870819, obra\u0111uje li\u010dne podatke u skladu sa svim va\u017ee\u0107im propisima u okviru svojih poslovnih aktivnosti.<\/p>\n<p><strong>Molimo vas da pa\u017eljivo pro\u010ditate ove informacije!<\/strong><\/p>\n<p><strong>Kontrolor podataka<\/strong><\/p>\n<p>ELIA ATHLEISURE je kontrolor podataka u skladu sa Zakonom o za\u0161titi podataka o li\u010dnosti i drugim relevantnim zakonima. Kao kontrolor, Elia Athleisure odre\u0111uje svrhu i na\u010din obrade li\u010dnih podataka i odgovoran je za njihovo \u010duvanje i kori\u0161\u0107enje u pisanoj i\/ili elektronskoj formi.<\/p>\n<p><strong>Obra\u0111iva\u010d podataka<\/strong><\/p>\n<p>U okviru svojih poslovnih aktivnosti, Elia Athleisure mo\u017ee obra\u0111ivati li\u010dne podatke u ime kontrolora podataka, po pisanim uputstvima, u kojem slu\u010daju deluje kao obra\u0111iva\u010d podataka.<\/p>\n<p><strong>Slu\u017ebenik za za\u0161titu podataka (DPO)<\/strong><\/p>\n<p>U skladu sa va\u017ee\u0107im propisima o za\u0161titi li\u010dnih podataka, Elia Athleisure je imenovala Slu\u017ebenika za za\u0161titu podataka (DPO).<br \/>\nMo\u017eete se obratiti slu\u017ebeniku za sva pitanja u vezi sa obradom va\u0161ih li\u010dnih podataka i ostvarivanjem va\u0161ih prava.<\/p>\n<p>Slu\u017ebenik za za\u0161titu podataka: Nikola Jankovi\u0107<br \/>\nKontakt: info@eliasocialclub.com<\/p>\n<p><strong>Li\u010dni podaci koje prikuplja Elia Athleisure<\/strong><\/p>\n<p>Prikupljeni li\u010dni podaci zavise od:<\/p>\n<ul>\n<li>vrste usluge koju pru\u017eamo korisnicima i klijentima,<\/li>\n<li>namene kori\u0161\u0107enja na\u0161ih usluga,<\/li>\n<li>vrste zaklju\u010denog ugovora sa klijentom,<\/li>\n<li>namere korisnika da ostvari prava po propisima o za\u0161titi li\u010dnih podataka.<\/li>\n<\/ul>\n<p>Uglavnom, ovo uklju\u010duje osnovne li\u010dne podatke neophodne za ispunjenje ugovornih obaveza, uklju\u010duju\u0107i:<\/p>\n<ul>\n<li>Osnovne podatke (ime i prezime)<\/li>\n<li>Kontakt podatke (adresa, broj telefona, email)<\/li>\n<li>Podatke o kori\u0161\u0107enju sajta (<a href=\"https:\/\/eliasocialclub.com\/sr\/\">https:\/\/eliasocialclub.com<\/a>)<\/li>\n<li>Podatke o kori\u0161\u0107enju online prodavnice<\/li>\n<li>Podatke potrebne za ugovore o potro\u0161a\u010dkom kreditu<\/li>\n<li>Druge li\u010dne podatke neophodne za ostvarivanje prava potro\u0161a\u010da<\/li>\n<\/ul>\n<p><strong>Prikupljanje i kori\u0161\u0107enje li\u010dnih podataka<\/strong><\/p>\n<p>Elia Athleisure prikuplja i obra\u0111uje li\u010dne podatke kako bi:<\/p>\n<ul>\n<li>olak\u0161ao prodaju svojih proizvoda,<\/li>\n<li>ispunio zakonske i regulatorne obaveze,<\/li>\n<li>osigurao legitimne poslovne interese.<\/li>\n<\/ul>\n<p>Gde zakon zahteva, pribija\u0107e se izri\u010dita saglasnost za odre\u0111ene svrhe.<\/p>\n<p><strong>Svrha obrade li\u010dnih podataka<\/strong><\/p>\n<p>Elia Athleisure obra\u0111uje podatke za:<\/p>\n<ul>\n<li>prodaju robe i usluga,<\/li>\n<li>marketing i prodajne aktivnosti,<\/li>\n<li>upravljanje ugovornim odnosima,<\/li>\n<li>re\u0161avanje reklamacija i \u017ealbi,<\/li>\n<li>dostavu kupljenih proizvoda,<\/li>\n<li>naplatu potra\u017eivanja,<\/li>\n<li>slanje obave\u0161tenja putem newslettera, SMS-a i Vibera,<\/li>\n<li>druge pravne obaveze u vezi sa poslovanjem.<\/li>\n<\/ul>\n<p>Obrada na osnovu legitimnog interesa uklju\u010duje:<\/p>\n<ul>\n<li>obave\u0161tavanje korisnika o promenama uslova poslovanja,<\/li>\n<li>spre\u010davanje i otkrivanje prevara.<\/li>\n<\/ul>\n<p>Za sve ostale obrade, Elia Athleisure tra\u017ei dodatnu saglasnost, koju korisnik mo\u017ee uvek povu\u0107i.<\/p>\n<p><strong>Pristup li\u010dnim podacima<\/strong><\/p>\n<p>Elia Athleisure primenjuje tehni\u010dke i organizacione mere kako bi osigurao da se li\u010dni podaci obra\u0111uju isklju\u010divo u predvi\u0111ene svrhe. Li\u010dni podaci se, po potrebi, mogu deliti sa:<\/p>\n<ul>\n<li>dr\u017eavnim organima i javnim telima u skladu sa zakonom,<\/li>\n<li>pravnim savetnicima,<\/li>\n<li>pru\u017eaocima usluga, \u0161tamparijama, finansijskim institucijama,<\/li>\n<li>poslovnim partnerima.<\/li>\n<\/ul>\n<p>Svi tre\u0107i lica su obavezni da obra\u0111uju podatke isklju\u010divo po uputstvima Elia Athleisure, osim dr\u017eavnih organa.<\/p>\n<p><strong>Obrada li\u010dnih podataka<\/strong><\/p>\n<p>Obra\u0111iva\u010di podataka su ugovorno obavezani da osiguraju poverljivost i bezbednost podataka, u skladu sa tehni\u010dkim i zakonskim zahtevima. Li\u010dni podaci nisu dostupni neovla\u0161\u0107enim licima.<\/p>\n<p><strong>Ostvarivanje prava korisnika<\/strong><\/p>\n<p>Korisnici \u010diji se podaci obra\u0111uju imaju pravo da:<\/p>\n<ul>\n<li>zatra\u017ee informacije o obradi podataka,<\/li>\n<li>u svakom trenutku povuku saglasnost (ako je obrada zasnovana na saglasnosti),<\/li>\n<li>zatra\u017ee ispravku ili a\u017euriranje podataka,<\/li>\n<li>zatra\u017ee brisanje podataka kada vi\u0161e nisu potrebni,<\/li>\n<li>podnesu \u017ealbu Elia Athleisure-u ili nadle\u017enom regulatornom organu.<\/li>\n<\/ul>\n<p><strong>Kako podneti zahtev:<\/strong><\/p>\n<ul>\n<li>Email: info@eliasocialclub.com<br \/>\nZahtevi se podnose li\u010dno radi pravilnog identifikovanja podnosioca.<\/li>\n<\/ul>\n<p><strong>Pravo na \u017ealbu:<\/strong><br \/>\nPored podno\u0161enja \u017ealbe Elia Athleisure-u, korisnici mogu podneti \u017ealbu Povereniku za informacije od javnog zna\u010daja i za\u0161titu podataka o li\u010dnosti:<\/p>\n<ul>\n<li>Adresa: Bulevar Kralja Aleksandra 15, 11000 Beograd<\/li>\n<li>Email: office@poverenik.rs<\/li>\n<li>Telefon: +381 11 3408 900<\/li>\n<\/ul>\n<p><strong>Period \u010duvanja podataka<\/strong><\/p>\n<ul>\n<li>Podaci o transakcijama: do 5 godina<\/li>\n<li>Podaci za newsletter\/SMS\/Viber: dok se saglasnost ne povu\u010de<\/li>\n<li>Zakonom propisani podaci: u skladu sa va\u017ee\u0107im regulativama<\/li>\n<\/ul>\n<p><strong>Kontakt<\/strong><\/p>\n<p>Za sva pitanja u vezi sa za\u0161titom li\u010dnih podataka:<\/p>\n<ul>\n<li>Email: info@eliasocialclub.com<\/li>\n<li>Po\u0161ta: Elia Athleisure DOO, Miloja Djaka 24b, 11040 Beograd<\/li>\n<\/ul>\n<p><strong>A\u017euriranje politike privatnosti<\/strong><\/p>\n<p>Elia Athleisure redovno revidira i a\u017eurira Politiku privatnosti. Najnovija verzija je uvek dostupna na:<br \/>\n<a href=\"https:\/\/eliasocialclub.com\/sr\/politika-privatnosti\/\">https:\/\/eliasocialclub.com\/politika-privatnosti<\/a><\/p>\n<p>U slu\u010daju zna\u010dajnih promena, korisnici \u0107e biti obave\u0161teni putem sajta i direktnom komunikacijom.<\/p>\n<p><strong>Kola\u010di\u0107i i pra\u0107enje sajta<\/strong><\/p>\n<p>Elia Athleisure koristi kola\u010di\u0107e za pobolj\u0161anje funkcionalnosti sajta i korisni\u010dkog iskustva. Posetioci mogu onemogu\u0107iti kola\u010di\u0107e u pode\u0161avanjima pregleda\u010da, ali to mo\u017ee uticati na funkcionalnost sajta.<\/p>\n<p>Tako\u0111e, tre\u0107e strane poput Google Analytics, Facebook Pixel i gtag mogu pratiti aktivnosti na sajtu.<\/p>\n<p><strong>Marketin\u0161ke komunikacije (Newsletter, SMS, Viber)<\/strong><\/p>\n<p>Korisnici se mogu pretplatiti na obave\u0161tenja putem email-a, SMS-a i Vibera. Saglasnost se mo\u017ee povu\u0107i u bilo kom trenutku:<\/p>\n<ul>\n<li>Email: info@eliasocialclub.com<\/li>\n<li>Po\u0161ta: Miloja Djaka 24b\/3, 11040 Beograd<\/li>\n<\/ul>\n<p>Elia Athleisure ne deli kontakt podatke sa tre\u0107im licima, osim sa ovla\u0161\u0107enim partnerima za marketing.<\/p>\n<p><strong>Poverljivost pla\u0107anja<\/strong><\/p>\n<p>Elia Athleisure obezbe\u0111uje sigurnu obradu pla\u0107anja putem SSL enkripcije. Pla\u0107anja obra\u0111uje Banca Intesa ad Beograd, a podaci o kartici se ne \u010duvaju kod Elia Athleisure-a.<\/p>\n<p><strong>Izjava o konverziji valuta<\/strong><\/p>\n<p>Sva pla\u0107anja obra\u0111uju se u srpskim dinarima (RSD). Kurs odre\u0111uju karti\u010dne organizacije, pa mogu postojati male razlike u cenama zbog konverzije.<\/p>\n<p>Datum: 14.04.2025.<\/p>\n","protected":false},"excerpt":{"rendered":"<p>Politika privatnosti i za\u0161tita podataka Elia Athleisure doo Beograd \u2013 Savski Venac (u daljem tekstu: Elia Athleisure), sa sedi\u0161tem u Beogradu, op\u0161tina Savski Venac, Miloja Djaka 24b, Mati\u010dni broj: 22082981, PIB: 114870819, obra\u0111uje li\u010dne podatke u skladu sa svim va\u017ee\u0107im propisima u okviru svojih poslovnih aktivnosti. Molimo vas da pa\u017eljivo pro\u010ditate ove informacije! Kontrolor podataka [&hellip;]<\/p>\n","protected":false},"author":1,"featured_media":0,"parent":0,"menu_order":0,"comment_status":"closed","ping_status":"open","template":"","meta":{"_acf_changed":false,"_seopress_robots_primary_cat":"","_seopress_titles_title":"","_seopress_titles_desc":"","_seopress_robots_index":"","footnotes":""},"class_list":["post-3584","page","type-page","status-publish","hentry"],"acf":[],"_links":{"self":[{"href":"https:\/\/eliasocialclub.com\/sr\/wp-json\/wp\/v2\/pages\/3584","targetHints":{"allow":["GET"]}}],"collection":[{"href":"https:\/\/eliasocialclub.com\/sr\/wp-json\/wp\/v2\/pages"}],"about":[{"href":"https:\/\/eliasocialclub.com\/sr\/wp-json\/wp\/v2\/types\/page"}],"author":[{"embeddable":true,"href":"https:\/\/eliasocialclub.com\/sr\/wp-json\/wp\/v2\/users\/1"}],"replies":[{"embeddable":true,"href":"https:\/\/eliasocialclub.com\/sr\/wp-json\/wp\/v2\/comments?post=3584"}],"version-history":[{"count":1,"href":"https:\/\/eliasocialclub.com\/sr\/wp-json\/wp\/v2\/pages\/3584\/revisions"}],"predecessor-version":[{"id":3588,"href":"https:\/\/eliasocialclub.com\/sr\/wp-json\/wp\/v2\/pages\/3584\/revisions\/3588"}],"wp:attachment":[{"href":"https:\/\/eliasocialclub.com\/sr\/wp-json\/wp\/v2\/media?parent=3584"}],"curies":[{"name":"wp","href":"https:\/\/api.w.org\/{rel}","templated":true}]}}