{"id":3578,"date":"2023-11-10T09:38:06","date_gmt":"2023-11-10T08:38:06","guid":{"rendered":"https:\/\/eliasocialclub.com\/terms-of-use\/"},"modified":"2025-11-20T12:53:10","modified_gmt":"2025-11-20T11:53:10","slug":"uslovi-koriscenja","status":"publish","type":"page","link":"https:\/\/eliasocialclub.com\/sr\/uslovi-koriscenja\/","title":{"rendered":"Uslovi kori\u0161\u0107enja"},"content":{"rendered":"<p><strong>Op\u0161ti uslovi kori\u0161\u0107enja i prodaje u online prodavnici eliasocialclub.com<\/strong><\/p>\n<p>Molimo vas da pa\u017eljivo pro\u010ditate uslove kori\u0161\u0107enja i prodaje u online prodavnici <a href=\"http:\/\/www.eliasocialclub.com\">www.eliasocialclub.com<\/a>. Pristupanjem i kori\u0161\u0107enjem ovog sajta sla\u017eete se da se pridr\u017eavate odredbi navedenih u ovim uslovima. ELIA ATHLEISURE DOO BEOGRAD zadr\u017eava pravo da menja ove uslove, a nastavak kori\u0161\u0107enja sajta nakon bilo kakvih izmena smatra\u0107e se prihvatanjem a\u017euriranih uslova.<\/p>\n<p><strong>Autorska prava i prava intelektualne svojine<\/strong><\/p>\n<p>Sav materijal na ovom sajtu (u daljem tekstu: \u201eSajt\u201c) za\u0161ti\u0107en je autorskim pravima, a svaka neovla\u0161\u0107ena upotreba mo\u017ee predstavljati kr\u0161enje Zakona o autorskim i srodnim pravima, Zakona o za\u0161titi \u017eigova ili drugih propisa o intelektualnoj svojini. Osim ako nije druga\u010dije navedeno, materijal sa sajta mo\u017eete gledati, kopirati, \u0161tampati ili preuzeti isklju\u010divo za li\u010dnu, nekomercijalnu i informativnu upotrebu, pri \u010demu morate zadr\u017eati sve oznake autorskih prava ili druge informacije o vlasni\u0161tvu u svim kopijama.<\/p>\n<p>Ne smete modifikovati sadr\u017eaj sajta, niti ga reproducirati, javno prikazivati, izvoditi, distribuirati ili koristiti u komercijalne svrhe. Softver ili drugi materijali dostupni za preuzimanje putem sajta koji dolaze sa sopstvenim uslovima kori\u0161\u0107enja ili licencama podle\u017eu tim uslovima.<\/p>\n<p>U slu\u010daju kr\u0161enja ovih uslova, va\u0161a dozvola za kori\u0161\u0107enje sajta bi\u0107e ukinuta, a vi ste du\u017eni da odmah uni\u0161tite sav preuzeti ili od\u0161tampani sadr\u017eaj.<\/p>\n<p>Osim ako nije izri\u010dito navedeno druga\u010dije, ni\u0161ta na sajtu vam ne daje pravo kori\u0161\u0107enja bilo kog dela intelektualne svojine prona\u0111ene na sajtu.<\/p>\n<p><strong>Prikupljanje li\u010dnih podataka<\/strong><\/p>\n<p>ELIA ATHLEISURE DOO BEOGRAD zadr\u017eava pravo da prikuplja odre\u0111ene li\u010dne podatke dok pregledate odre\u0111ene stranice sajta, u svrhu ispunjavanja va\u0161ih zahteva ili potreba. Svako prikupljanje podataka obavlja se u skladu sa Politikom privatnosti dostupnom na sajtu i va\u017ee\u0107im propisima o za\u0161titi li\u010dnih podataka.<\/p>\n<p>Neke stranice sajta mogu \u010duvati male podatke poznate kao kola\u010di\u0107i (cookies) na va\u0161em ra\u010dunaru. Ovi kola\u010di\u0107i pru\u017eaju informacije o tome kako i kada su stranice pose\u0107ene i koliko ljudi im je pristupilo. Ova tehnologija ne prikuplja li\u010dne podatke; informacije se prikupljaju u zbirnom obliku i slu\u017ee za pobolj\u0161anje sajta.<\/p>\n<p><strong>Svrha sajta<\/strong><\/p>\n<p>Sajt se koristi za prikaz i prodaju proizvoda, objavljivanje aktivnosti ELIA ATHLEISURE i pru\u017eanje korisni\u010dke podr\u0161ke. Linkovi ka nezavisnim spoljnim sajtovima nisu pod kontrolom ELIA ATHLEISURE i ne odgovaramo za njihov sadr\u017eaj. Linkovi su dati radi prakti\u010dnosti korisnika.<\/p>\n<p>Sadr\u017eaj sajta daje op\u0161te informacije i nije namenjen re\u0161avanju specifi\u010dnih situacija pojedinaca, niti predstavlja stru\u010dni savet. ELIA ATHLEISURE ne garantuje ta\u010dnost, pouzdanost, potpunost ili neprekidno funkcionisanje sajta, niti garantuje bezbednost ili bezgre\u0161no funkcionisanje sadr\u017eaja. Sadr\u017eaj, proizvodi i cene na sajtu mogu se menjati bez prethodne najave.<\/p>\n<p><strong>Prezentacija proizvoda i potvrda porud\u017ebine<\/strong><\/p>\n<p>Prikaz proizvoda na <a href=\"http:\/\/www.eliasocialclub.com\">www.eliasocialclub.com<\/a> predstavlja ponudu za kupovinu. ELIA ATHLEISURE se trudi da proizvode prika\u017ee sa ta\u010dnim nazivima, specifikacijama, slikama i cenama, ali ne mo\u017ee garantovati potpunu ta\u010dnost svih informacija i slika.<\/p>\n<p>Potvrdom porud\u017ebine sklapate ugovor sa ELIA ATHLEISURE o kupovini odre\u0111enog proizvoda i obavezujete se da ga platite odabranom metodom pla\u0107anja.<\/p>\n<p>Elia Athleisure DOO BEOGRAD<br \/>\nMiloja Djaka 24b\/3, 11040 Beograd<br \/>\nMati\u010dni broj: 22082981<br \/>\nPIB: 114870819<br \/>\nEmail: info@eliasocialclub.com<\/p>\n<p>Ovim ugovornim odnosom sti\u010dete sva prava potro\u0161a\u010da propisana Zakonom o za\u0161titi potro\u0161a\u010da, uklju\u010duju\u0107i pravo na vanparni\u010dko re\u0161avanje sporova.<\/p>\n<p><strong>Cene i uslovi pla\u0107anja<\/strong><\/p>\n<p>Cene sa PDV-om prikazane su pored svakog proizvoda i vidljive su tokom procesa naru\u010divanja i u zavr\u0161nom pregledu narud\u017ebine.<\/p>\n<p>Tro\u0161ak dostave iznosi 390 RSD, a porud\u017ebinom se sla\u017eete da snosite tro\u0161kove dostave. ELIA ATHLEISURE zadr\u017eava pravo da menja cene bez prethodne najave. Zalihe se a\u017euriraju vi\u0161e puta dnevno. Iako te\u017eimo ta\u010dnosti opisa proizvoda, ne mo\u017eemo garantovati da su svi opisi bez gre\u0161aka.<\/p>\n<p>ELIA ATHLEISURE zadr\u017eava pravo da otka\u017ee porud\u017ebinu i obavesti kupca putem email-a ako do\u0111e do gre\u0161ke u ceni na sajtu.<\/p>\n<p><strong>Saglasnost i izmene uslova<\/strong><\/p>\n<p>Kori\u0161\u0107enjem na\u0161ih usluga pristajete na navedene uslove kori\u0161\u0107enja. ELIA ATHLEISURE DOO BEOGRAD se obavezuje da po\u0161tuje ove uslove, a sve izmene stupaju na snagu nakon objave na ovoj stranici i slanja email obave\u0161tenja svim registrovanim korisnicima.<\/p>\n<p><strong>Izjava o konverziji valuta<\/strong><\/p>\n<p>Sva pla\u0107anja obra\u0111uju se u lokalnoj valuti Republike Srbije \u2013 RSD. Cene u drugim valutama prikazane su na osnovu srednjeg kursa NBS. Iznos tere\u0107en sa va\u0161e kartice bi\u0107e konvertovan u va\u0161u lokalnu valutu po kursu karti\u010dnog sistema, koji nam nije poznat u trenutku transakcije. Zbog toga mo\u017ee do\u0107i do manjeg odstupanja izme\u0111u originalne cene i kona\u010dnog tere\u0107enja.<\/p>\n<p><strong>Politika dostave<\/strong><\/p>\n<p>Porud\u017ebine izvr\u0161ene pre 12h radnim danima bi\u0107e poslate istog dana, sa o\u010dekivanom isporukom slede\u0107eg radnog dana izme\u0111u 9 i 17h. Porud\u017ebine petkom nakon 12h bi\u0107e poslate u ponedeljak. Dostavu vr\u0161i kurirska slu\u017eba City Express.<\/p>\n<p>Cena dostave: 390 RSD<br \/>\nDostava je dostupna samo unutar Srbije.<br \/>\nNakon \u0161to porud\u017ebina bude spakovana i predata kuriru, dobi\u0107ete email obave\u0161tenje. Kurir \u0107e poku\u0161ati isporuku dva puta. Ako oba poku\u0161aja ne uspeju, paket \u0107e biti vra\u0107en ELIA ATHLEISURE DOO, nakon \u010dega \u0107emo vas kontaktirati radi ponovne isporuke.<\/p>\n<p>Prilikom preuzimanja paketa, proverite vidljiva o\u0161te\u0107enja. Ako je kutija zna\u010dajno o\u0161te\u0107ena, odbijte prijem i odmah nas obavestite.<\/p>\n<p><strong>Politika povra\u0107aja i reklamacija<\/strong><\/p>\n<p>Ako niste zadovoljni kupovinom, mo\u017eete zatra\u017eiti zamenu u roku od 15 dana od prijema proizvoda, pod uslovom da je proizvod neupotrebljen, neo\u0161te\u0107en i u originalnom pakovanju.<\/p>\n<p><strong>Za reklamacije:<\/strong><\/p>\n<ul>\n<li>Po\u0161aljite email na info@eliasocialclub.com sa opisom problema.<\/li>\n<li>Proizvod mora biti \u010dist, u originalnom pakovanju i uz dokaz o kupovini.<\/li>\n<li>Za refundaciju, ako je pla\u0107anje izvr\u0161eno karticom, povra\u0107aj \u0107e biti obra\u0111en istom metodom putem na\u0161e banke.<\/li>\n<\/ul>\n<p><strong>Zavr\u0161ne odredbe<\/strong><\/p>\n<p>Ova politika stupa na snagu odmah nakon objave.<\/p>\n","protected":false},"excerpt":{"rendered":"<p>Op\u0161ti uslovi kori\u0161\u0107enja i prodaje u online prodavnici eliasocialclub.com Molimo vas da pa\u017eljivo pro\u010ditate uslove kori\u0161\u0107enja i prodaje u online prodavnici www.eliasocialclub.com. Pristupanjem i kori\u0161\u0107enjem ovog sajta sla\u017eete se da se pridr\u017eavate odredbi navedenih u ovim uslovima. ELIA ATHLEISURE DOO BEOGRAD zadr\u017eava pravo da menja ove uslove, a nastavak kori\u0161\u0107enja sajta nakon bilo kakvih izmena [&hellip;]<\/p>\n","protected":false},"author":2,"featured_media":0,"parent":0,"menu_order":0,"comment_status":"closed","ping_status":"closed","template":"","meta":{"_acf_changed":false,"_seopress_robots_primary_cat":"","_seopress_titles_title":"","_seopress_titles_desc":"","_seopress_robots_index":"","footnotes":""},"class_list":["post-3578","page","type-page","status-publish","hentry"],"acf":[],"_links":{"self":[{"href":"https:\/\/eliasocialclub.com\/sr\/wp-json\/wp\/v2\/pages\/3578","targetHints":{"allow":["GET"]}}],"collection":[{"href":"https:\/\/eliasocialclub.com\/sr\/wp-json\/wp\/v2\/pages"}],"about":[{"href":"https:\/\/eliasocialclub.com\/sr\/wp-json\/wp\/v2\/types\/page"}],"author":[{"embeddable":true,"href":"https:\/\/eliasocialclub.com\/sr\/wp-json\/wp\/v2\/users\/2"}],"replies":[{"embeddable":true,"href":"https:\/\/eliasocialclub.com\/sr\/wp-json\/wp\/v2\/comments?post=3578"}],"version-history":[{"count":1,"href":"https:\/\/eliasocialclub.com\/sr\/wp-json\/wp\/v2\/pages\/3578\/revisions"}],"predecessor-version":[{"id":3581,"href":"https:\/\/eliasocialclub.com\/sr\/wp-json\/wp\/v2\/pages\/3578\/revisions\/3581"}],"wp:attachment":[{"href":"https:\/\/eliasocialclub.com\/sr\/wp-json\/wp\/v2\/media?parent=3578"}],"curies":[{"name":"wp","href":"https:\/\/api.w.org\/{rel}","templated":true}]}}