{"id":3574,"date":"2023-12-05T10:36:29","date_gmt":"2023-12-05T09:36:29","guid":{"rendered":"https:\/\/eliasocialclub.com\/shipping-policy\/"},"modified":"2025-11-20T12:26:33","modified_gmt":"2025-11-20T11:26:33","slug":"dostava","status":"publish","type":"page","link":"https:\/\/eliasocialclub.com\/sr\/dostava\/","title":{"rendered":"Dostava"},"content":{"rendered":"<p><strong>Informacije o dostavi<\/strong><br \/>\nPakete \u0161aljemo putem kurirske slu\u017ebe City Express. Sve po\u0161iljke se \u0161alju po principu \u201edanas za sutra\u201c.<\/p>\n<p><strong>Tro\u0161kovi dostave<\/strong><br \/>\nCena dostave iznosi 390 RSD. Nakon \u0161to porud\u017ebina bude obra\u0111ena i spakovana za slanje, prodavac predaje paket kurirskoj slu\u017ebi, koja o tome obave\u0161tava kupca putem Viber poruke. Prema pravilima kurirske slu\u017ebe, rok dostave je 1-3 radna dana. Pla\u0107anja pouze\u0107em se vr\u0161e prilikom preuzimanja paketa, \u0161to kupcima omogu\u0107ava da provere kvalitet paketa i uo\u010de eventualna spolja\u0161nja o\u0161te\u0107enja pre pla\u0107anja.<\/p>\n<p><strong>Napomena:<\/strong> Ovi uslovi pakovanja i dostave va\u017ee isklju\u010divo za teritoriju Republike Srbije.<\/p>\n<p><strong>Rok isporuke<\/strong><br \/>\nSve primljene porud\u017ebine \u0161alju se u roku od 2 radna dana i bi\u0107e isporu\u010dene u roku od 1-3 dana od datuma slanja (u zavisnosti od radnog vremena i procedura kurirske slu\u017ebe).<\/p>\n<p>Ukoliko proizvodi ne stignu u o\u010dekivanom roku, molimo vas da nas kontaktirate putem email-a <strong>info@eliasocialclub.com<\/strong> kako bismo preduzeli potrebne korake.<\/p>\n<p><strong>Dodatni uslovi<\/strong><br \/>\nOsoblje online prodavnice eliasocialclub.com vodi ra\u010duna da proizvodi budu sigurno spakovani kako bi se spre\u010dila o\u0161te\u0107enja tokom redovne manipulacije i transporta. Kupci su odgovorni da prilikom preuzimanja provere paket i odmah prijave kuriru eventualna o\u0161te\u0107enja. Ako postoje vidljiva spolja\u0161nja o\u0161te\u0107enja, kupac treba da odbije prijem po\u0161iljke.<\/p>\n<p>Dostavu poru\u010denih proizvoda vr\u0161i ekspres kurirska slu\u017eba, koja upravlja prijemom, transportom i isporukom po\u0161iljki.<\/p>\n<p>Sve po\u0161iljke su osigurane od gubitka i o\u0161te\u0107enja tokom transporta. Prilikom preuzimanja proizvoda, kupac je obavezan da potpi\u0161e dokaz o prijemu po\u0161iljke, koji kurirska slu\u017eba koristi kao potvrdu prijema.<\/p>\n","protected":false},"excerpt":{"rendered":"<p>Informacije o dostavi Pakete \u0161aljemo putem kurirske slu\u017ebe City Express. Sve po\u0161iljke se \u0161alju po principu \u201edanas za sutra\u201c. Tro\u0161kovi dostave Cena dostave iznosi 390 RSD. Nakon \u0161to porud\u017ebina bude obra\u0111ena i spakovana za slanje, prodavac predaje paket kurirskoj slu\u017ebi, koja o tome obave\u0161tava kupca putem Viber poruke. Prema pravilima kurirske slu\u017ebe, rok dostave je [&hellip;]<\/p>\n","protected":false},"author":2,"featured_media":0,"parent":0,"menu_order":0,"comment_status":"closed","ping_status":"closed","template":"","meta":{"_acf_changed":false,"_seopress_robots_primary_cat":"","_seopress_titles_title":"","_seopress_titles_desc":"","_seopress_robots_index":"","footnotes":""},"class_list":["post-3574","page","type-page","status-publish","hentry"],"acf":[],"_links":{"self":[{"href":"https:\/\/eliasocialclub.com\/sr\/wp-json\/wp\/v2\/pages\/3574","targetHints":{"allow":["GET"]}}],"collection":[{"href":"https:\/\/eliasocialclub.com\/sr\/wp-json\/wp\/v2\/pages"}],"about":[{"href":"https:\/\/eliasocialclub.com\/sr\/wp-json\/wp\/v2\/types\/page"}],"author":[{"embeddable":true,"href":"https:\/\/eliasocialclub.com\/sr\/wp-json\/wp\/v2\/users\/2"}],"replies":[{"embeddable":true,"href":"https:\/\/eliasocialclub.com\/sr\/wp-json\/wp\/v2\/comments?post=3574"}],"version-history":[{"count":1,"href":"https:\/\/eliasocialclub.com\/sr\/wp-json\/wp\/v2\/pages\/3574\/revisions"}],"predecessor-version":[{"id":3576,"href":"https:\/\/eliasocialclub.com\/sr\/wp-json\/wp\/v2\/pages\/3574\/revisions\/3576"}],"wp:attachment":[{"href":"https:\/\/eliasocialclub.com\/sr\/wp-json\/wp\/v2\/media?parent=3574"}],"curies":[{"name":"wp","href":"https:\/\/api.w.org\/{rel}","templated":true}]}}