{"id":3570,"date":"2025-02-14T12:22:51","date_gmt":"2025-02-14T11:22:51","guid":{"rendered":"https:\/\/eliasocialclub.com\/payments\/"},"modified":"2025-11-20T12:28:24","modified_gmt":"2025-11-20T11:28:24","slug":"placanje","status":"publish","type":"page","link":"https:\/\/eliasocialclub.com\/sr\/placanje\/","title":{"rendered":"Pla\u0107anje"},"content":{"rendered":"<p><strong>Ponude i cene<\/strong><br \/>\nPonude i cene na na\u0161em sajtu se a\u017euriraju svakodnevno. Sve cene su prikazane u srpskim dinarima (RSD) i uklju\u010duju PDV. Prodavac zadr\u017eava pravo da menja cene, osim ako nije druga\u010dije navedeno (u slu\u010daju promocija i specijalnih popusta). Cene va\u017ee\u0107e u trenutku kreiranja porud\u017ebine ostaju va\u017ee\u0107e i nakon toga u relevantnom periodu. Navedene cene odnose se isklju\u010divo na kupovine u online prodavnici i mogu se razlikovati od cena u maloprodajnim objektima prodavca.<\/p>\n<p><strong>Metode pla\u0107anja<\/strong><br \/>\n<strong>Porud\u017ebinu mo\u017eete platiti pouze\u0107em ili platnom karticom<\/strong>.<\/p>\n<ul>\n<li>Pouze\u0107em zna\u010di da se pla\u0107anje vr\u0161i gotovinom prilikom preuzimanja paketa.<\/li>\n<li>Ako imate Visa, MasterCard ili Maestro karticu, mo\u017eete platiti porud\u017ebinu online. Nakon popunjavanja formulara za porud\u017ebinu, bi\u0107ete automatski preusmereni na sajt raiffeisenbank.rs, gde \u0107ete uneti podatke va\u0161e platne kartice. Ako je transakcija uspe\u0161na, bi\u0107ete vra\u0107eni na na\u0161 sajt sa potvrdom da je pla\u0107anje uspe\u0161no izvr\u0161eno. Ukoliko do\u0111e do problema sa transakcijom, bi\u0107ete vra\u0107eni na na\u0161 sajt sa obave\u0161tenjem o neuspe\u0161nom pla\u0107anju, nakon \u010dega mo\u017eete poku\u0161ati ponovo ili izabrati drugi na\u010din pla\u0107anja. Svi podaci su za\u0161ti\u0107eni i vidljivi samo procesoru kartica Raiffeisen Bank.<\/li>\n<\/ul>\n<p><strong>Za\u0161tita poverljivih podataka o transakciji<\/strong><br \/>\nPrilikom unosa podataka platne kartice, poverljive informacije se prenose preko javne mre\u017ee u kriptovanom obliku, koriste\u0107i SSL protokol i PKI sistem, koji predstavljaju najsavremenije dostupne kriptografske tehnologije.<\/p>\n<p>Sigurnost va\u0161ih podataka o pla\u0107anju garantuje procesor kartica, Raiffeisen Bank, a ceo proces pla\u0107anja se odvija na sigurnim stranicama banke. Va\u0161i podaci o platnoj kartici nisu dostupni na\u0161em sistemu u nijednom trenutku.<\/p>\n<p><strong>Izjava o konverziji valuta<\/strong><br \/>\nSva pla\u0107anja se obra\u0111uju u lokalnoj valuti Republike Srbije \u2013 srpski dinar (RSD). Za informativne svrhe, cene u drugim valutama prikazane su na osnovu zvani\u010dnog srednjeg kursa Narodne banke Srbije. Iznos koji \u0107e biti tere\u0107en sa va\u0161e platne kartice bi\u0107e konvertovan u va\u0161u lokalnu valutu po kursu koji koriste karti\u010dne organizacije, a koji nam nije poznat u trenutku transakcije. Zbog ove konverzije mo\u017ee do\u0107i do manjih razlika izme\u0111u originalne cene prikazane na sajtu i kona\u010dnog tere\u0107enog iznosa. Hvala na razumevanju.<\/p>\n","protected":false},"excerpt":{"rendered":"<p>Ponude i cene Ponude i cene na na\u0161em sajtu se a\u017euriraju svakodnevno. Sve cene su prikazane u srpskim dinarima (RSD) i uklju\u010duju PDV. Prodavac zadr\u017eava pravo da menja cene, osim ako nije druga\u010dije navedeno (u slu\u010daju promocija i specijalnih popusta). Cene va\u017ee\u0107e u trenutku kreiranja porud\u017ebine ostaju va\u017ee\u0107e i nakon toga u relevantnom periodu. Navedene [&hellip;]<\/p>\n","protected":false},"author":4,"featured_media":0,"parent":0,"menu_order":0,"comment_status":"closed","ping_status":"closed","template":"","meta":{"_acf_changed":false,"_seopress_robots_primary_cat":"","_seopress_titles_title":"","_seopress_titles_desc":"","_seopress_robots_index":"","footnotes":""},"class_list":["post-3570","page","type-page","status-publish","hentry"],"acf":[],"_links":{"self":[{"href":"https:\/\/eliasocialclub.com\/sr\/wp-json\/wp\/v2\/pages\/3570","targetHints":{"allow":["GET"]}}],"collection":[{"href":"https:\/\/eliasocialclub.com\/sr\/wp-json\/wp\/v2\/pages"}],"about":[{"href":"https:\/\/eliasocialclub.com\/sr\/wp-json\/wp\/v2\/types\/page"}],"author":[{"embeddable":true,"href":"https:\/\/eliasocialclub.com\/sr\/wp-json\/wp\/v2\/users\/4"}],"replies":[{"embeddable":true,"href":"https:\/\/eliasocialclub.com\/sr\/wp-json\/wp\/v2\/comments?post=3570"}],"version-history":[{"count":1,"href":"https:\/\/eliasocialclub.com\/sr\/wp-json\/wp\/v2\/pages\/3570\/revisions"}],"predecessor-version":[{"id":3572,"href":"https:\/\/eliasocialclub.com\/sr\/wp-json\/wp\/v2\/pages\/3570\/revisions\/3572"}],"wp:attachment":[{"href":"https:\/\/eliasocialclub.com\/sr\/wp-json\/wp\/v2\/media?parent=3570"}],"curies":[{"name":"wp","href":"https:\/\/api.w.org\/{rel}","templated":true}]}}