{"id":3563,"date":"2025-02-14T12:23:38","date_gmt":"2025-02-14T11:23:38","guid":{"rendered":"https:\/\/eliasocialclub.com\/how-to-roder\/"},"modified":"2025-11-20T12:27:07","modified_gmt":"2025-11-20T11:27:07","slug":"kako-naruciti","status":"publish","type":"page","link":"https:\/\/eliasocialclub.com\/sr\/kako-naruciti\/","title":{"rendered":"Kako naru\u010diti?"},"content":{"rendered":"<p><strong>Elia Athleisure doo Beograd \u2013 Savski Venac<\/strong> (u daljem tekstu: <strong>Elia Athleisure<\/strong>), sa sedi\u0161tem u Beogradu, op\u0161tina Savski Venac, Miloja Djaka 24b, PIB: 114870819, Mati\u010dni broj: 22082981, obavlja svoju delatnost prodajom proizvoda putem online prodavnice dostupne na eliasocialclub.com.<\/p>\n<p>Radno vreme korisni\u010dke slu\u017ebe je od <strong>9 do 17 \u010dasova radnim danima<\/strong>. Proizvodi naru\u010deni putem webshopa <strong>eliasocialclub.com<\/strong> \u0161alju se <strong>u roku od 48 sati<\/strong> od momenta prijema porud\u017ebine. U slu\u010daju velike potra\u017enje i ako artikl iz va\u0161e korpe nije dostupan zbog ograni\u010denih zaliha, bi\u0107ete obave\u0161teni putem email-a u roku od 48 sati.<\/p>\n<p>Ako porud\u017ebinu izvr\u0161ite pre 12 \u010dasova radnog dana, ona \u0107e biti poslata istog dana, a o\u010dekivani rok isporuke je dva do tri dana, izme\u0111u 9 i 17 \u010dasova. Za po\u0161iljke poslate petkom, isporuka \u0107e biti realizovana u ponedeljak ili utorak. Ako porud\u017ebinu izvr\u0161ite nakon 12 \u010dasova u petak, paket \u0107e biti poslat u ponedeljak ili utorak. Dostave vr\u0161i kurirska slu\u017eba <strong>City Express<\/strong>, a<strong> cena dostave iznosi 390 RSD<\/strong>. <strong>Dostave se vr\u0161e isklju\u010divo na teritoriji Republike Srbije<\/strong>.<\/p>\n<p>Kada va\u0161a porud\u017ebina bude spakovana i predana kurirskoj slu\u017ebi, dobi\u0107ete email obave\u0161tenje kojim se potvr\u0111uje da je paket poslat. Kurir dostavlja po\u0161iljke na navedenu adresu dan nakon preuzimanja, izme\u0111u 9 i 17 \u010dasova. Na dan dostave dobi\u0107ete obave\u0161tenje, a kurir \u0107e vas direktno kontaktirati.<\/p>\n<p>Kurir \u0107e poku\u0161ati da izvr\u0161i isporuku dva puta. Ako prvi poku\u0161aj ne uspe, kurir \u0107e vas pozvati na broj telefona koji ste naveli prilikom poru\u010divanja i dogovoriti novi termin isporuke. Ako drugi poku\u0161aj tako\u0111e ne uspe, paket \u0107e biti vra\u0107en Elia Athleisure doo, nakon \u010dega \u0107emo vas kontaktirati kako bismo utvrdili razlog povratka i dogovorili ponovnu isporuku. Tro\u0161kove ponovne isporuke snosi KUPAC koji vra\u0107a proizvode, osim ako su isporu\u010deni proizvodi o\u0161te\u0107eni ili neispravni. Ako kupac \u017eeli da vrati proizvode iz bilo kog drugog razloga, on snosi 100% tro\u0161kova dostave.<\/p>\n<p>Prilikom preuzimanja paketa, molimo vas da ga vizuelno pregledate radi eventualnih o\u0161te\u0107enja. Ako primetite da je kutija za dostavu zna\u010dajno o\u0161te\u0107ena i sumnjate da je proizvod o\u0161te\u0107en, odbacite prijem po\u0161iljke i odmah nas obavestite. Ako paket izgleda neo\u0161te\u0107eno, mo\u017eete prihvatiti dostavu i potpisati adresnu nalepnicu za kurira.<\/p>\n","protected":false},"excerpt":{"rendered":"<p>Elia Athleisure doo Beograd \u2013 Savski Venac (u daljem tekstu: Elia Athleisure), sa sedi\u0161tem u Beogradu, op\u0161tina Savski Venac, Miloja Djaka 24b, PIB: 114870819, Mati\u010dni broj: 22082981, obavlja svoju delatnost prodajom proizvoda putem online prodavnice dostupne na eliasocialclub.com. Radno vreme korisni\u010dke slu\u017ebe je od 9 do 17 \u010dasova radnim danima. Proizvodi naru\u010deni putem webshopa eliasocialclub.com [&hellip;]<\/p>\n","protected":false},"author":4,"featured_media":0,"parent":0,"menu_order":0,"comment_status":"closed","ping_status":"closed","template":"","meta":{"_acf_changed":false,"_seopress_robots_primary_cat":"","_seopress_titles_title":"","_seopress_titles_desc":"","_seopress_robots_index":"","footnotes":""},"class_list":["post-3563","page","type-page","status-publish","hentry"],"acf":[],"_links":{"self":[{"href":"https:\/\/eliasocialclub.com\/sr\/wp-json\/wp\/v2\/pages\/3563","targetHints":{"allow":["GET"]}}],"collection":[{"href":"https:\/\/eliasocialclub.com\/sr\/wp-json\/wp\/v2\/pages"}],"about":[{"href":"https:\/\/eliasocialclub.com\/sr\/wp-json\/wp\/v2\/types\/page"}],"author":[{"embeddable":true,"href":"https:\/\/eliasocialclub.com\/sr\/wp-json\/wp\/v2\/users\/4"}],"replies":[{"embeddable":true,"href":"https:\/\/eliasocialclub.com\/sr\/wp-json\/wp\/v2\/comments?post=3563"}],"version-history":[{"count":2,"href":"https:\/\/eliasocialclub.com\/sr\/wp-json\/wp\/v2\/pages\/3563\/revisions"}],"predecessor-version":[{"id":3568,"href":"https:\/\/eliasocialclub.com\/sr\/wp-json\/wp\/v2\/pages\/3563\/revisions\/3568"}],"wp:attachment":[{"href":"https:\/\/eliasocialclub.com\/sr\/wp-json\/wp\/v2\/media?parent=3563"}],"curies":[{"name":"wp","href":"https:\/\/api.w.org\/{rel}","templated":true}]}}